{"id":7065,"date":"2022-11-11T12:18:05","date_gmt":"2022-11-11T10:18:05","guid":{"rendered":"https:\/\/www.netz-barrierefrei.de\/wordpress\/?page_id=7065"},"modified":"2023-02-14T14:48:56","modified_gmt":"2023-02-14T12:48:56","slug":"barrierefreie-pdf-und-dokumente-mit-microsoft-office-das-praxis-buch","status":"publish","type":"page","link":"https:\/\/www.netz-barrierefrei.de\/wordpress\/barrierefreies-publizieren\/barrierefreie-pdfs\/barrierefreie-pdf-und-dokumente-mit-microsoft-office-das-praxis-buch\/","title":{"rendered":"Buch: Barrierefreie PDF-Dokumente &#8211; Projektmanagement, Qualit\u00e4tssicherung und Umsetzung mit Office"},"content":{"rendered":"<p><img loading=\"lazy\" decoding=\"async\" src=\"https:\/\/www.netz-barrierefrei.de\/wordpress\/wp-content\/uploads\/Barrierefreie_Dokumente_und_PDF.jpg\" alt=\"Cover des Buches Barrierefreie_Dokumente_und_PDF\" width=\"200\" height=\"350\" class=\"alignleft size-full wp-image-7101\" \/><\/p>\n<blockquote><p>PDF im Internet ist wie Webseiten ausdrucken.<\/p><\/blockquote>\n<p>PDF-Dokumente spielen im beruflichen Alltag eine gro\u00dfe Rolle. Wenn Sie eine \u00f6ffentliche Einrichtung sind oder behinderte Menschen besch\u00e4ftigen, m\u00fcssen Sie darauf achten, dass diese Dokumente barrierefrei sind. In diesem Buch beantworte ich die wichtigsten Fragen zum Thema barrierefreie PDF und Dokumente:<\/p>\n<ul>\n<li>Was hei\u00dft \u00fcberhaupt barrierefreie Dokumente und PDF? Welche gesetzlichen und technischen Vorgaben gibt es?<\/li>\n<li>Wie kann man Dokumente mit dem geringsten Aufwand barrierefrei gestalten?<\/li>\n<li>Welche M\u00f6glichkeiten gibt es in Microsoft Office und anderen Office-Paketen?<\/li>\n<\/ul>\n<p>Ben\u00f6tigen Sie einen <a href=\"https:\/\/www.silta.ai\/barrierefreie-dokumente\">Dienstleister zur erstellung barrierefreier PDF, fragen Sie gerne bei Silta an<\/a>, meinem erfahrenen Kooperationspartner. <\/p>\n<div id=\"ez-toc-container\" class=\"ez-toc-v2_0_82_2 counter-hierarchy ez-toc-counter ez-toc-white ez-toc-container-direction\">\n<div class=\"ez-toc-title-container\">\n<p class=\"ez-toc-title\" style=\"cursor:inherit\">Inhalt<\/p>\n<span class=\"ez-toc-title-toggle\"><a href=\"#\" class=\"ez-toc-pull-right ez-toc-btn ez-toc-btn-xs ez-toc-btn-default ez-toc-toggle\" aria-label=\"Toggle Table of Content\"><span class=\"ez-toc-js-icon-con\"><span class=\"\"><span class=\"eztoc-hide\" style=\"display:none;\">Toggle<\/span><span class=\"ez-toc-icon-toggle-span\"><svg style=\"fill: #999;color:#999\" xmlns=\"http:\/\/www.w3.org\/2000\/svg\" class=\"list-377408\" width=\"20px\" height=\"20px\" viewBox=\"0 0 24 24\" fill=\"none\"><path d=\"M6 6H4v2h2V6zm14 0H8v2h12V6zM4 11h2v2H4v-2zm16 0H8v2h12v-2zM4 16h2v2H4v-2zm16 0H8v2h12v-2z\" fill=\"currentColor\"><\/path><\/svg><svg style=\"fill: #999;color:#999\" class=\"arrow-unsorted-368013\" xmlns=\"http:\/\/www.w3.org\/2000\/svg\" width=\"10px\" height=\"10px\" viewBox=\"0 0 24 24\" version=\"1.2\" baseProfile=\"tiny\"><path d=\"M18.2 9.3l-6.2-6.3-6.2 6.3c-.2.2-.3.4-.3.7s.1.5.3.7c.2.2.4.3.7.3h11c.3 0 .5-.1.7-.3.2-.2.3-.5.3-.7s-.1-.5-.3-.7zM5.8 14.7l6.2 6.3 6.2-6.3c.2-.2.3-.5.3-.7s-.1-.5-.3-.7c-.2-.2-.4-.3-.7-.3h-11c-.3 0-.5.1-.7.3-.2.2-.3.5-.3.7s.1.5.3.7z\"\/><\/svg><\/span><\/span><\/span><\/a><\/span><\/div>\n<nav><ul class='ez-toc-list ez-toc-list-level-1 ' ><li class='ez-toc-page-1 ez-toc-heading-level-2'><a class=\"ez-toc-link ez-toc-heading-1\" href=\"https:\/\/www.netz-barrierefrei.de\/wordpress\/barrierefreies-publizieren\/barrierefreie-pdfs\/barrierefreie-pdf-und-dokumente-mit-microsoft-office-das-praxis-buch\/#Zielgruppe_des_Buches\" >Zielgruppe des Buches<\/a><\/li><li class='ez-toc-page-1 ez-toc-heading-level-2'><a class=\"ez-toc-link ez-toc-heading-2\" href=\"https:\/\/www.netz-barrierefrei.de\/wordpress\/barrierefreies-publizieren\/barrierefreie-pdfs\/barrierefreie-pdf-und-dokumente-mit-microsoft-office-das-praxis-buch\/#Links_zum_Buch\" >Links zum Buch<\/a><ul class='ez-toc-list-level-3' ><li class='ez-toc-heading-level-3'><a class=\"ez-toc-link ez-toc-heading-3\" href=\"https:\/\/www.netz-barrierefrei.de\/wordpress\/barrierefreies-publizieren\/barrierefreie-pdfs\/barrierefreie-pdf-und-dokumente-mit-microsoft-office-das-praxis-buch\/#Testanleitungen_fuer_barrierefreie_PDFs\" >Testanleitungen f\u00fcr barrierefreie PDFs<\/a><\/li><li class='ez-toc-page-1 ez-toc-heading-level-3'><a class=\"ez-toc-link ez-toc-heading-4\" href=\"https:\/\/www.netz-barrierefrei.de\/wordpress\/barrierefreies-publizieren\/barrierefreie-pdfs\/barrierefreie-pdf-und-dokumente-mit-microsoft-office-das-praxis-buch\/#Allgemeine_Tools_zu_barrierefreien_Publikationen\" >Allgemeine Tools zu barrierefreien Publikationen<\/a><\/li><li class='ez-toc-page-1 ez-toc-heading-level-3'><a class=\"ez-toc-link ez-toc-heading-5\" href=\"https:\/\/www.netz-barrierefrei.de\/wordpress\/barrierefreies-publizieren\/barrierefreie-pdfs\/barrierefreie-pdf-und-dokumente-mit-microsoft-office-das-praxis-buch\/#Anforderungsmanagement\" >Anforderungsmanagement<\/a><\/li><li class='ez-toc-page-1 ez-toc-heading-level-3'><a class=\"ez-toc-link ez-toc-heading-6\" href=\"https:\/\/www.netz-barrierefrei.de\/wordpress\/barrierefreies-publizieren\/barrierefreie-pdfs\/barrierefreie-pdf-und-dokumente-mit-microsoft-office-das-praxis-buch\/#Inhaltliche_und_gestalterische_Aspekte\" >Inhaltliche und gestalterische Aspekte<\/a><\/li><li class='ez-toc-page-1 ez-toc-heading-level-3'><a class=\"ez-toc-link ez-toc-heading-7\" href=\"https:\/\/www.netz-barrierefrei.de\/wordpress\/barrierefreies-publizieren\/barrierefreie-pdfs\/barrierefreie-pdf-und-dokumente-mit-microsoft-office-das-praxis-buch\/#Testtools\" >Testtools<\/a><\/li><li class='ez-toc-page-1 ez-toc-heading-level-3'><a class=\"ez-toc-link ez-toc-heading-8\" href=\"https:\/\/www.netz-barrierefrei.de\/wordpress\/barrierefreies-publizieren\/barrierefreie-pdfs\/barrierefreie-pdf-und-dokumente-mit-microsoft-office-das-praxis-buch\/#Technische_Infos\" >Technische Infos<\/a><\/li><\/ul><\/li><li class='ez-toc-page-1 ez-toc-heading-level-2'><a class=\"ez-toc-link ez-toc-heading-9\" href=\"https:\/\/www.netz-barrierefrei.de\/wordpress\/barrierefreies-publizieren\/barrierefreie-pdfs\/barrierefreie-pdf-und-dokumente-mit-microsoft-office-das-praxis-buch\/#Unsere_Schulungen_zu_barrierefreien_PDF_und_Dokumenten\" >Unsere Schulungen zu barrierefreien PDF und Dokumenten<\/a><\/li><\/ul><\/nav><\/div>\n<h2><span class=\"ez-toc-section\" id=\"Zielgruppe_des_Buches\"><\/span>Zielgruppe des Buches<span class=\"ez-toc-section-end\"><\/span><\/h2>\n<p>Dieses Buch wendet sich nicht an Expert:Innen aus dem Desktop Publisching, sondern an Personen, die im Alltag Dokumente mit den verschiedensten Programmen barrierefrei gestalten wollen. Nach meiner Einsch\u00e4tzung ist der Umgang mit komplexen Programmen (Acrobat Professional oder InDesign) f\u00fcr die Durchschnitts-Nutzer:Innen nicht machbar und auch \u00fcberfl\u00fcssig. Die hochpreisigen Erweiterungen wie axesPDF sind teuer und bringen tats\u00e4chlich so gut wie keine Vorteile. Ich wende mich gegen den meines Erachtens \u00fcberfl\u00fcssigen Trend der Mikro-Optimierung, weil das kaum Vorteile bringt, aber die Frustration auf Seiten derjenigen, die es umsetzen m\u00fcssen immer gr\u00f6\u00dfer macht und die Kosten ins Unendliche steigert. Anders als bei Webseiten &#8211; ein klares Thema f\u00fcr Profis &#8211; geh\u00f6rt die Erstellung von Dokumenten zu unserem Alltag und es sollte nicht wesentlich komplizierter sein als ein normales Dokument zu erstellen. Das ist es aktuell nicht.<br \/>\nIn diesem Buch erfahren Sie, was Barrierefreiheit f\u00fcr Dokumente bedeutet, wie Sie den Workflow optimieren und den Workload reduzieren und damit auch Kosten, Zeit und Nerven sparen k\u00f6nnen.<br \/>\nHinweis f\u00fcr behinderte Leser:Innen: Leider war es nicht m\u00f6glich, die elektronische Version des Buches barrierefrei zu gestalten. Wenn Sie Schwierigkeiten haben, senden Sie mir gerne den Kaufbeleg, dann erhalten Sie eine Word-Version des Manuskriptes.<br \/>\nAutor: Domingos de Oliveira<br \/>\nTitel: BARRIEREFREIE DOKUMENTE UND PDF: Projektmanagement, Gestaltung und Umsetzung in Office<br \/>\nISBN 3756233588<br \/>\nVerlag: Books on demand 2022<br \/>\nPreis: 25 \u20ac<br \/>\nerh\u00e4ltlich bei Books on Demand und Online-Buchh\u00e4ndlern<\/p>\n<h2><span class=\"ez-toc-section\" id=\"Links_zum_Buch\"><\/span>Links zum Buch<span class=\"ez-toc-section-end\"><\/span><\/h2>\n<p>Aus praktischen Gr\u00fcnden habe ich die Linkliste zum Buch nur digital zur Verf\u00fcgung gestellt. Dies ist eine Erg\u00e4nzung zum Buch und erhebt keinen Anspruch darauf, vollst\u00e4ndig zu sein. <\/p>\n<h3><span class=\"ez-toc-section\" id=\"Testanleitungen_fuer_barrierefreie_PDFs\"><\/span>Testanleitungen f\u00fcr barrierefreie PDFs<span class=\"ez-toc-section-end\"><\/span><\/h3>\n<ul>\n<li><a href=\"https:\/\/www.netz-barrierefrei.de\/wordpress\/barrierefreies-publizieren\/barrierefreie-pdfs\/pdfs-auf-barrierefreiheit-pruefen\/\">Meine Anleitung: PDFs auf Barrierefreiheit pr\u00fcfen<\/a><\/li>\n<li><a href=\"https:\/\/biti-wiki.de\/index.php?title=PDF-Pr%C3%BCfverfahren\">BITI-Pr\u00fcfverfahren<\/a><\/li>\n<\/ul>\n<h3><span class=\"ez-toc-section\" id=\"Allgemeine_Tools_zu_barrierefreien_Publikationen\"><\/span>Allgemeine Tools zu barrierefreien Publikationen<span class=\"ez-toc-section-end\"><\/span><\/h3>\n<ul>\n<li>Colour Contrast Analyser &#8211; kostenloses Tool<\/li>\n<li><a href=\"https:\/\/leserlich.info\/\">leserlich.info &#8211; Guide f\u00fcr barrierefreie Publikationen mit Schriftgr\u00f6\u00dfen- und Kontrastrechner<\/a><\/li>\n<\/ul>\n<h3><span class=\"ez-toc-section\" id=\"Anforderungsmanagement\"><\/span>Anforderungsmanagement<span class=\"ez-toc-section-end\"><\/span><\/h3>\n<ul>\n<li><a href=\"https:\/\/www.netz-barrierefrei.de\/wordpress\/barrierefreies-publizieren\/barrierefreie-pdfs\/checkliste-was-ist-ein-barrierefreies-pdf\/\">Checkliste: Was ist ein barrierefreies PDF?<\/a><\/li>\n<li>Anforderungen des Schweizer Bundes an barrierefreie PDFs<\/li>\n<\/ul>\n<h3><span class=\"ez-toc-section\" id=\"Inhaltliche_und_gestalterische_Aspekte\"><\/span>Inhaltliche und gestalterische Aspekte<span class=\"ez-toc-section-end\"><\/span><\/h3>\n<ul>\n<li><a href=\"https:\/\/www.netz-barrierefrei.de\/wordpress\/leitfaden-zum-schreiben-guter-alternativtexte\/\">Alternativtexte schreiben<\/a><\/li>\n<li><a href=\"https:\/\/www.netz-barrierefrei.de\/wordpress\/barrierefreies-internet\/barrierefreie-redaktion\/grafiken-und-bilder\/bilder-und-grafiken-fuer-sehbehinderte-optimieren\/\">Visualisierungen und Diagramme f\u00fcr Sehbehinderte optimieren<\/a><\/li>\n<li><a href=\"https:\/\/www.netz-barrierefrei.de\/wordpress\/visuelle-text-gestaltung\/\">Barrierefreie Typografie<\/a><\/li>\n<\/ul>\n<p><h\u00b43>Tools zur Erstellung und Optimierung barrierefreier PDFs &#8211;<\/h3>\n<ul>\n<li><a href=\"https:\/\/pave-pdf.org\/\">PAVE &#8211; kostenloses Online-Tool<\/a><\/li>\n<li>Kofax, ehemals Nuance Power PDF<\/li>\n<li>Foxit Kompressor &#8211; automatisches Taggen von eingescannten Dokumenten<\/li>\n<li>CommonLook  &#8211; Erweiterung f\u00fcr Office\/Adobe<\/li>\n<\/ul>\n<h3><span class=\"ez-toc-section\" id=\"Testtools\"><\/span>Testtools<span class=\"ez-toc-section-end\"><\/span><\/h3>\n<ul>\n<li>CommonLook PDF Validator &#8211; Erweiterung f\u00fcr Acrobat PRO<\/li>\n<li><a href=\"https:\/\/callassoftware.com\/de\/products\/pdfgohtml\/\">Callas PDFgoHTML &#8211; Erweiterung f\u00fcr Acrobat Pro<\/a><\/li>\n<li>Tingtun Checker &#8211; Online-Test f\u00fcr barrierefreie PDFs<\/li>\n<li>Callas pdfaPilot 6 &#8211; kostenlose Validierung auf PDF UA<\/li>\n<li>PDF Accessibility Checker 2021<\/li>\n<\/ul>\n<h3><span class=\"ez-toc-section\" id=\"Technische_Infos\"><\/span>Technische Infos<span class=\"ez-toc-section-end\"><\/span><\/h3>\n<ul>\n<li><a href=\"https:\/\/pdfa.org\/resource\/tagged-pdf-best-practice-guide-syntax\/\">Tagged PDF Best Practice Guide<\/a><\/a><\/li>\n<li><a href=\"https:\/\/www.w3.org\/TR\/WCAG-TECHS\/pdf.html\">PDF Techniques for WCAG 2.0 der WAI<\/a><\/li>\n<li><a href=\"https:\/\/pdfa.org\/infographics-pdfua-and-wcag-2-0\/\">Achieving WCAG 2.0 with PDF\/UA<\/a><\/li>\n<\/li>\n<li><a href=\"https:\/\/pdfa.org\/infographics-pdfua-and-wcag-2-0\/\">Infographics: PDF\/UA and WCAG 2.0<\/a><\/li>\n<\/ul>\n<h2><span class=\"ez-toc-section\" id=\"Unsere_Schulungen_zu_barrierefreien_PDF_und_Dokumenten\"><\/span>Unsere Schulungen zu barrierefreien PDF und Dokumenten<span class=\"ez-toc-section-end\"><\/span><\/h2>\n<p>Nat\u00fcrlich bieten wir auch Schulungen zu diesen Themen an. Hier finden Sie Beschreibungen und Termine f\u00fcr die offenen Barrierefreiheits-Workshops. <\/p>\n<ul>\n<li><a href=\"https:\/\/www.silta.ai\/barrierefreie-dokumente-mit-word\">Barrierefreie PDFs mit Word und PowerPoint<\/a><\/li>\n<li><a href=\"https:\/\/www.silta.ai\/barrierefreie-pdf-in-adobe-acrobat\"> Barrierefreie PDFs mit Adobe Acrobat<\/a><\/li>\n<li><a href=\"https:\/\/www.silta.ai\/barrierefreie-pdf-mit-indesign\">Barrierefreie PDF mit InDesign erstellen<\/a><\/li>\n<\/ul>\n","protected":false},"excerpt":{"rendered":"<p>PDF im Internet ist wie Webseiten ausdrucken. PDF-Dokumente spielen im beruflichen Alltag eine gro\u00dfe Rolle. Wenn Sie eine \u00f6ffentliche Einrichtung sind oder behinderte Menschen besch\u00e4ftigen,&#8230;<\/p>\n<div class=\"more-link-wrapper\"><a class=\"more-link\" href=\"https:\/\/www.netz-barrierefrei.de\/wordpress\/barrierefreies-publizieren\/barrierefreie-pdfs\/barrierefreie-pdf-und-dokumente-mit-microsoft-office-das-praxis-buch\/\">Weiterlesen<span class=\"screen-reader-text\">Buch: Barrierefreie PDF-Dokumente &#8211; Projektmanagement, Qualit\u00e4tssicherung und Umsetzung mit Office<\/span><\/a><\/div>\n","protected":false},"author":1,"featured_media":0,"parent":459,"menu_order":0,"comment_status":"closed","ping_status":"closed","template":"","meta":{"footnotes":""},"class_list":["post-7065","page","type-page","status-publish","hentry","entry"],"_links":{"self":[{"href":"https:\/\/www.netz-barrierefrei.de\/wordpress\/wp-json\/wp\/v2\/pages\/7065","targetHints":{"allow":["GET"]}}],"collection":[{"href":"https:\/\/www.netz-barrierefrei.de\/wordpress\/wp-json\/wp\/v2\/pages"}],"about":[{"href":"https:\/\/www.netz-barrierefrei.de\/wordpress\/wp-json\/wp\/v2\/types\/page"}],"author":[{"embeddable":true,"href":"https:\/\/www.netz-barrierefrei.de\/wordpress\/wp-json\/wp\/v2\/users\/1"}],"replies":[{"embeddable":true,"href":"https:\/\/www.netz-barrierefrei.de\/wordpress\/wp-json\/wp\/v2\/comments?post=7065"}],"version-history":[{"count":33,"href":"https:\/\/www.netz-barrierefrei.de\/wordpress\/wp-json\/wp\/v2\/pages\/7065\/revisions"}],"predecessor-version":[{"id":7067,"href":"https:\/\/www.netz-barrierefrei.de\/wordpress\/wp-json\/wp\/v2\/pages\/7065\/revisions\/7067"}],"up":[{"embeddable":true,"href":"https:\/\/www.netz-barrierefrei.de\/wordpress\/wp-json\/wp\/v2\/pages\/459"}],"wp:attachment":[{"href":"https:\/\/www.netz-barrierefrei.de\/wordpress\/wp-json\/wp\/v2\/media?parent=7065"}],"curies":[{"name":"wp","href":"https:\/\/api.w.org\/{rel}","templated":true}]}}