{"id":716,"date":"2018-03-22T18:16:22","date_gmt":"2018-03-22T16:16:22","guid":{"rendered":"http:\/\/www.netz-barrierefrei.de\/wordpress\/?page_id=716"},"modified":"2020-09-26T12:52:46","modified_gmt":"2020-09-26T10:52:46","slug":"usability","status":"publish","type":"page","link":"https:\/\/www.netz-barrierefrei.de\/wordpress\/hilfstechnik-und-mensch-maschine-interaktion\/usability-2\/usability\/","title":{"rendered":"Subjektivit\u00e4t und Motivation in der Usability"},"content":{"rendered":"<p>Spontan m\u00f6chte man annehmen, dass die benutzerfreundlichste L\u00f6sung sich am Ende durchsetzt. das ist aber nicht immer so. In Wirklichkeit gibt es sehr viele Gr\u00fcnde, warum die Benutzerfreundlichkeit nicht konsequenter umgesetzt wird oder sich nicht durchsetzt.<br \/>\nUsability liegt oft im Auge des Betrachters, wie Jens Jacobsen es am Beispiel der Kommandozeile beschreibt: <\/p>\n<blockquote><p>Damit lassen sich in der Tat manche Aktionen sehr schnell durchf\u00fchren, schneller als es mit grafischen Oberfl\u00e4chen m\u00f6glich ist. Aber nicht zu vernachl\u00e4ssigen ist, dass dieses K\u00f6nnen eine Auszeichnung ist und man sich damit von anderen abheben kann. Ist die H\u00fcrde zum Erlernen eines Systems hoch, kann das dazu f\u00fchren, dass derjenige, der diese H\u00fcrde genommen hat, an dem System festh\u00e4lt. Dabei spielt das mit, was Psychologen \u201eKognitive Dissonanz\u201c nennen. Vereinfacht gesagt denken wir: \u201eWas mich so viel M\u00fche gekostet hat, muss gut sein!\u201c \u2013 obwohl ihnen klar war, dass sie schwieriger zu bedienen sind. zitiert aus Jens Jacobsen. Website-Konzeption. Erfolgreiche Websites planen und umsetzen. Addison Wesley 2007, Seite 230<\/p><\/blockquote>\n<p>Viele der Ideen zu diesem Beitrag habe ich aus dem zitierten Beitrag von Jacobsen entnommen. Es gibt eine Reihe von ineinander greifenden Faktoren, die Usability verhindern k\u00f6nnen: <\/p>\n<ol>\n<li>Man ist gewohnt, mit einem bestimmten System zu arbeiten. Das ist ein Grund f\u00fcr das Scheitern von Windows Vista, das vom Aufbau her vollkommen anders ist als Windows XP. Einige Leute werden noch im Jahr 2020 Windows XP verwenden, <span class=\"removed_link\" title=\"http:\/\/www.netzpolitik.org\/2011\/interne-dokumente-des-auswartigen-amtes-zur-anderung-der-open-source-strategie\/\">Die Pirouetten des Bundesau\u00dfenministeriums<\/span> von Linux zu Windows XP zu Windows 7 braucht man wohl nicht weiter zu kommentieren. <\/li>\n<li>Ein h\u00e4ufiges Argument ist, das eine bestehende L\u00f6sung funktioniert. In bestimmten Bereichen verwendet man seit Jahrzehnten die Programmiersprache Cobol, obwohl es moderne Sprachen gibt, mit denen sich leichter entwickeln l\u00e4sst. Es sind aber auch vor allem die alteingesessenen Mitarbeiter, welche die Einf\u00fchrung neuer Systeme verhindern, weil sie die alten beherrschen. Das sind die gleichen Leute, die Faxe statt E-Mails schicken oder sich E-Mails von der Assistentin ausdrucken lassen. <\/li>\n<li>Man erlangt einen Expertenstatus. Wenn man der einzige Lokalhero ist, der das komplexe System bedienen kann, ist man der Guru. Wenn ein neues System eingef\u00fchrt wird und auf einmal alle auf dem gleichen Stand sind b\u00fc\u00dft man seinen Status sehr bald ein. <\/li>\n<li>Benutzerfreundlichkeit ist nicht unbedingt zielf\u00fchrend: Nehmen wir die WYSIWYG-Editoren im Webdesign. Auf den ersten Blick sind sie praktisch. Wer aber den Code sp\u00e4ter \u00e4ndern m\u00f6chte erlebt einen Alptraum aus schlechtem Quellcode. Frontpage ist legend\u00e4r f\u00fcr seinen schlechten HTML-Code. Dreamweaver hatte in der letzten Macromedia-Version eine wirklich grausame CSS-Implementierung. Wer seinen Code liebt, benutzt einen HTML-Editor oder einen einfachen Texteditor. <\/li>\n<li>Die Kostenfrage: Wer vor ein paar Jahren 100.000 Euro f\u00fcr ein Redaktionssystem ausgegeben hat, wird heute nicht auf bessere und g\u00fcnstigere Open-Source-L\u00f6sungen setzen. Diese Systeme sind zumindest f\u00fcr Redakteure wesentlich benutzerfreundlicher als alles, was ich bisher an kommerziellen Redaktionssystemen gesehen habe. Die Agenturen haben sich hier eine Goldgrube geschaffen, denn sie sind h\u00e4ufig die einzigen, die ihre Systeme warten, patchen und weiter entwickeln k\u00f6nnen und das sichert einen st\u00e4ndigen und zuverl\u00e4ssigen Geldfluss.<\/li>\n<\/ol>\n<div id=\"ez-toc-container\" class=\"ez-toc-v2_0_82_2 counter-hierarchy ez-toc-counter ez-toc-white ez-toc-container-direction\">\n<div class=\"ez-toc-title-container\">\n<p class=\"ez-toc-title\" style=\"cursor:inherit\">Inhalt<\/p>\n<span class=\"ez-toc-title-toggle\"><a href=\"#\" class=\"ez-toc-pull-right ez-toc-btn ez-toc-btn-xs ez-toc-btn-default ez-toc-toggle\" aria-label=\"Toggle Table of Content\"><span class=\"ez-toc-js-icon-con\"><span class=\"\"><span class=\"eztoc-hide\" style=\"display:none;\">Toggle<\/span><span class=\"ez-toc-icon-toggle-span\"><svg style=\"fill: #999;color:#999\" xmlns=\"http:\/\/www.w3.org\/2000\/svg\" class=\"list-377408\" width=\"20px\" height=\"20px\" viewBox=\"0 0 24 24\" fill=\"none\"><path d=\"M6 6H4v2h2V6zm14 0H8v2h12V6zM4 11h2v2H4v-2zm16 0H8v2h12v-2zM4 16h2v2H4v-2zm16 0H8v2h12v-2z\" fill=\"currentColor\"><\/path><\/svg><svg style=\"fill: #999;color:#999\" class=\"arrow-unsorted-368013\" xmlns=\"http:\/\/www.w3.org\/2000\/svg\" width=\"10px\" height=\"10px\" viewBox=\"0 0 24 24\" version=\"1.2\" baseProfile=\"tiny\"><path d=\"M18.2 9.3l-6.2-6.3-6.2 6.3c-.2.2-.3.4-.3.7s.1.5.3.7c.2.2.4.3.7.3h11c.3 0 .5-.1.7-.3.2-.2.3-.5.3-.7s-.1-.5-.3-.7zM5.8 14.7l6.2 6.3 6.2-6.3c.2-.2.3-.5.3-.7s-.1-.5-.3-.7c-.2-.2-.4-.3-.7-.3h-11c-.3 0-.5.1-.7.3-.2.2-.3.5-.3.7s.1.5.3.7z\"\/><\/svg><\/span><\/span><\/span><\/a><\/span><\/div>\n<nav><ul class='ez-toc-list ez-toc-list-level-1 ' ><ul class='ez-toc-list-level-4' ><li class='ez-toc-heading-level-4'><ul class='ez-toc-list-level-4' ><li class='ez-toc-heading-level-4'><a class=\"ez-toc-link ez-toc-heading-1\" href=\"https:\/\/www.netz-barrierefrei.de\/wordpress\/hilfstechnik-und-mensch-maschine-interaktion\/usability-2\/usability\/#Einsteiger_und_Umsteiger\" >Einsteiger und Umsteiger<\/a><\/li><li class='ez-toc-page-1 ez-toc-heading-level-4'><a class=\"ez-toc-link ez-toc-heading-2\" href=\"https:\/\/www.netz-barrierefrei.de\/wordpress\/hilfstechnik-und-mensch-maschine-interaktion\/usability-2\/usability\/#Fazit\" >Fazit<\/a><\/li><\/ul><\/li><\/ul><\/li><li class='ez-toc-page-1 ez-toc-heading-level-2'><a class=\"ez-toc-link ez-toc-heading-3\" href=\"https:\/\/www.netz-barrierefrei.de\/wordpress\/hilfstechnik-und-mensch-maschine-interaktion\/usability-2\/usability\/#Weiterlesen\" >Weiterlesen<\/a><\/li><\/ul><\/nav><\/div>\n<h4><span class=\"ez-toc-section\" id=\"Einsteiger_und_Umsteiger\"><\/span>Einsteiger und Umsteiger<span class=\"ez-toc-section-end\"><\/span><\/h4>\n<p>Manchmal h\u00e4ngt es auch nur am Clash der Generationen. Man hat es immer schon so gemacht, deswegen machen wir es so weiter. Das Beispiel Office 2007 kann da gen\u00fcgen. Niemand wei\u00df wirklich, ob die alte Struktur, basierend auf Textmen\u00fcs und Icon-Leisten benutzerfreundlicher war als die Ribbon-Struktur.<br \/>\n<span class=\"removed_link\" title=\"http:\/\/www.oliveira-online.net\/wordpress\/wp-content\/word.jpg\"><\/span><br \/>\nM\u00f6glicherweise sind die Ribbons f\u00fcr Einsteiger einfacher als die Men\u00fcs, Microsoft wird vermutlich bei einem so wichtigen Produkt nicht irgendwas ohne User-Tests auf den Markt werfen. Wahrscheinlich.<br \/>\nDennoch werden viele murrend auf die Ribbons umsteigen, sobald die alten Office-Versionen unter den neuen Windows-Versionen nicht mehr laufen. Und das obwohl mit LibreOffice eine leistungsf\u00e4hige Alternative bereit steht. Der Umstieg von den Men\u00fcs von MS Office auf LibreOffice-Men\u00fcs d\u00fcrfte einfacher sein als der Wechsel von Men\u00fcstruktur auf Ribbons. Das wird aber nicht passieren.<br \/>\nDas Gleiche gilt dann auch im Vergleich Linux vs. Windows vs. Mac. Der gro\u00dfe Vorteil von Windows besteht darin, dass viele professionelle Programme daf\u00fcr entwickelt wurden und viele Computerspiele existieren nur als Windows-Versionen. Abgesehen davon lassen sich alle Standardaufgaben, welche die meisten Nutzer erledigen m\u00fcssen ebenso gut mit Ubuntu oder Knoppix erledigen. Ich hatte in <span class=\"removed_link\" title=\"http:\/\/www.oliveira-online.net\/wordpress\/index.php\/2010\/02\/10\/warum-der-staat-auf-open-source-setzen-sollte\/\">einem anderen Posting<\/span> den Denkfehler betrachtet, dass der gro\u00dfe Vorteil von Linux-Systemen nicht darin besteht, dass Lizenzgeb\u00fchren gespart werden, was auf lange Sicht hin stimmen mag. Ihr Vorteil liegt darin, dass die Systeme und Formate offen sind. W\u00e4hrend man Microsoft-Dateiformate oft nach ein paar Jahren mit Microsoft-Produkten nicht mehr lesen kann, d\u00fcrfte das Risiko bei Linux-Dateiformaten vergleichwweise gering sein. Das Open Document Format von LibreOffice basiert auf XML, welches mit jedem Texteditor, also auch mit einem 20 Jahre alten Computer gelesen werden kann. <\/p>\n<h4><span class=\"ez-toc-section\" id=\"Fazit\"><\/span>Fazit<span class=\"ez-toc-section-end\"><\/span><\/h4>\n<p>Usability ist oft nicht der entscheidende Faktor, ob ein bestimmtes Programm oder eine Website genutzt wird. Der wichtigste Faktor \u00fcberhaupt scheint die Motivation zu sein. Viele Computerspiele zum Beispiel sind vom Lernaufwand relativ hoch. Fr\u00fcher hatte ich das Strategiespiel Civilisation von Sid Meier gespielt. Das Spielkonzept ist an sich recht kompliziert, wird aber w\u00e4hrend des Spielverlaufs quasi nebenbei erlernt. Um dieses Spiel zu beherrschen muss man durchaus einige Stunden investieren, aber die Motivation speist sich aus Spannung und Unterhaltung im Spiel. Ob ich so viel Zeit mit einem Programm verwenden w\u00fcrde, dass ich nicht unbedingt lernen muss?<br \/>\nAuch andere Anwendungen sind komplex. Facebook erfordert einen gewissen Lernaufwand, vor allem wenn man die Sicherheitseinstellungen ver\u00e4ndern m\u00f6chte.<br \/>\nDer Unterschied liegt hier klar in der Motivation. Da ich Spiel und Spa\u00df haben m\u00f6chte, merke ich quasi gar nicht, wie ich in einen Lernprozess einsteige.<br \/>\nNat\u00fcrlich sollte man es vermeiden, den User in einen bewussten Lernprozess zu zwingen. Wer nicht bereit ist zu lernen, wird mit den meisten aktuellen Webanwendungen nicht zurecht kommen. Diese Mischung aus Subjektivit\u00e4t und Motivation wird untersch\u00e4tzt, wenn neue Programme eingef\u00fchrt werden. Sie muss strategisch mit eingeplant werden, wenn die Einf\u00fchrung nicht scheitern soll. <\/p>\n<h2><span class=\"ez-toc-section\" id=\"Weiterlesen\"><\/span>Weiterlesen<span class=\"ez-toc-section-end\"><\/span><\/h2>\n<ul>\n<li><a href=\"https:\/\/www.netz-barrierefrei.de\/wordpress\/hilfstechnik-und-mensch-maschine-interaktion\/usability-2\/usability-test-vorbereiten\/\">Vorbereiten von Usability-Tests<\/a><\/li>\n<li><a href=\"https:\/\/www.netz-barrierefrei.de\/wordpress\/hilfstechnik-und-mensch-maschine-interaktion\/usability-2\/usability-mit-behinderten-testen\/\">Menschen mit Behinderung im Usability-Test<\/a><\/li>\n<\/ul>\n","protected":false},"excerpt":{"rendered":"<p>Spontan m\u00f6chte man annehmen, dass die benutzerfreundlichste L\u00f6sung sich am Ende durchsetzt. das ist aber nicht immer so. In Wirklichkeit gibt es sehr viele Gr\u00fcnde,&#8230;<\/p>\n<div class=\"more-link-wrapper\"><a class=\"more-link\" href=\"https:\/\/www.netz-barrierefrei.de\/wordpress\/hilfstechnik-und-mensch-maschine-interaktion\/usability-2\/usability\/\">Weiterlesen<span class=\"screen-reader-text\">Subjektivit\u00e4t und Motivation in der Usability<\/span><\/a><\/div>\n","protected":false},"author":1,"featured_media":0,"parent":720,"menu_order":0,"comment_status":"closed","ping_status":"closed","template":"","meta":{"footnotes":""},"class_list":["post-716","page","type-page","status-publish","hentry","entry"],"_links":{"self":[{"href":"https:\/\/www.netz-barrierefrei.de\/wordpress\/wp-json\/wp\/v2\/pages\/716","targetHints":{"allow":["GET"]}}],"collection":[{"href":"https:\/\/www.netz-barrierefrei.de\/wordpress\/wp-json\/wp\/v2\/pages"}],"about":[{"href":"https:\/\/www.netz-barrierefrei.de\/wordpress\/wp-json\/wp\/v2\/types\/page"}],"author":[{"embeddable":true,"href":"https:\/\/www.netz-barrierefrei.de\/wordpress\/wp-json\/wp\/v2\/users\/1"}],"replies":[{"embeddable":true,"href":"https:\/\/www.netz-barrierefrei.de\/wordpress\/wp-json\/wp\/v2\/comments?post=716"}],"version-history":[{"count":20,"href":"https:\/\/www.netz-barrierefrei.de\/wordpress\/wp-json\/wp\/v2\/pages\/716\/revisions"}],"predecessor-version":[{"id":4743,"href":"https:\/\/www.netz-barrierefrei.de\/wordpress\/wp-json\/wp\/v2\/pages\/716\/revisions\/4743"}],"up":[{"embeddable":true,"href":"https:\/\/www.netz-barrierefrei.de\/wordpress\/wp-json\/wp\/v2\/pages\/720"}],"wp:attachment":[{"href":"https:\/\/www.netz-barrierefrei.de\/wordpress\/wp-json\/wp\/v2\/media?parent=716"}],"curies":[{"name":"wp","href":"https:\/\/api.w.org\/{rel}","templated":true}]}}