{"id":738,"date":"2018-03-22T18:26:50","date_gmt":"2018-03-22T16:26:50","guid":{"rendered":"http:\/\/www.netz-barrierefrei.de\/wordpress\/?page_id=738"},"modified":"2018-03-22T18:26:50","modified_gmt":"2018-03-22T16:26:50","slug":"vorteile-einer-stift-eingabe","status":"publish","type":"page","link":"https:\/\/www.netz-barrierefrei.de\/wordpress\/hilfstechnik-und-mensch-maschine-interaktion\/jenseits-von-maus-und-tastatur\/vorteile-einer-stift-eingabe\/","title":{"rendered":"Vorteile einer Stift-Eingabe"},"content":{"rendered":"<p>Viele Behinderte verwenden Smartphones und Tablets. Doch vor allem f\u00fcr Sehbehinderte, Blinde sowie motorisch Behinderte gibt es Schw\u00e4chen. So ist es Grobmotoriker oft schwierig, Texte einzutippen. Blinde brauchen doppelt so lange beim Eintippen von Text wie Sehende, weil sie zun\u00e4chst den richtigen Buchstaben fokussieren und ihn dann antippen m\u00fcssen. Sehbehinderte k\u00f6nnen die Buchstaben nicht korrekt fokussieren. <\/p>\n<p>Eine Alternative kann die gute alte Stifteingabe sein, wie sie bei Touch-Displays \u00e4lteren Datums zum Einsatz kommt. So k\u00f6nnen Sehbehinderte einfach per Handschrift auf dem Display schreiben wie auf einem Notizblock, wobei der Text automatisch umgewandelt wird. Motorisch Behinderte tippen die Symbole mit dem Stift an. <\/p>\n<p>Blinde profitieren davon, dass der Stift schon erkannt wird, wenn er sich dem Display n\u00e4hert. Wenn er von der Hilfssoftware unterst\u00fctzt wird w\u00fcrde es also schon ausreichen, wenn der Stift \u00fcber dem Display schwebt, wobei das vom Stift fokussierte Element angesagt wird. Wenn der Stift auf das Display tippt, wird das korrekte Element angesagt bzw. der korrekte Buchstabe eingegeben. Das klingt langwierig, w\u00fcrde aber ein enormes Zeitersparnis bringen. Die Eingabe w\u00fcrde gegen\u00fcber der heutigen Eingabeform viel Zeit sparen. <\/p>\n","protected":false},"excerpt":{"rendered":"<p>Viele Behinderte verwenden Smartphones und Tablets. Doch vor allem f\u00fcr Sehbehinderte, Blinde sowie motorisch Behinderte gibt es Schw\u00e4chen. So ist es Grobmotoriker oft schwierig, Texte&#8230;<\/p>\n<div class=\"more-link-wrapper\"><a class=\"more-link\" href=\"https:\/\/www.netz-barrierefrei.de\/wordpress\/hilfstechnik-und-mensch-maschine-interaktion\/jenseits-von-maus-und-tastatur\/vorteile-einer-stift-eingabe\/\">Weiterlesen<span class=\"screen-reader-text\">Vorteile einer Stift-Eingabe<\/span><\/a><\/div>\n","protected":false},"author":1,"featured_media":0,"parent":702,"menu_order":0,"comment_status":"closed","ping_status":"closed","template":"","meta":{"footnotes":""},"class_list":["post-738","page","type-page","status-publish","hentry","entry"],"_links":{"self":[{"href":"https:\/\/www.netz-barrierefrei.de\/wordpress\/wp-json\/wp\/v2\/pages\/738","targetHints":{"allow":["GET"]}}],"collection":[{"href":"https:\/\/www.netz-barrierefrei.de\/wordpress\/wp-json\/wp\/v2\/pages"}],"about":[{"href":"https:\/\/www.netz-barrierefrei.de\/wordpress\/wp-json\/wp\/v2\/types\/page"}],"author":[{"embeddable":true,"href":"https:\/\/www.netz-barrierefrei.de\/wordpress\/wp-json\/wp\/v2\/users\/1"}],"replies":[{"embeddable":true,"href":"https:\/\/www.netz-barrierefrei.de\/wordpress\/wp-json\/wp\/v2\/comments?post=738"}],"version-history":[{"count":1,"href":"https:\/\/www.netz-barrierefrei.de\/wordpress\/wp-json\/wp\/v2\/pages\/738\/revisions"}],"predecessor-version":[{"id":739,"href":"https:\/\/www.netz-barrierefrei.de\/wordpress\/wp-json\/wp\/v2\/pages\/738\/revisions\/739"}],"up":[{"embeddable":true,"href":"https:\/\/www.netz-barrierefrei.de\/wordpress\/wp-json\/wp\/v2\/pages\/702"}],"wp:attachment":[{"href":"https:\/\/www.netz-barrierefrei.de\/wordpress\/wp-json\/wp\/v2\/media?parent=738"}],"curies":[{"name":"wp","href":"https:\/\/api.w.org\/{rel}","templated":true}]}}