{"id":749,"date":"2018-03-26T18:17:56","date_gmt":"2018-03-26T16:17:56","guid":{"rendered":"http:\/\/www.netz-barrierefrei.de\/wordpress\/?page_id=749"},"modified":"2024-12-13T19:14:05","modified_gmt":"2024-12-13T17:14:05","slug":"innovation-und-barrierefreiheit","status":"publish","type":"page","link":"https:\/\/www.netz-barrierefrei.de\/wordpress\/wirtschaft-gesellschaft\/innovation-und-barrierefreiheit\/","title":{"rendered":"Innovation und Barrierefreiheit"},"content":{"rendered":"<p>Barrierefreiheits-Experten \u00fcberlegen immer, wie sie Unzug\u00e4ngliches barrierefrei machen k\u00f6nnen. Es geht aber auch andersherum, Ideen aus der Barrierefreiheit k\u00f6nnen Menschen helfen, die keine Behinderung haben, aber trotzdem vor \u00e4hnlichen Problemen stehen. <\/p>\n<div id=\"ez-toc-container\" class=\"ez-toc-v2_0_82_2 counter-hierarchy ez-toc-counter ez-toc-white ez-toc-container-direction\">\n<div class=\"ez-toc-title-container\">\n<p class=\"ez-toc-title\" style=\"cursor:inherit\">Inhalt<\/p>\n<span class=\"ez-toc-title-toggle\"><a href=\"#\" class=\"ez-toc-pull-right ez-toc-btn ez-toc-btn-xs ez-toc-btn-default ez-toc-toggle\" aria-label=\"Toggle Table of Content\"><span class=\"ez-toc-js-icon-con\"><span class=\"\"><span class=\"eztoc-hide\" style=\"display:none;\">Toggle<\/span><span class=\"ez-toc-icon-toggle-span\"><svg style=\"fill: #999;color:#999\" xmlns=\"http:\/\/www.w3.org\/2000\/svg\" class=\"list-377408\" width=\"20px\" height=\"20px\" viewBox=\"0 0 24 24\" fill=\"none\"><path d=\"M6 6H4v2h2V6zm14 0H8v2h12V6zM4 11h2v2H4v-2zm16 0H8v2h12v-2zM4 16h2v2H4v-2zm16 0H8v2h12v-2z\" fill=\"currentColor\"><\/path><\/svg><svg style=\"fill: #999;color:#999\" class=\"arrow-unsorted-368013\" xmlns=\"http:\/\/www.w3.org\/2000\/svg\" width=\"10px\" height=\"10px\" viewBox=\"0 0 24 24\" version=\"1.2\" baseProfile=\"tiny\"><path d=\"M18.2 9.3l-6.2-6.3-6.2 6.3c-.2.2-.3.4-.3.7s.1.5.3.7c.2.2.4.3.7.3h11c.3 0 .5-.1.7-.3.2-.2.3-.5.3-.7s-.1-.5-.3-.7zM5.8 14.7l6.2 6.3 6.2-6.3c.2-.2.3-.5.3-.7s-.1-.5-.3-.7c-.2-.2-.4-.3-.7-.3h-11c-.3 0-.5.1-.7.3-.2.2-.3.5-.3.7s.1.5.3.7z\"\/><\/svg><\/span><\/span><\/span><\/a><\/span><\/div>\n<nav><ul class='ez-toc-list ez-toc-list-level-1 ' ><li class='ez-toc-page-1 ez-toc-heading-level-2'><a class=\"ez-toc-link ez-toc-heading-1\" href=\"https:\/\/www.netz-barrierefrei.de\/wordpress\/wirtschaft-gesellschaft\/innovation-und-barrierefreiheit\/#Der_Ueberall-Dolmetscher\" >Der \u00dcberall-Dolmetscher<\/a><\/li><li class='ez-toc-page-1 ez-toc-heading-level-2'><a class=\"ez-toc-link ez-toc-heading-2\" href=\"https:\/\/www.netz-barrierefrei.de\/wordpress\/wirtschaft-gesellschaft\/innovation-und-barrierefreiheit\/#Eine_Sprache_fuer_fast_alle\" >Eine Sprache f\u00fcr fast alle<\/a><\/li><li class='ez-toc-page-1 ez-toc-heading-level-2'><a class=\"ez-toc-link ez-toc-heading-3\" href=\"https:\/\/www.netz-barrierefrei.de\/wordpress\/wirtschaft-gesellschaft\/innovation-und-barrierefreiheit\/#Be_my_ears\" >Be my ears<\/a><\/li><li class='ez-toc-page-1 ez-toc-heading-level-2'><a class=\"ez-toc-link ez-toc-heading-4\" href=\"https:\/\/www.netz-barrierefrei.de\/wordpress\/wirtschaft-gesellschaft\/innovation-und-barrierefreiheit\/#Darf_man_damit_Geld_verdienen\" >Darf man damit Geld verdienen<\/a><\/li><\/ul><\/nav><\/div>\n<h2><span class=\"ez-toc-section\" id=\"Der_Ueberall-Dolmetscher\"><\/span>Der \u00dcberall-Dolmetscher<span class=\"ez-toc-section-end\"><\/span><\/h2>\n<p>Das Sozial-Unternehmen VerbaVoice hat vor einigen Jahren einen Service gestartet, der es erm\u00f6glicht, via Internet einen Schrift- oder Geb\u00e4rdendolmetscher in ein Gespr\u00e4ch einzuschalten. F\u00fcr Geh\u00f6rlose ist es schwierig, einen Geb\u00e4rdendolmetscher aufzutreiben, zudem fallen Anfahrtskosten und vieles mehr an, was finanziell kaum tragbar ist.Schwerh\u00f6rige k\u00f6nnen nur in bestimmten kommunikativen Situationen Schwierigkeiten haben, wo ihnen ein Schriftdolmetscher helfen kann.<br \/>\nVor ganz \u00e4hnlichen Problemen k\u00f6nnen Touristen oder Fl\u00fcchtlinge stehen. Einen Dolmetscher in einer exotischen Sprache aufzutreiben ist schwierig. Doch selbst wenn man die Sprache des Gastlandes spricht ist man manchmal \u00fcberfordert. Da w\u00fcrde es doch helfen, wenn man sich bei Bedarf einfach einen Dolmi \u00fcbers Smartphone zuschalten k\u00f6nnte. Das Sch\u00f6ne am VerbaVoice-System ist, dass es v\u00f6llig egal ist, wo der Kunde oder der Dolmi ist, Hauptsache, beide haben Kamera, Mikro und Internet. <\/p>\n<h2><span class=\"ez-toc-section\" id=\"Eine_Sprache_fuer_fast_alle\"><\/span>Eine Sprache f\u00fcr fast alle<span class=\"ez-toc-section-end\"><\/span><\/h2>\n<p>Die Unterst\u00fctzte Kommunikation (UK) ist eine Methodik, um Menschen die Kommunikation zu erm\u00f6glichen, die sich aus irgendeinem Grund nicht oder nicht verst\u00e4ndlich verbal \u00e4u\u00dfern k\u00f6nnen: Aphasie, geistige Behinderung, Erkrankungen des Stimm-Apparats und so weiter. Eine Basis-Methode ist die Verwendung von Piktogrammen, die einzeln oder kombiniert dazu verwendet werden, um sich zu \u00e4u\u00dfern. So gibt es ein Piktogramm f\u00fcr &#8222;Ich habe Hunger&#8220; und ein weiteres f\u00fcr das, was ich essen m\u00f6chte. Oder ich bin krank und kann mittels Piktogramm vermitteln, wo und wie ich mich nicht wohl f\u00fchle.<br \/>\nSolche Piktogramme lie\u00dfen sich relativ einfach daf\u00fcr verwenden, eine Art universeller Sprache auf Basis von Piktogrammen aufzubauen. Den Aspekt, das Blinde daran nicht teilhaben k\u00f6nnen, lasse ich hier au\u00dfen vor. Was wir daf\u00fcr ben\u00f6tigen ist ein universaler Satz von Piktogrammen, die am besten unter einer Creative-Commons-Lizenz stehen sollten.<br \/>\nDie meisten universellen Sprachen scheitern daran, dass sie wie die Verbal-Sprache alles abdecken wollen. Die Sprache, die mir vorschwebt m\u00fcsste hingegen nur ganz bestimmte F\u00e4lle abdecken. 90 Prozent aller Kommunikation mit Service-Personal l\u00e4sst sich n\u00e4mlich mit ein paar Standard-Formeln abdecken. Ich werde den Herren beim Burger King sicher nicht fragen, wie sp\u00e4t es ist oder wie es seinen Kindern geht, die Dame am Flugschalter m\u00f6chte sicher nicht meine Schuhgr\u00f6\u00dfe abfragen.<br \/>\nDie UK kann insofern als Basis dienen, da sie auf leicht erkennbare, intuitiv verst\u00e4ndliche oder leicht erlernbare Symbole setzt. Es ist erstaunlich, wie viel sich mit ein paar Piktos ausdr\u00fccken l\u00e4sst. Nat\u00fcrlich sollten sie auch international verst\u00e4ndlich sein. <\/p>\n<h2><span class=\"ez-toc-section\" id=\"Be_my_ears\"><\/span>Be my ears<span class=\"ez-toc-section-end\"><\/span><\/h2>\n<p>Die App &#8222;Be my Eyes&#8220; ist gerade durch die Zeitungslandschaft gegeistert. Es geht darum, dass blinde Menschen \u00fcber ihr Smartphone mit Sehenden Kontakt aufnehmen k\u00f6nnen, um kleinere visuelle Aufgaben f\u00fcr sie zu l\u00f6sen, zum Beispiel eine Aufschrift auf einer Dose entziffern.<br \/>\nIch hatte schon vor l\u00e4ngerer Zeit die Idee eines zuschaltbaren Service. F\u00fcr Blinde ist es relativ einfach, mit Bus und Bahn von Punkt a nach Punkt B zu kommen. Schwierig ist immer die &#8222;letzte Meile&#8220;, das hei\u00dft, der Weg von der Haltestelle zum Endziel. Daneben gibt es immer schwierige oder gar gef\u00e4hrliche Situationen, zum Beispiel den Bonner Busbahnhof, der vermutlich von einem Blinden-Hasser entworfen wurde, um das Blinden-Problem endg\u00fcltig zu l\u00f6sen. F\u00fcr Blinde w\u00e4re es hilfreich, wenn sie auf dieser &#8222;letzte Meile&#8220; einen Assistenten zuschalten k\u00f6nnten, der ihnen den Weg beschreibt. Nat\u00fcrlich w\u00fcrde dieser Service kostenpflichtig sein, aber der Blinde w\u00fcrde zum Beispiel die Kosten f\u00fcr ein Taxi einsparen.<br \/>\nDer Service k\u00f6nnte aber nat\u00fcrlich auf andere Gruppen ausgedehnt werden. Du hast Probleme, deinen Ikea-Schnickschnack zusammenzubauen? Du wei\u00dft nicht, wie du dein Smartphone einrichten kannst? Und wie zum Teufel soll man Eigelb und Eiwei\u00df trennen? Frag den Experten via Internet.<br \/>\nDie Idee ist auch nicht ganz neu, es gibt einige Plattformen wie den &#8222;Mechanical Turk&#8220; von Amazon, die genau darauf setzen, kleinere Aufgaben wie das Freistellen von Bild-Objekten zu \u00fcbernehmen. Ein Gro\u00dfteil der Aufgaben einer Arbeitsplatz-Assistenz von Blinden lie\u00dfe sich mit solchenServices abdecken. <\/p>\n<h2><span class=\"ez-toc-section\" id=\"Darf_man_damit_Geld_verdienen\"><\/span>Darf man damit Geld verdienen<span class=\"ez-toc-section-end\"><\/span><\/h2>\n<p>Ich hoffe, es ist deutlich geworden, dass es in der Barrierefreiheit eine Menge Sch\u00e4tze zu heben gibt.  Die \u00fcbliche Frage, vor allem von Behinderten ist, ob man mit solchen Leistungen Geld verdienen darf. Ich antworte darauf, dass es auch f\u00fcr uns von Vorteil sein kann, wenn jemand damit Geld verdient.<br \/>\nDie Ausdehnung solcher universeller Services hat auch f\u00fcr Behinderte mehrere Vorteile:<\/p>\n<ul>\n<li>Die Technik wird besser. Es ist zum Beispiel leichter, mit einer Smartglass eine Umgebung zu filmen als mit einem Smartphone<\/li>\n<li>Ein kostenpflichtiger Service ist eher bedacht, seine Leistungen stetig zu verbessern und die Qualit\u00e4t aufrecht zu erhalten<\/li>\n<li>Ein Service mit einem funktionierenden Gesch\u00e4ftsmodell wird vermutlich seine Arbeit nicht von heute auf morgen einstellen. Bei &#8222;Be my Eyes&#8220; entstehen Kosten, die sich im Laufe der Zeit erh\u00f6hen werden, gleichzeitig haben sie meines Wissens keine Einnahmequellen.<\/li>\n<li>Der Behinderte wird zum Auftraggeber statt zum Klienten. Viele der gro\u00dfen Dienstleister werden direkt vom Kostentr\u00e4ger bezahlt und der Behinderte wird nicht ernst genommen.<\/li>\n<li><a href=\"https:\/\/netz-barrierefrei.de\/en\/innovation.html\">Innovation and digital Accessibility<\/a>&#8222;>\/li>\n<\/ul>\n","protected":false},"excerpt":{"rendered":"<p>Barrierefreiheits-Experten \u00fcberlegen immer, wie sie Unzug\u00e4ngliches barrierefrei machen k\u00f6nnen. Es geht aber auch andersherum, Ideen aus der Barrierefreiheit k\u00f6nnen Menschen helfen, die keine Behinderung haben,&#8230;<\/p>\n<div class=\"more-link-wrapper\"><a class=\"more-link\" href=\"https:\/\/www.netz-barrierefrei.de\/wordpress\/wirtschaft-gesellschaft\/innovation-und-barrierefreiheit\/\">Weiterlesen<span class=\"screen-reader-text\">Innovation und Barrierefreiheit<\/span><\/a><\/div>\n","protected":false},"author":1,"featured_media":0,"parent":745,"menu_order":0,"comment_status":"closed","ping_status":"closed","template":"","meta":{"footnotes":""},"class_list":["post-749","page","type-page","status-publish","hentry","entry"],"_links":{"self":[{"href":"https:\/\/www.netz-barrierefrei.de\/wordpress\/wp-json\/wp\/v2\/pages\/749","targetHints":{"allow":["GET"]}}],"collection":[{"href":"https:\/\/www.netz-barrierefrei.de\/wordpress\/wp-json\/wp\/v2\/pages"}],"about":[{"href":"https:\/\/www.netz-barrierefrei.de\/wordpress\/wp-json\/wp\/v2\/types\/page"}],"author":[{"embeddable":true,"href":"https:\/\/www.netz-barrierefrei.de\/wordpress\/wp-json\/wp\/v2\/users\/1"}],"replies":[{"embeddable":true,"href":"https:\/\/www.netz-barrierefrei.de\/wordpress\/wp-json\/wp\/v2\/comments?post=749"}],"version-history":[{"count":7,"href":"https:\/\/www.netz-barrierefrei.de\/wordpress\/wp-json\/wp\/v2\/pages\/749\/revisions"}],"predecessor-version":[{"id":9711,"href":"https:\/\/www.netz-barrierefrei.de\/wordpress\/wp-json\/wp\/v2\/pages\/749\/revisions\/9711"}],"up":[{"embeddable":true,"href":"https:\/\/www.netz-barrierefrei.de\/wordpress\/wp-json\/wp\/v2\/pages\/745"}],"wp:attachment":[{"href":"https:\/\/www.netz-barrierefrei.de\/wordpress\/wp-json\/wp\/v2\/media?parent=749"}],"curies":[{"name":"wp","href":"https:\/\/api.w.org\/{rel}","templated":true}]}}