{"id":7515,"date":"2023-04-11T19:16:52","date_gmt":"2023-04-11T17:16:52","guid":{"rendered":"https:\/\/www.netz-barrierefrei.de\/wordpress\/?page_id=7515"},"modified":"2023-10-02T15:06:58","modified_gmt":"2023-10-02T13:06:58","slug":"von-der-kognitions-psychologie-in-die-barrierefreiheit-ein-interview-mit-dana-pietralla-von-paged","status":"publish","type":"page","link":"https:\/\/www.netz-barrierefrei.de\/wordpress\/newsletter-digitale-barrierefreiheit\/von-der-kognitions-psychologie-in-die-barrierefreiheit-ein-interview-mit-dana-pietralla-von-paged\/","title":{"rendered":"Von der Kognitions-Psychologie in die Barrierefreiheit &#8211; ein Interview mit Dana Pietralla von Paged"},"content":{"rendered":"<p><iframe loading=\"lazy\" src=\"https:\/\/digitale-barrierefreiheit.podigee.io\/59-paged\/embed?context=external&#038;theme=default\" style=\"border: 0\" frameBorder=\"0\" height=\"100\" width=\"100%\"><\/iframe><br \/>\nDies ist das Transkript des oben eingebetteten Podcasts. Ich habe den Text gegl\u00e4ttet, aber den m\u00fcndlichen Charakter ein wenig beibehalten. Alle Tipp-Fehler und Ungenauigkeiten gehen auf mein Konto. <\/p>\n<p>Domingos: herzlich willkommen zu einem neuen Podcast zur digitalen Barrierefreiheit. Heute habe ich wieder einen spannenden Gast dabei, n\u00e4mlich Dana Pietralla. Dana hat mit anderen Personen ein Tool entwickelt, um behinderten Menschen bei der Internetnutzung zu helfen. Wie das genau funktioniert, wird sie gleich erz\u00e4hlen. Aber erstmal herzlichen Dank Dana, dass du dir die Zeit genommen hast. Fangen wir damit an, dass Du Dich kurz vorstellst. <\/p>\n<div id=\"ez-toc-container\" class=\"ez-toc-v2_0_82_2 counter-hierarchy ez-toc-counter ez-toc-white ez-toc-container-direction\">\n<div class=\"ez-toc-title-container\">\n<p class=\"ez-toc-title\" style=\"cursor:inherit\">Inhalt<\/p>\n<span class=\"ez-toc-title-toggle\"><a href=\"#\" class=\"ez-toc-pull-right ez-toc-btn ez-toc-btn-xs ez-toc-btn-default ez-toc-toggle\" aria-label=\"Toggle Table of Content\"><span class=\"ez-toc-js-icon-con\"><span class=\"\"><span class=\"eztoc-hide\" style=\"display:none;\">Toggle<\/span><span class=\"ez-toc-icon-toggle-span\"><svg style=\"fill: #999;color:#999\" xmlns=\"http:\/\/www.w3.org\/2000\/svg\" class=\"list-377408\" width=\"20px\" height=\"20px\" viewBox=\"0 0 24 24\" fill=\"none\"><path d=\"M6 6H4v2h2V6zm14 0H8v2h12V6zM4 11h2v2H4v-2zm16 0H8v2h12v-2zM4 16h2v2H4v-2zm16 0H8v2h12v-2z\" fill=\"currentColor\"><\/path><\/svg><svg style=\"fill: #999;color:#999\" class=\"arrow-unsorted-368013\" xmlns=\"http:\/\/www.w3.org\/2000\/svg\" width=\"10px\" height=\"10px\" viewBox=\"0 0 24 24\" version=\"1.2\" baseProfile=\"tiny\"><path d=\"M18.2 9.3l-6.2-6.3-6.2 6.3c-.2.2-.3.4-.3.7s.1.5.3.7c.2.2.4.3.7.3h11c.3 0 .5-.1.7-.3.2-.2.3-.5.3-.7s-.1-.5-.3-.7zM5.8 14.7l6.2 6.3 6.2-6.3c.2-.2.3-.5.3-.7s-.1-.5-.3-.7c-.2-.2-.4-.3-.7-.3h-11c-.3 0-.5.1-.7.3-.2.2-.3.5-.3.7s.1.5.3.7z\"\/><\/svg><\/span><\/span><\/span><\/a><\/span><\/div>\n<nav><ul class='ez-toc-list ez-toc-list-level-1 ' ><li class='ez-toc-page-1 ez-toc-heading-level-2'><a class=\"ez-toc-link ez-toc-heading-1\" href=\"https:\/\/www.netz-barrierefrei.de\/wordpress\/newsletter-digitale-barrierefreiheit\/von-der-kognitions-psychologie-in-die-barrierefreiheit-ein-interview-mit-dana-pietralla-von-paged\/#Danas_Hintergrund\" >Danas Hintergrund<\/a><\/li><li class='ez-toc-page-1 ez-toc-heading-level-2'><a class=\"ez-toc-link ez-toc-heading-2\" href=\"https:\/\/www.netz-barrierefrei.de\/wordpress\/newsletter-digitale-barrierefreiheit\/von-der-kognitions-psychologie-in-die-barrierefreiheit-ein-interview-mit-dana-pietralla-von-paged\/#Das_Unternehmen_Paged\" >Das Unternehmen Paged<\/a><\/li><li class='ez-toc-page-1 ez-toc-heading-level-2'><a class=\"ez-toc-link ez-toc-heading-3\" href=\"https:\/\/www.netz-barrierefrei.de\/wordpress\/newsletter-digitale-barrierefreiheit\/von-der-kognitions-psychologie-in-die-barrierefreiheit-ein-interview-mit-dana-pietralla-von-paged\/#Tipps_fuer_soziale_Startups\" >Tipps f\u00fcr soziale Startups<\/a><\/li><li class='ez-toc-page-1 ez-toc-heading-level-2'><a class=\"ez-toc-link ez-toc-heading-4\" href=\"https:\/\/www.netz-barrierefrei.de\/wordpress\/newsletter-digitale-barrierefreiheit\/von-der-kognitions-psychologie-in-die-barrierefreiheit-ein-interview-mit-dana-pietralla-von-paged\/#Weitere_Infos\" >Weitere Infos<\/a><\/li><\/ul><\/nav><\/div>\n<h2><span class=\"ez-toc-section\" id=\"Danas_Hintergrund\"><\/span>Danas Hintergrund<span class=\"ez-toc-section-end\"><\/span><\/h2>\n<p>Dana: ja gerne, Danke f\u00fcr die Einladung, sch\u00f6n Euch kennenzulernen. Ich bin Dana. Ich wohne in K\u00f6ln, bin auch geb\u00fcrtige K\u00f6lnerin, habe Psychologie studiert und habe viel in der Wissenschaft gearbeitet, im Bereich kognitive science, also Kognitionswissenschaften, Da vor allem eben rund um das Thema: Wie nehmen wir Menschen wahr, wie sehen Menschen auch viel: Wie sehen Menschen Muster.<br \/>\nIch war mit meinem Studium fertig und habe Lust gehabt, dieses Wissen aus der Forschung mitzunehmen und in der Wirtschaft bzw. ich sage immer in der echten Welt, weil in der Wissenschaft das oft immer so ein Elfenbeinturm ist, in der echten Welt jetzt was zu ver\u00e4ndern. Und bin jetzt Gr\u00fcnderin von einem Social Tech Startup, das nennt sich paged, wo wir eben verschiedene M\u00f6glichkeiten ausarbeiten, um Neuro-diversen Menschen Zugang zu digitalen Inhalten zu erm\u00f6glichen. Wir sind auf einem ganz guten und spannenden Weg. Da ist aber auch noch einiges vor uns, aber es macht auf jeden Fall gro\u00dfen Spa\u00df. <\/p>\n<p>Domingos: ja superspannend. Wie bist du auf das Thema Barrierefreiheit gekommen? Du h\u00e4ttest ja auch einfach in ein Unternehmen gehen k\u00f6nnen und da machen k\u00f6nnen, was Kognitions-Psychologen so machen.<\/p>\n<p>Dana: das stimmt. Eigentlich ist das wirklich so zum einen aus der Wissenschaft gekommen. Also, wie gesagt, ich habe mich eben mit dem Thema wie nehmen Menschen wahr und diese ganzen Ged\u00e4chtnis Prozesse oder auch ja Gehirnprozesse im generellen besch\u00e4ftigt. Und dann habe ich aber auch gerade in der Pandemie einige online-Kurse gemacht zum Thema Web-Entwicklung und da ist mir \u00fcberhaupt erstmal bewusst geworden, wie wichtig das ist. Ich bin jetzt nicht darauf angewiesen, dass Webseiten barrierefrei sind. Aber dadurch, dass ich eben diesen Hintergrund habe &#8211;  oder diesen Forschungs-Hintergrund habe &#8211; habe ich gedacht ach krass, also gerade als Psychologin ist es ein total spannendes Thema, dass meiner Meinung nach aber noch viel zu wenig Aufmerksamkeit bekommt. Und da hatte ich einfach Lust, was zu gestalten.<br \/>\nAuf der einen Seite h\u00e4tte ich einfach dann sagen k\u00f6nnen: Okay, ich gehe jetzt in die Wirtschaft und macht da was. Aber ich hatte eher Lust darauf, selber was zu gestalten und vielleicht auch selber was zu entwickeln und selber zu schauen, ob ich da irgendwas bewirken kann, gerade in dem Bereich, wo ja noch vieles auch m\u00f6glich ist, meiner Meinung nach.<\/p>\n<p>Domingos: Hattest du schon Kontakt mit behinderten Menschen an der Hochschule oder so oder hat es sich einfach so ergeben?<\/p>\n<p>Dana: Ja, ich habe im Bekanntenkreis auf jeden Fall einige neuro-diverse Personen, einige im meinem Studium waren sehbehindert, eine Person war auch im Rollstuhl. Das hei\u00dft, da war ein bisschen der Kontakt da. Aber richtig auseinandergesetzt habe ich mich dann wirklich erst mit dem Thema, als ich diese webentwicklungs-Kurse gemacht habe und dann wirklich gemerkt habe: hey, das Thema ist noch viel zu klein. Und gleichzeitig habe ich auch das Wissen, dass ich da was mitgestalten kann, dass ich da was bewegen kann. Und habe nat\u00fcrlich dann auch prim\u00e4r auch mit den Menschen gesprochen, hey so du bist ganz selbstverst\u00e4ndlich f\u00fcr mich da aber wie ist das eigentlich f\u00fcr dich z.B dieses und jenes zu bedienen oder auch einfach ganz normal an digitalen Leben teil zu haben und das w\u00fcrde ich auch jedem mal raten, dass man einfach mal so ein bisschen \u00fcber seine eigenen Tellerrand hinausschaut. Und das habe ich getan und war echt total spannend, weil man immer noch viel lernt.<\/p>\n<p>Domingos: ich glaube, die Hochschule ist auch ein ganz guter Ort, weil man da sehr viele unterschiedliche Menschen, auch mit unterschiedlichen Hintergr\u00fcnden nat\u00fcrlich, aber auch mit unterschiedlichen Behinderungen kennenlernen kann.<\/p>\n<p>Dana: auf jeden Fall aber gleichzeitig auch, ich habe an der Uni K\u00f6ln studiert, da ist auf jeden Fall, Was Barrierefreiheit im analogen Raum, also wenn es jetzt um Zugang zu Geb\u00e4uden geht, da ist noch sehr viel zu tun. Da ist in allen m\u00f6glichen Bereichen eigentlich noch Ausbaubedarf. und wenn man wirklich dann mal den Fokus draufhat, denkt man sich nur, um Gottes Willen. Es ist schon schlimm, wie wenig daf\u00fcr getan wird, gerade auch von Hochschulen, wo man wirklich auch denken sollte, naja da wird vielleicht viel daf\u00fcr getan, dass da viele Menschen Zugang zu haben, ist aber leider nicht immer der Fall. Das ist schon schlimm, muss man ganz ehrlich sagen. <\/p>\n<p>Domingos: Also, ich kann aus meiner Erfahrung sagen, ich habe in Marburg studiert. Das ist sehr barrierefrei f\u00fcr Blinde, aber nicht f\u00fcr Menschen im Rollstuhl, weil die Uni stark von alten Geb\u00e4uden gepr\u00e4gt ist. <\/p>\n<p>Dana: Genau, das ist immer auch ein gro\u00dfer Punkt. Also da ist jetzt zum Beispiel auch in einem Geb\u00e4ude, in dem psychologiegeb\u00e4ude zum Beispiel, auch kein Aufzug drin. Das Geb\u00e4ude ist sehr alt, da wurde halt einfach auch da nicht dran gedacht, da irgendwann vor, wer wei\u00df wie vielen Jahren. Es ist halt bl\u00f6d, also man kann dann auch viele Kurse dann nicht besuchen. Ganz oben sind die PC-R\u00e4ume und man kann z.B auch Menschen, die dann auf einen Rollstuhl angewiesen sind, einfach gar nicht erm\u00f6glichen, dass sie da in die PC-R\u00e4ume k\u00f6nnen, was ja eigentlich jedem Studierenden zug\u00e4nglich sein sollte. <\/p>\n<h2><span class=\"ez-toc-section\" id=\"Das_Unternehmen_Paged\"><\/span>Das Unternehmen Paged<span class=\"ez-toc-section-end\"><\/span><\/h2>\n<p>Domingos: ja, auf jeden Fall. Aber kommen wir mal zu eurem Unternehmen, was genau macht Paged?<\/p>\n<p>Dana:  also im Endeffekt habe ich ja gesagt hatte ich mich mit dem Thema Barrierefreiheit besch\u00e4ftigt und das kommt ja auch eigentlich so aus dem Bereich, also viele Sachen, die jetzt im UX UI Design also User Experience\/user interface, was ja eher so diese Design Richtung angeht, hat aber ja im Gro\u00dfen und Ganzen alles auch was mit Barrierefreiheit zu tun. Dass man einfach Produkte schafft, die einfach gut bedienbar sind, die gut zug\u00e4nglich sind.<br \/>\nund dieses ganze Thema fand ich einfach total spannend. Wir sind jetzt im Endeffekt mit paged auf der Reise verschiedene L\u00f6sungen anzubieten, die Menschen Zugang zu Inhalten erm\u00f6glichen. Also wir haben jetzt zum Beispiel z.B ein Tool entwickelt, was auf Webseiten eingebunden wird, ein Overlay Tool, wo man eben verschiedene Inhalte anpassen kann. Die sind nat\u00fcrlich auch nicht frei von Kritik, da sind ja auch einige Einschr\u00e4nkungen damit verbunden, wo man sagen kann, okay die Overlays sind nicht optimal.<br \/>\nUnd deswegen schauen wir, dass wir nach und nach verschiedene Produkte anbieten oder uns auch als Firma weiterentwickeln, dass wir eben immer mehr M\u00f6glichkeiten anbieten verschiedenen Menschen Zugang zu Inhalten zu erm\u00f6glichen also im Endeffekt das was Paged ist f\u00fcr uns eigentlich eine Reise, Barrierefreiheit oder digitale Barrierefreiheit in breiteres Bewusstsein zu bringen, gerade in der \u00f6ffentlichen Debatte, in der Gesellschaft an sich, und da eben verschiedene M\u00f6glichkeiten anzubieten, um Neuro diversen Menschen Zugang zu erm\u00f6glichen.<br \/>\nJa, das ist im Endeffekt so unsere Vision, wohin wir wollen und lernen dabei die ganze Zeit, gucken, was gibt&#8217;s denn f\u00fcr M\u00f6glichkeiten, was ist f\u00fcr diese und jene Beeintr\u00e4chtigung auch gut, was ist vielleicht nicht so gut. Ich meine, ich komme aus K\u00f6ln. Da wird ja auch immer gesagt: &#8222;jeder Jeck ist anders&#8220;. Und so ist es halt auch. Und gerade da nat\u00fcrlich L\u00f6sungen anzubieten, die f\u00fcr jeden gut sind, das ist nat\u00fcrlich total schwierig. genau das ist gerade unsere Situation, also ein Tool, um Inhalte anzupassen haben wir schon, m\u00f6chten wir aber erweitern, dass wir da wirklich eben ein Produktportfolio haben, dass viele verschiedene Beeintr\u00e4chtigungen anspricht.<\/p>\n<p>Domingos: ihr wendet euch ja aktuell nicht an die Endkunden, sondern an Firmenkunden, wenn ich das richtig gesehen habe. <\/p>\n<p>Dana: genau richtig, ja das stimmt, also wir sind ein B2B Startup, also ein Unternehmen, was sich quasi an Unternehmen oder an Webseiten Betreiber im Generellen richtet. Gleichzeitig bieten wir aber auch verschiedene Coachings, Workshops, Beratungsangebote, wie denn auch mehr Inklusion innerhalb des Teams, aber auch vor allem in der digitale Inklusion erreicht werden kann Und da richten wir uns dann vor allem an Webseiten Betreiber, also an Institutionen, nicht an Privatperson.<\/p>\n<p>Domingos: Ihr seid ja auch relativ schnell gewachsen ihr seid jetzt zu viert, wie ich auf der Webseite gesehen habe. Mich w\u00fcrde interessieren, wie ihr zusammengefunden habt <\/p>\n<p>Dana: ja, also meinen Mitgr\u00fcnder, den Deniz, den kenne ich schon lange. Den kenne ich aus dem Studium. Ich habe in \u00d6sterreich meinen Bachelor gemacht und in K\u00f6ln jetzt hier meinen Master und den Deniz habe ich im Bachelor kennengelernt. Wir sind \u00fcbrigens auch nicht nur Gr\u00fcndungspartner, wir sind auch Lebenspartner, also sind auch in einer Beziehung. Wir sind im Endeffekt die Gr\u00fcnder von Paged. Deniz macht seinen Doktor im Bereich computationale Neurowissenschaften, ist im Endeffekt Schnittstelle Neurowissenschaften und IT\/KI, diese Schiene. Er k\u00fcmmert sich viel um die ganze IT-Entwicklung von Paged.<br \/>\nUnd dann haben wir letztes Jahr noch zwei weitere Teammitglieder dazu gewonnen, die Janine und die Vera. Janine k\u00fcmmert sich im Endeffekt viel um den Bereich Business Development, spricht Unternehmen an, spricht Webseitenbetreiber im generellen an, macht nat\u00fcrlich auch Werbung f\u00fcr uns, aber macht nat\u00fcrlich auch auf das Thema Barrierefreiheit oder digitale Barrierefreiheit im spezifischen aufmerksam und das Thema neurodiversit\u00e4t, dass Leute das auf dem Schirm haben, weil das nat\u00fcrlich auch noch teilweise in bestimmten bubbles einfach gar kein Thema ist, oder die Leute das allererste Mal davon h\u00f6ren.<br \/>\nUnd die andere Person ist Vera, sie ist auch bei uns im tech-team. Sie k\u00fcmmert sich viel um die Webseitengestaltung, Webseiten Entwicklung und viele verschiedene Sachen.<br \/>\nJanine haben wir online kennengelernt. Wir hatten da eine Anzeige geschaltet, und die Vera haben wir \u00fcber die Hochschule kennengelernt, also da sind wir wieder beim Thema Hochschule ist ein guter Ort zum Austausch. die haben wir dann \u00fcber Kontakte \u00fcber die Uni gefunden.<br \/>\nJetzt arbeiten wir zu viert daran, paged gro\u00df zu machen nat\u00fcrlich auch, aber vor allem auch, dieses ganze Thema neurodiversit\u00e4t und warum das wichtig ist, mehr Bewusstsein und mehr Aufmerksamkeit zu geben<\/p>\n<p>Domingos: wie stellt ihr denn sicher, dass eure L\u00f6sung auch von den Menschen mit Behinderung genutzt wird und dass sie gut nutzbar ist und auch die Funktionen enth\u00e4lt, die gebraucht werden?<\/p>\n<p>Dana: ja also unterschiedlich. Zum einen hatte ich ja gesagt, ich komme aus der Forschung und habe da einige Jahre auch mit visuell beeintr\u00e4chtigten Menschen gearbeitet, bei denen war noch ein sehr Rest vorhanden die hatten aber verschiedene ja Erkrankungen was zum Beispiel farbenblind waren, einige mit Dyslexie waren auf vertreten und mit denen sind wir zum Beispiel oft in Kontakt gewesen und haben im Austausch eine L\u00f6sung erarbeitet, wo man sagt: Hey, das hilft uns jetzt 100%, kann man immer schlecht sagen, aber das auf jeden Fall eine Hilfestellung im Vergleich, wenn es nicht da w\u00e4re.<br \/>\nAber auch allgemein sind wir im Kontakt mit Interessenverb\u00e4nden, aber auch mit Privatpersonen, die im Endeffekt auf uns aufmerksam geworden sind und dann sagen: hey, das und das finde ich total gut, aber das und das fehlt zum Beispiel noch, das w\u00e4re total hilfreich, wenn ihr das noch eingliedern.<br \/>\nZum Beispiel hatten wir jetzt in Februar einen Artikel im K\u00f6lner Stadtanzeiger. Und da hatte ich zum Beispiel auch ein Leser vom K\u00f6lner Stadtanzeiger gemeldet, was wir auch total cool fanden, mit dem wir jetzt auch l\u00e4ngere Zeit im Austausch sind, der uns einfach total viele Hinweise gegeben hat, was schon gut l\u00e4uft, aber auch was noch nicht so gut l\u00e4uft und wo er zum Beispiel Hilfe braucht und welche Features dazu z.B wir technisch umsetzen k\u00f6nnen, die ihm dann z.B helfen. ich glaube, ein Thema war, wissenschaftliche paper zu lesen, weil das war, z.B f\u00fcr ihn sehr schwierig. Und solche Sachen, daf\u00fcr sind wir nat\u00fcrlich total dankbar. Wir suchen auch aktiv den Austausch mit Menschen, die neurodivers sind und die da eben W\u00fcnsche haben oder auch vielleicht einfach nur Fragen haben oder irgendwie sagen: hey, das und das klappt noch nicht so gut, k\u00f6nnt ihr dann nicht mal was entwickeln, also das ist f\u00fcr uns auch immer total spannend, wenn wir da damit Menschen im Austausch \t die auf uns zukommen.<\/p>\n<h2><span class=\"ez-toc-section\" id=\"Tipps_fuer_soziale_Startups\"><\/span>Tipps f\u00fcr soziale Startups<span class=\"ez-toc-section-end\"><\/span><\/h2>\n<p>Domingos: sehr cool. Welche Tipps w\u00fcrdest du anderen Startups geben. Es gibt ja viele Leute, auch junge Leute, die gerne in eine \u00e4hnliche Richtung gehen, also vielleicht nicht direkt in ein Unternehmen reingehen wollen, sondern ein Startup gr\u00fcnden wollen, um ein soziales Problem zu l\u00f6sen. <\/p>\n<p>Dana: Das ist nat\u00fcrlich schwierig generell. Das war bei mir auch so ein bisschen das Thema. Weil ich zum Beispiel nicht zwingend auf digitale Barrierefreiheit angewiesen bin hatte ich am Anfang schon nat\u00fcrlich so ein bisschen das Bedenken, ich bin nicht direkt betroffen, darf ich in dem Bereich \u00fcberhaupt aktiv sein? Also, dass man da im Endeffekt ein Experte oder eine Expertin f\u00fcr etwas ist, wovon man gar nicht betroffen ist.<br \/>\nUnd die Antwort ist ja, auf jeden Fall, es ist sogar total wichtig, meiner Meinung nach, sich mit Themen zu besch\u00e4ftigen, wo man jetzt nicht sofort selber von profitiert, sage ich mal, sondern, wo man einfach die Welt ein bisschen besser macht. Also das gleiche sieht man ja z.B auch bei der Gleichstellung von Mann und Frau, dass mehr z.B beim Gender Pay gab , da eben auch M\u00e4nner aktiv f\u00fcr eintreten und das finde ich total wichtig. Und wenn man auf ein soziales Problem aufmerksam wird und da was \u00e4ndern m\u00f6chte, w\u00fcrde ich einfach raten fangt einfach an, also \u00fcberlegt euch etwas, wo ihr sagt: hey, das ist, selbst wenn man auch noch kein Produkt hat oder die L\u00f6sung noch nicht gut ist, das ist bei uns auch der Fall, geht einfach raus in die Welt und teilt das, was ihr wisst, teilt das, was noch nicht gut l\u00e4uft und wie das St\u00fcck f\u00fcr St\u00fcck besser gemacht werden kann. Weil ich glaube, allein dar\u00fcber zu sprechen, in den Austausch zu kommen, Menschen dieses Problem n\u00e4her zu bringen ist schon ein gro\u00dfer Schritt. Und deswegen hat Mut, da was zu bewegen also ich glaube das ist das ist der erste gro\u00dfe Schritt, wie man Probleme auch in unserer Welt kleiner machen kann.<\/p>\n<p>Domingos: ja auf jeden Fall. Abschlie\u00dfend die Frage, wenn man eure Fortschritte verfolgen m\u00f6chte, wie kann man das am besten machen?<\/p>\n<p>Dana: also unterschiedlich. total gerne auf LinkedIn, da sind wir vertreten, da findet man uns  unter dem Namen &#8222;paged&#8220;, da posten wir jede Woche eigentlich verschiedene Inhalte zu aktuellen Sachen, die rund um Paged gerade stattfinden, also beispielsweise Events, wo ihr uns verfolgen k\u00f6nnt, Content zum Bereich:  Was ist Barrierefreiheit, warum ist das wichtig, gerade jetzt zum Beispiel auch f\u00fcr Unternehmen. Da k\u00f6nnt ihr uns sehr gerne folgen. Und auf unserer Webseite findet ihr auch immer viele verschiedene Infos, die wird gerade umstrukturiert, In einem Monat werden sich da viele neue Inhalte finden, Da bleibt ihr uptodate, was unsere Firmenentwicklung angeht. Und ich freue mich auch, wenn wir dem einen oder der anderen bei einem Event oder so \u00fcber den Weg laufen. <\/p>\n<p>Domingos: ja, super, dann w\u00fcnschen wir euch auf jeden Fall weiterhin viel Erfolg und schauen, dass wir auf dem Laufenden bleiben. Vielen Dank, dass Du dir die Zeit f\u00fcr unsere Fragen genommen hast. <\/p>\n<h2><span class=\"ez-toc-section\" id=\"Weitere_Infos\"><\/span>Weitere Infos<span class=\"ez-toc-section-end\"><\/span><\/h2>\n<ul>\n<li><a href=\"https:\/\/www.paged.ai\/\">Die Website von Paged<\/a><\/li>\n<li><a href=\"https:\/\/www.linkedin.com\/in\/dana-pietralla\/\">Dana auf Linkedin<\/a><\/li>\n<li><a href=\"https:\/\/www.linkedin.com\/company\/paged\/\">Paged auf LinkedIn<\/a><\/li>\n<li><a href=\"https:\/\/netz-barrierefrei.de\/en\/interview-paged.html\">Interview with Dana Pietralla from Paged on starting an accessibility-based company<\/a><\/li>\n<\/ul>\n","protected":false},"excerpt":{"rendered":"<p>Dies ist das Transkript des oben eingebetteten Podcasts. Ich habe den Text gegl\u00e4ttet, aber den m\u00fcndlichen Charakter ein wenig beibehalten. Alle Tipp-Fehler und Ungenauigkeiten gehen&#8230;<\/p>\n<div class=\"more-link-wrapper\"><a class=\"more-link\" href=\"https:\/\/www.netz-barrierefrei.de\/wordpress\/newsletter-digitale-barrierefreiheit\/von-der-kognitions-psychologie-in-die-barrierefreiheit-ein-interview-mit-dana-pietralla-von-paged\/\">Weiterlesen<span class=\"screen-reader-text\">Von der Kognitions-Psychologie in die Barrierefreiheit &#8211; ein Interview mit Dana Pietralla von Paged<\/span><\/a><\/div>\n","protected":false},"author":1,"featured_media":0,"parent":1450,"menu_order":0,"comment_status":"closed","ping_status":"closed","template":"","meta":{"footnotes":""},"class_list":["post-7515","page","type-page","status-publish","hentry","entry"],"_links":{"self":[{"href":"https:\/\/www.netz-barrierefrei.de\/wordpress\/wp-json\/wp\/v2\/pages\/7515","targetHints":{"allow":["GET"]}}],"collection":[{"href":"https:\/\/www.netz-barrierefrei.de\/wordpress\/wp-json\/wp\/v2\/pages"}],"about":[{"href":"https:\/\/www.netz-barrierefrei.de\/wordpress\/wp-json\/wp\/v2\/types\/page"}],"author":[{"embeddable":true,"href":"https:\/\/www.netz-barrierefrei.de\/wordpress\/wp-json\/wp\/v2\/users\/1"}],"replies":[{"embeddable":true,"href":"https:\/\/www.netz-barrierefrei.de\/wordpress\/wp-json\/wp\/v2\/comments?post=7515"}],"version-history":[{"count":8,"href":"https:\/\/www.netz-barrierefrei.de\/wordpress\/wp-json\/wp\/v2\/pages\/7515\/revisions"}],"predecessor-version":[{"id":9545,"href":"https:\/\/www.netz-barrierefrei.de\/wordpress\/wp-json\/wp\/v2\/pages\/7515\/revisions\/9545"}],"up":[{"embeddable":true,"href":"https:\/\/www.netz-barrierefrei.de\/wordpress\/wp-json\/wp\/v2\/pages\/1450"}],"wp:attachment":[{"href":"https:\/\/www.netz-barrierefrei.de\/wordpress\/wp-json\/wp\/v2\/media?parent=7515"}],"curies":[{"name":"wp","href":"https:\/\/api.w.org\/{rel}","templated":true}]}}