{"id":753,"date":"2018-03-26T18:19:18","date_gmt":"2018-03-26T16:19:18","guid":{"rendered":"http:\/\/www.netz-barrierefrei.de\/wordpress\/?page_id=753"},"modified":"2023-08-12T13:28:46","modified_gmt":"2023-08-12T11:28:46","slug":"barrierefreiheit-im-unternehmen-einfuehren","status":"publish","type":"page","link":"https:\/\/www.netz-barrierefrei.de\/wordpress\/wirtschaft-gesellschaft\/barrierefreiheit-im-unternehmen-einfuehren\/","title":{"rendered":"Barrierefreiheit im Unternehmen einf\u00fchren"},"content":{"rendered":"<p>Vor allem der Einstieg oder Umstieg in die Barrierefreiheit kann schwierig sein. Es ist wie bei so vielen Projekten sinnvoll, nicht alle Schritte gleichzeitig zu machen, sondern Priorit\u00e4ten zu setzen und eher langfristig zu denken. <\/p>\n<p>F\u00fcr Unternehmen mit hohem Kundenzulauf kann die Priorit\u00e4t darin bestehen, die Gesch\u00e4ftsr\u00e4ume barrierefrei zu machen. Das kann eine ordentliche Investition sein, die sich aber auch wirtschaftlich lohnt. Wer vor allem im eCommerce unterwegs ist, f\u00fcr den lohnt es sich, seine Website und Kommunikation anzupassen. Kommuniziert man hingegen vor allem \u00fcber gedruckte Brosch\u00fcren oder Magazine, ist das die erste Baustelle, die man anfassen sollte. <\/p>\n<p>Am Anfang steht immer eine Bestandserhebung: Wo liegen die St\u00e4rken und wo die Probleme bei der Barrierefreiheit? Anhand dessen lassen sich konkrete Arbeitsschritte entwerfen. Dazu kann zum Beispiel geh\u00f6ren: <\/p>\n<ol>\n<li>Was muss getan werden, um das Produkt barrierefrei zu machen?<\/li>\n<li>Welche Aspekte sind wichtig und welche sind weniger wichtig?<\/li>\n<li>Haben wir Know How im Haus, k\u00f6nnen wir es zeitnah aufbauen oder m\u00fcssen wir es extern einkaufen<\/li>\n<\/ol>\n<p>Als Basis f\u00fcr die Prioisierung von Arbeitsschritten kann das ber\u00fchmte Quadrat angesetzt werden.<br \/>\n1. Was ist kosteng\u00fcnstig und rentabel?<br \/>\n2. Was ist teuer, aber rentabel?<br \/>\n3. Was ist kosteng\u00fcnstig und wenig rentabel?<br \/>\n4. Was ist teuer und nicht rentabel?<br \/>\nWas in den ersten beiden Quadranten landet sollte priorisiert werden. Zu bedenken ist dabei, dass sich Investitionen in den Baubestand oder in das Know How der Mitarbeiter erst nach einigen Jahren armotisieren kann. Das kann sich aber schlagartig \u00e4ndern, sobald man behinderte Angestellte hat, neue Gesetze erlassen werden oder man von einem Behinderten wegen mangelnder Barrierefreiheit verklagt wird.<\/p>\n<h2>Zum Weiterlesen<\/h2>\n<p>Werfen Sie einen Blick in mein Buch <a href=\"https:\/\/www.netz-barrierefrei.de\/wordpress\/buch-einfuehrung-in-die-barrierefreiheit\/\">&#8222;Barrierefreiheit in der Organisation umsetzen&#8220;<\/a>, dort erhalten Sie ausf\u00fchrliche Informationen zur Umsetzung von Barrierefreiheit.<br \/>\n<a href=\"https:\/\/netz-barrierefrei.de\/en\/intro-company.html\">How to introduce Accessibility in the Company<\/a><\/p>\n","protected":false},"excerpt":{"rendered":"<p>Vor allem der Einstieg oder Umstieg in die Barrierefreiheit kann schwierig sein. Es ist wie bei so vielen Projekten sinnvoll, nicht alle Schritte gleichzeitig zu&#8230;<\/p>\n<div class=\"more-link-wrapper\"><a class=\"more-link\" href=\"https:\/\/www.netz-barrierefrei.de\/wordpress\/wirtschaft-gesellschaft\/barrierefreiheit-im-unternehmen-einfuehren\/\">Weiterlesen<span class=\"screen-reader-text\">Barrierefreiheit im Unternehmen einf\u00fchren<\/span><\/a><\/div>\n","protected":false},"author":1,"featured_media":0,"parent":745,"menu_order":0,"comment_status":"closed","ping_status":"closed","template":"","meta":{"footnotes":""},"class_list":["post-753","page","type-page","status-publish","hentry","entry"],"_links":{"self":[{"href":"https:\/\/www.netz-barrierefrei.de\/wordpress\/wp-json\/wp\/v2\/pages\/753","targetHints":{"allow":["GET"]}}],"collection":[{"href":"https:\/\/www.netz-barrierefrei.de\/wordpress\/wp-json\/wp\/v2\/pages"}],"about":[{"href":"https:\/\/www.netz-barrierefrei.de\/wordpress\/wp-json\/wp\/v2\/types\/page"}],"author":[{"embeddable":true,"href":"https:\/\/www.netz-barrierefrei.de\/wordpress\/wp-json\/wp\/v2\/users\/1"}],"replies":[{"embeddable":true,"href":"https:\/\/www.netz-barrierefrei.de\/wordpress\/wp-json\/wp\/v2\/comments?post=753"}],"version-history":[{"count":6,"href":"https:\/\/www.netz-barrierefrei.de\/wordpress\/wp-json\/wp\/v2\/pages\/753\/revisions"}],"predecessor-version":[{"id":8261,"href":"https:\/\/www.netz-barrierefrei.de\/wordpress\/wp-json\/wp\/v2\/pages\/753\/revisions\/8261"}],"up":[{"embeddable":true,"href":"https:\/\/www.netz-barrierefrei.de\/wordpress\/wp-json\/wp\/v2\/pages\/745"}],"wp:attachment":[{"href":"https:\/\/www.netz-barrierefrei.de\/wordpress\/wp-json\/wp\/v2\/media?parent=753"}],"curies":[{"name":"wp","href":"https:\/\/api.w.org\/{rel}","templated":true}]}}