{"id":7547,"date":"2023-04-17T11:04:53","date_gmt":"2023-04-17T09:04:53","guid":{"rendered":"https:\/\/www.netz-barrierefrei.de\/wordpress\/?page_id=7547"},"modified":"2024-02-01T08:39:47","modified_gmt":"2024-02-01T06:39:47","slug":"mit-digitaler-barrierefreiheit-ein-unternehmen-gruenden-ein-interview-mit-sophie-johanning-von-silta-ai","status":"publish","type":"page","link":"https:\/\/www.netz-barrierefrei.de\/wordpress\/newsletter-digitale-barrierefreiheit\/podcast-videocast-digitale-barrierefreiheit\/mit-digitaler-barrierefreiheit-ein-unternehmen-gruenden-ein-interview-mit-sophie-johanning-von-silta-ai\/","title":{"rendered":"Mit digitaler Barrierefreiheit ein Unternehmen gr\u00fcnden &#8211; ein Interview mit Sophie Johanning"},"content":{"rendered":"<p><iframe loading=\"lazy\" src=\"https:\/\/digitale-barrierefreiheit.podigee.io\/55-silta\/embed?context=external&#038;theme=default\" style=\"border: 0\" frameBorder=\"0\" height=\"100\" width=\"100%\"><\/iframe><br \/>\nDas ist das Transkript zum oben eingebetteten Podcast. Ich habe den Text ein wenig gegl\u00e4ttet, aber versucht, den m\u00fcndlichen Charakter beizubehalten. Tippfehler gehen auf mein Konto. Ich sprach mit der Gr\u00fcnderin Sophie Johanning \u00fcber den Einstieg in die digitale Barrierefreiheit, barrierefreie Dokumente und K\u00fcnstliche Intelligenz und \u00fcber ihre Tipps f\u00fcr andere, die sich mit digitaler Barrierefreiheit selbst\u00e4ndig machen m\u00f6chten. <\/p>\n<p>Domingos: Herzlich willkommen zu einem neuen Podcast zur digitalen Barrierefreiheit. Heute darf ich den ersten Interview-Gast in diesem Podcast begr\u00fc\u00dfen, n\u00e4mlich Sophie Johanning. Erstmal herzlichen Dank dass du dir die Zeit f\u00fcr das Interview nimmst. Stell Dich doch einmal vor.<\/p>\n<p>Sophie: Vielen lieben Dank, dass ich hier sein darf. Ich arbeite in der digitalen Barrierefreiheit und vor allem im Bereich barrierefreie Dokumente und barrierefreie Software, ich und <a href=\"https:\/\/www.silta.ai\/\">mein Netzwerk Silta<\/a>.<br \/>\nWir versuchen Menschen mit verschiedenen Hintergr\u00fcnden und verschiedenen Schwerpunkten und Vorwissen im Bereich Barrierefreiheit zusammen zu bringen und zusammen an Projekten zu arbeiten. Zum einen Projekte f\u00fcr Kunden, wo wir Geld verdienen. aber Zum anderen auch Projekte, wo wir versuchen, langfristige L\u00f6sungen entweder selber zu finden oder zu f\u00f6rdern und die digitale Barrierefreiheit zu verbessern.<\/p>\n<div id=\"ez-toc-container\" class=\"ez-toc-v2_0_83 counter-hierarchy ez-toc-counter ez-toc-white ez-toc-container-direction\">\n<div class=\"ez-toc-title-container\">\n<p class=\"ez-toc-title\" style=\"cursor:inherit\">Inhalt<\/p>\n<span class=\"ez-toc-title-toggle\"><a href=\"#\" class=\"ez-toc-pull-right ez-toc-btn ez-toc-btn-xs ez-toc-btn-default ez-toc-toggle\" aria-label=\"Toggle Table of Content\"><span class=\"ez-toc-js-icon-con\"><span class=\"\"><span class=\"eztoc-hide\" style=\"display:none;\">Toggle<\/span><span class=\"ez-toc-icon-toggle-span\"><svg style=\"fill: #999;color:#999\" xmlns=\"http:\/\/www.w3.org\/2000\/svg\" class=\"list-377408\" width=\"20px\" height=\"20px\" viewBox=\"0 0 24 24\" fill=\"none\"><path d=\"M6 6H4v2h2V6zm14 0H8v2h12V6zM4 11h2v2H4v-2zm16 0H8v2h12v-2zM4 16h2v2H4v-2zm16 0H8v2h12v-2z\" fill=\"currentColor\"><\/path><\/svg><svg style=\"fill: #999;color:#999\" class=\"arrow-unsorted-368013\" xmlns=\"http:\/\/www.w3.org\/2000\/svg\" width=\"10px\" height=\"10px\" viewBox=\"0 0 24 24\" version=\"1.2\" baseProfile=\"tiny\"><path d=\"M18.2 9.3l-6.2-6.3-6.2 6.3c-.2.2-.3.4-.3.7s.1.5.3.7c.2.2.4.3.7.3h11c.3 0 .5-.1.7-.3.2-.2.3-.5.3-.7s-.1-.5-.3-.7zM5.8 14.7l6.2 6.3 6.2-6.3c.2-.2.3-.5.3-.7s-.1-.5-.3-.7c-.2-.2-.4-.3-.7-.3h-11c-.3 0-.5.1-.7.3-.2.2-.3.5-.3.7s.1.5.3.7z\"\/><\/svg><\/span><\/span><\/span><\/a><\/span><\/div>\n<nav><ul class='ez-toc-list ez-toc-list-level-1 ' ><li class='ez-toc-page-1 ez-toc-heading-level-2'><a class=\"ez-toc-link ez-toc-heading-1\" href=\"https:\/\/www.netz-barrierefrei.de\/wordpress\/newsletter-digitale-barrierefreiheit\/podcast-videocast-digitale-barrierefreiheit\/mit-digitaler-barrierefreiheit-ein-unternehmen-gruenden-ein-interview-mit-sophie-johanning-von-silta-ai\/#Sophies_Weg_in_die_digitale_Barrierefreiheit\" >Sophies Weg in die digitale Barrierefreiheit<\/a><\/li><li class='ez-toc-page-1 ez-toc-heading-level-2'><a class=\"ez-toc-link ez-toc-heading-2\" href=\"https:\/\/www.netz-barrierefrei.de\/wordpress\/newsletter-digitale-barrierefreiheit\/podcast-videocast-digitale-barrierefreiheit\/mit-digitaler-barrierefreiheit-ein-unternehmen-gruenden-ein-interview-mit-sophie-johanning-von-silta-ai\/#An_welchen_Projekten_sie_arbeiten\" >An welchen Projekten sie arbeiten<\/a><\/li><li class='ez-toc-page-1 ez-toc-heading-level-2'><a class=\"ez-toc-link ez-toc-heading-3\" href=\"https:\/\/www.netz-barrierefrei.de\/wordpress\/newsletter-digitale-barrierefreiheit\/podcast-videocast-digitale-barrierefreiheit\/mit-digitaler-barrierefreiheit-ein-unternehmen-gruenden-ein-interview-mit-sophie-johanning-von-silta-ai\/#Herausforderung_barrierefreie_Dokumente\" >Herausforderung barrierefreie Dokumente<\/a><\/li><li class='ez-toc-page-1 ez-toc-heading-level-2'><a class=\"ez-toc-link ez-toc-heading-4\" href=\"https:\/\/www.netz-barrierefrei.de\/wordpress\/newsletter-digitale-barrierefreiheit\/podcast-videocast-digitale-barrierefreiheit\/mit-digitaler-barrierefreiheit-ein-unternehmen-gruenden-ein-interview-mit-sophie-johanning-von-silta-ai\/#Tipps_zum_Einstieg_in_die_digitale_Barrierefreiheit_als_Freelancerin\" >Tipps zum Einstieg in die digitale Barrierefreiheit als Freelancerin<\/a><\/li><li class='ez-toc-page-1 ez-toc-heading-level-2'><a class=\"ez-toc-link ez-toc-heading-5\" href=\"https:\/\/www.netz-barrierefrei.de\/wordpress\/newsletter-digitale-barrierefreiheit\/podcast-videocast-digitale-barrierefreiheit\/mit-digitaler-barrierefreiheit-ein-unternehmen-gruenden-ein-interview-mit-sophie-johanning-von-silta-ai\/#Mehr_ueber_Sophies_Unternehmen\" >Mehr \u00fcber Sophies Unternehmen<\/a><\/li><\/ul><\/nav><\/div>\n<h2><span class=\"ez-toc-section\" id=\"Sophies_Weg_in_die_digitale_Barrierefreiheit\"><\/span>Sophies Weg in die digitale Barrierefreiheit<span class=\"ez-toc-section-end\"><\/span><\/h2>\n<p>Domingos: Das ist auch dringend notwendig. Du hast ja einen ganz interessanten Hintergrund. Du hast ja Chemie und Physik auf Master studiert und auch abgeschlossen. Dann hast Du einen etwas ungew\u00f6hnlichen Weg zum Thema Barrierefreiheit gefunden. Vielleicht kannst du Den Zuh\u00f6renden ein bisschen dar\u00fcber erz\u00e4hlen, wie Du in die Barrierefreiheit gerutscht bist.<\/p>\n<p>Sophie: ja genau, ich habe angefangen Chemie zu studieren und nach zwei Semestern gemerkt, dass mir Physik fehlt. Dann war ich so tollk\u00fchn und habe dann Chemie und Physik gleichzeitig studiert<br \/>\nDann in meinen Schluss Z\u00fcgen im Master, weil ich ein bisschen l\u00e4nger dadurch studiert habe, da es zwei Studieng\u00e4nge waren und ich meine Eltern etwas entlasten wollte, habe ich mir einen Nebenjob gesucht. Ich bin auf netz-barrierefrei.de gesto\u00dfen. Du hattest eine Assistentin gebraucht, die mit dir durch Deutschland zieht und Dich unterst\u00fctzt. Ich erinnere mich an die ersten drei, vier Termine mit dir waren glaube ich einmal in Hamburg das Spiegel-Interview, dann in D\u00fcsseldorf eine Schulung und Vortr\u00e4ge aller Art. Es hat unglaublich viel Spa\u00df gemacht und ich konnte an ganz vielen Schulungen und Vortr\u00e4gen von dir teilnehmen. Das ist alles unglaublich spannend gewesen.<br \/>\nIch komme aus den Naturwissenschaften. Dort habe ich mich auf Coding spezialisiert Das hei\u00dft, mir wurden wissenschaftliche Probleme gegeben und dann habe ich versucht, Programme bzw. algorithmische L\u00f6sungen daf\u00fcr zu finden. Mich hat es interessiert, wie man es schaffen k\u00f6nnte, vielleicht ein Feld wie die digitale Barrierefreiheit, die \u00fcberhaupt nicht automatisiert ist, bis heute, wie man es schafft, durch Algorithmen und Automatismen vielleicht in der Zukunft zu verbessern. Und auch allgemein fand ich dieses Feld unglaublich spannend. Wir hatten es dann ja auch h\u00e4ufig dar\u00fcber in vielen deutschen Bahnen, die zu sp\u00e4t kamen, weswegen wir ja immer ganz viel quatschen konnten, vor und nach Vortr\u00e4gen. So ein bisschen fehlt die wissenschaftliche Sicht und technische Expertise in der deutschen Barrierefreiheit.<br \/>\nDann habe ich mich 2019 selbstst\u00e4ndig gemacht und habe angefangen, da wirklich in dem Bereich zu arbeiten bis heute. Ich habe nach und nach mein Netzwerk aufgebaut und wir sind jetzt zu zweit. Ich und meine Business Partnerin, die dazu gekommen ist. Sie ist auch aus dem Bereich der Physik, sie war Teilchen Physikerin. Wir sind aktuell ein Netzwerk und hoffen, in Zukunft eine GmbH zu gr\u00fcnden, die sich mit Software-Entwicklung besch\u00e4ftigt. Wir versuchen wirklich, L\u00f6sungen zu finden, zum Beispiel vielleicht einen besseren Screenreader zu entwickeln oder Automatisierung oder \u00e4hnliches.<br \/>\nSo viel zu meinem Weg in die Barrierefreiheit, etwas unkonventionell, aber vielleicht auch wirklich dadurch, dass man Barrierefreiheit nicht studieren kann dann doch ganz konventionell so aus einer ganz anderen Ecke zu kommen <\/p>\n<p>Domingos: So ist es. Auch in der Webentwicklung kommen ja viele Leute aus ganz anderen Bereichen. Ich denke auch, dass generell die wissenschaftliche bzw. naturwissenschaftliche Herangehensweise in der Barrierefreiheit eine Bereicherung ist. Ich selbst gehe meist intuitiv an das Thema, was nicht immer sinnvoll ist. <\/p>\n<p>Sophie: Das ist mir auch aufgefallen. Ich stelle mir automatisch die Frage ,wenn jemand zum Beispiel sagt, Icons sind nicht barrierefrei. Bei mir kommt dann immer direkt die Frage auf, warum dem so sei und h\u00e4ufig k\u00f6nnen die Leute gar nicht sagen, wie sie zu einer spezifischen Aussage kommen. Das sind dann einfach Dinge, die man so denkt In der digitalen Barrierefreiheit in Deutschland, ohne sie gepr\u00fcft zu haben. Und dann ist es manchmal gut, wenn jemand neu dazu kommt und nachfragt. <\/p>\n<h2><span class=\"ez-toc-section\" id=\"An_welchen_Projekten_sie_arbeiten\"><\/span>An welchen Projekten sie arbeiten<span class=\"ez-toc-section-end\"><\/span><\/h2>\n<p>Domingos: Du arbeitest ja jetzt ungef\u00e4hr drei Jahre in der Barrierefreiheit, also f\u00fcnf Jahre, wenn wir die assistenzzeit dazu z\u00e4hlen. Vielleicht kannst Du erz\u00e4hlen, an welchen interessanten Projekten ihr gerade arbeitet, ohne jetzt Kunden- oder Produktnamen zu nennen. <\/p>\n<p>Sophie: Im Moment kooperieren wir mit einem \u00f6ffentlichen Kunden. Da geht&#8216; es darum, wir sollte Tourismus aussehen, wenn er barrierefrei ist. Wenn ich z.B. eine Werbung habe und da wird jetzt zum Beispiel ein Urlaub empfohlen oder es ist ein instagram-Post und man m\u00f6chte Deutschland als Urlaubsland in irgendeiner Form anpreisen ,dann ist die Frage, wie interessieren wir denn auch Menschen mit Behinderung f\u00fcr Deutschland als Tourismusland. Da reicht das vielleicht nicht ,wenn ich einfach nur ein Standardbild mit einer Bildbeschreibung poste \u201eDas ist das Wattenmeer \u201e. dann w\u00e4re vielleicht was anderes interessanter. Vielleicht, was kann zum Beispiel ein Mensch mit motorischer Behinderung an Aktivit\u00e4ten am Wattenmeer durchf\u00fchren oder wenn es Rundreisen gibt oder \u00e4hnliches, sind die barrierefrei.<br \/>\nAu\u00dferdem machen wir generell sehr viel mit barrierefreien Dokumenten und der Frage, wie wir dann spezifische Bilder auch so beschreiben dass sie dementsprechend ankommen. In einem anderen Projekt geht&#8216; es darum, wie man die Tagging Struktur von Dokumenten automatisiert erstellen lassen kann. F\u00fcr diejenigen, die nichts mit digitaler Barrierefreiheit zu tun haben oder da einfach mal reinschnuppern wollen: Es ist ganz wichtig, dass wir ein PDF haben, das f\u00fcr die Barrierefreiheit jedes einzelne kleine Element von sich selbst aussagt, was es ist: Bin ich eine \u00dcberschrift, bin ich ein Bild das, nennt man Semantik. Diese Struktur muss man bis jetzt h\u00e4ndisch hinterlegen. Das hei\u00dft, irgendjemand muss durchgehen und muss jedem Element zuordnen, was es ist. Word kann einem da helfen, beim Export ins PDF ist das noch nicht optimal. Unser Projekt ist, das Ganze zu automatisieren.<br \/>\nEin weiteres Projekt, welches wir gerade haben: Ein Riesenproblem in der Barrierefreiheit ist, dass wir kaum Daten dar\u00fcber haben, wie sich Menschen mit Behinderung durchs Netz bewegen, weil es Gott sei Dank ja auch nicht getrackt wird. Das f\u00fchrt aber dazu, dass wir gerade bei spezifischen Aussagen gar keine M\u00f6glichkeit haben abzuw\u00e4gen, was wirklich am besten barrierefrei ist. Wir arbeiten an einem Projekt, wo wir die Daten, die wir haben nehmen und visualisieren und versuchen aufzubereiten, um darauf aufmerksam zu machen, wie wenig wir eigentlich wissen und wie wichtig es ist, aktiv Menschen mit Behinderung auch einzubinden. Ich wei\u00df noch, Du hattest 2018 bei Microsoft einen Vortrag gehalten und du hattest davon gesprochen, wie wichtig es ist, dass man sich als Entwickler nicht einfach denkt, okay cool, das w\u00fcrde einer blinden Person helfen, sondern man sollte vielleicht davor mal mit einer blinden Person geredet haben,, ob das wirklich die beste M\u00f6glichkeit ist. Und darauf wollen wir aufmerksam machen, dass man viel mehr mit Menschen mit Behinderung dar\u00fcber redet, was Sie wirklich brauchen und als barrierefrei erachten. Gerade aus der Entwickler Perspektive ist man da manchmal ein bisschen zu Wohlwollend und denkt, man wei\u00df schon, was am Ende hilft.<\/p>\n<h2><span class=\"ez-toc-section\" id=\"Herausforderung_barrierefreie_Dokumente\"><\/span>Herausforderung barrierefreie Dokumente<span class=\"ez-toc-section-end\"><\/span><\/h2>\n<p>Domingos: Deine Kolleginnen und Du aus dem Netzwerk Silta.ai, ihr habt euch ja auf das Thema barrierefreie Dokumente spezialisiert. Welche Probleme stellen sich in diesem Bereich?<\/p>\n<p>Sophie: Ich hatte es ja schon mal kurz angesprochen: Dieses Problem mit der Semantik. Und das ist bei PDFs wirklich so der Knackpunkt. Man muss so eine technische Struktur integrieren, die Elementen und Strukturen einen Sinn und einen Zweck gibt. Wo KI helfen kann oder allgemein einfach schlauer Algorithmen die selbstst\u00e4ndig Entscheidungen treffen k\u00f6nnen ist bei der Frage, wenn ich zum Beispiel verschiedene \u00dcberschriften habe und eine davon zum Beispiel in Schriftgr\u00f6\u00dfe 26 gr\u00fcn und fett gedruckt und eine andere ist in Schriftgr\u00f6\u00dfe 20 auch gr\u00fcn und nicht fett gedruckt. Eine KI k\u00f6nnte sich das anschauen und dann entscheiden, das eine ist vielleicht eine \u00dcberschrift und das andere ein Titel und so weiter.<br \/>\nIm Gro\u00dfen und Ganzen sind Infografiken und vor allem Grafiken, die f\u00fcr blinde Menschen beschrieben werden sollten im allgemeinen ein Problem. Da k\u00f6nnen Bilderkennungs-Systeme in Zukunft helfen. Eine Sache, die bei Dokumenten wichtiger ist als zum Beispiel im Web. Im Web sind Inhalt und Design streng getrennt. Das hei\u00dft, Inhalte werden durch das HTML weitergegeben, das Design wird \u00fcber CSS gemacht. In PDF ist das aktuell schwieriger. Sie m\u00fcssen h\u00e4ufig h\u00e4ndisch getaggt werden, wir arbeiten an einer L\u00f6sung, um das zu automatisieren.<br \/>\nWeil du das Thema Probleme angesprochen hast. Ein wichtiges Thema ist auch das automatisierte Pr\u00fcfen von PDFs auf Barrierefreiheit. Es gibt zwar Werkzeuge daf\u00fcr, die aber aktuell nicht brauchbar sind. <\/p>\n<p>Domingos: Du und Deine Kollegin seid ja auch Entwicklerinnen f\u00fcr KI. Wie seht ihr die Zukunft der KI bei barrierefreien PDF, wird es da in absehbarer Zeit positive Entwicklungen geben?<\/p>\n<p>Sophie: Auf jeden Fall. Das ist jetzt meine pers\u00f6nliche Einsch\u00e4tzung. Aber durch die neuen Gesetze in der EU und den European Accessibility Act ist da ganz viel angesto\u00dfen worden. Es gab fr\u00fcher nicht den Druck, so schlaue Algorithmen zu entwickeln. Geld wird da investiert, wo man Geld machen kann. Was wir bisher haben, ist eher mittelm\u00e4\u00dfig und muss sehr viel h\u00e4ndisch nachgebessert werden. Man merkt, dass hier viel mehr Momentum reinkommt und es viele Initiativen gibt. Ich denke, dass es in drei, vielleicht f\u00fcnf Jahren viel besser aussehen wird. <\/p>\n<h2><span class=\"ez-toc-section\" id=\"Tipps_zum_Einstieg_in_die_digitale_Barrierefreiheit_als_Freelancerin\"><\/span>Tipps zum Einstieg in die digitale Barrierefreiheit als Freelancerin<span class=\"ez-toc-section-end\"><\/span><\/h2>\n<p>Domingos: bevor wir zum Schluss kommen: Du hast dich ja bewusst entschieden, Dich selbstst\u00e4ndig mit dem Thema digitale Barrierefreiheit zu machen. Es gibt ja sehr viele junge Menschen wie Dich, die gerade mit dem Studium fertig sind und etwas Sinnvolles machen wollen. Was w\u00fcrdest Du ihnen raten, wenn sie in die digitale Barrierefreiheit gehen m\u00f6chten?<\/p>\n<p>Sophie: Ich muss wirklich sagen, unser Netzwerk und die Community, es gibt so viele liebe Menschen die helfen wollen und die Leute suchen. Das hei\u00dft, sich wirklich trauen, vielleicht mal Leute anzuschreiben. Vielleicht mal in der Hochschule in einen Kurs oder eine Session\/Vortrag reinschnuppern. Eine Sache, die ich wirklich mit auf den Weg geben m\u00f6chte, weil das uns auch ja alles so viel Freude bringt und wir so viel Spa\u00df am Job haben und an der Thematik.<br \/>\nBarrierefreiheit steht ja noch nicht auf dem Stundenplan. Man hat sein Studium abgeschlossen und es ist immer sicherer in Anstellung zu gehen. aber wenn man mutig ist, sollte man es auch mit der Selbst\u00e4ndigkeit versuchen.  und wenn man vielleicht mal ein paar Leute im Netzwerk an schreibt und mal fragt ob man vielleicht zwei drei Wochen Praktikum machen kann oder mal reinschnuppern kann. Es ist eine so nette Community, es gibt so viele hilfsbereite Menschen und es macht so unglaublich viel Spa\u00df und wir brauchen wirklich schlaue Leute mit allen m\u00f6glichen F\u00e4higkeiten. Generell ist die Vernetzung mit anderen Gleichgesinnten superwichtig.<\/p>\n<p>Domingos ja, vielen Dank f\u00fcr diese Tipps. Ich hoffe, dass sich dann auch einige Leute ermutigt f\u00fchlen, in das Thema Barrierefreiheit reinzugehen. Das m\u00fcssen ja auch nicht unbedingt junge Leute sein, man kann auch mit 50 Jahren eine komplett neue Richtung einschlagen. Auf jeden Fall herzlichen Dank, dass Du Dir die Zeit f\u00fcr das Interview genommen hast.<\/p>\n<h2><span class=\"ez-toc-section\" id=\"Mehr_ueber_Sophies_Unternehmen\"><\/span>Mehr \u00fcber Sophies Unternehmen<span class=\"ez-toc-section-end\"><\/span><\/h2>\n<ul>\n<li>Mehr \u00fcber <a href=\"https:\/\/www.silta.ai\/leistungen\">Silta und deren Leistungen zur digitalen Barrierefreiheit<\/a><\/li>\n<li>Sophie auf LinkedIn<\/li>\n<li><a href=\"https:\/\/netz-barrierefrei.de\/en\/interview-silta.html\">Talk with Sophie Johanning on Founding a Company for digital Accessibility<\/a><\/li>\n<\/ul>\n","protected":false},"excerpt":{"rendered":"<p>Das ist das Transkript zum oben eingebetteten Podcast. Ich habe den Text ein wenig gegl\u00e4ttet, aber versucht, den m\u00fcndlichen Charakter beizubehalten. Tippfehler gehen auf mein&#8230;<\/p>\n<div class=\"more-link-wrapper\"><a class=\"more-link\" href=\"https:\/\/www.netz-barrierefrei.de\/wordpress\/newsletter-digitale-barrierefreiheit\/podcast-videocast-digitale-barrierefreiheit\/mit-digitaler-barrierefreiheit-ein-unternehmen-gruenden-ein-interview-mit-sophie-johanning-von-silta-ai\/\">Weiterlesen<span class=\"screen-reader-text\">Mit digitaler Barrierefreiheit ein Unternehmen gr\u00fcnden &#8211; ein Interview mit Sophie Johanning<\/span><\/a><\/div>\n","protected":false},"author":1,"featured_media":0,"parent":5091,"menu_order":0,"comment_status":"closed","ping_status":"closed","template":"","meta":{"footnotes":""},"class_list":["post-7547","page","type-page","status-publish","hentry","entry"],"_links":{"self":[{"href":"https:\/\/www.netz-barrierefrei.de\/wordpress\/wp-json\/wp\/v2\/pages\/7547","targetHints":{"allow":["GET"]}}],"collection":[{"href":"https:\/\/www.netz-barrierefrei.de\/wordpress\/wp-json\/wp\/v2\/pages"}],"about":[{"href":"https:\/\/www.netz-barrierefrei.de\/wordpress\/wp-json\/wp\/v2\/types\/page"}],"author":[{"embeddable":true,"href":"https:\/\/www.netz-barrierefrei.de\/wordpress\/wp-json\/wp\/v2\/users\/1"}],"replies":[{"embeddable":true,"href":"https:\/\/www.netz-barrierefrei.de\/wordpress\/wp-json\/wp\/v2\/comments?post=7547"}],"version-history":[{"count":5,"href":"https:\/\/www.netz-barrierefrei.de\/wordpress\/wp-json\/wp\/v2\/pages\/7547\/revisions"}],"predecessor-version":[{"id":9982,"href":"https:\/\/www.netz-barrierefrei.de\/wordpress\/wp-json\/wp\/v2\/pages\/7547\/revisions\/9982"}],"up":[{"embeddable":true,"href":"https:\/\/www.netz-barrierefrei.de\/wordpress\/wp-json\/wp\/v2\/pages\/5091"}],"wp:attachment":[{"href":"https:\/\/www.netz-barrierefrei.de\/wordpress\/wp-json\/wp\/v2\/media?parent=7547"}],"curies":[{"name":"wp","href":"https:\/\/api.w.org\/{rel}","templated":true}]}}