{"id":757,"date":"2018-03-26T18:21:10","date_gmt":"2018-03-26T16:21:10","guid":{"rendered":"http:\/\/www.netz-barrierefrei.de\/wordpress\/?page_id=757"},"modified":"2018-03-26T18:21:10","modified_gmt":"2018-03-26T16:21:10","slug":"die-soziale-seite","status":"publish","type":"page","link":"https:\/\/www.netz-barrierefrei.de\/wordpress\/wirtschaft-gesellschaft\/die-soziale-seite\/","title":{"rendered":"Die soziale Seite"},"content":{"rendered":"<p>Abgesehen davon, dass ich nach wie vor begeistert von den M\u00f6glichkeiten bin, die mir der Computer und andere Hilfsmittel bieten, stehe ich dem Ganzen nach wie vor kritisch gegen\u00fcber. Und zwar dort, wo Probleme eher sozial als technisch gel\u00f6st werden sollten.<br \/>\nWir verwenden viel Zeit darauf zu \u00fcberlegen, wie die Technologie mehr Barrierefreiheit schaffen kann. Eine Nebenfolge davon ist aber, dass wir sozialen Kontakten aus dem Weg gehen. Wir fragen nicht mehr nach dem Weg, weil GPS uns f\u00fchrt. Wir fragen nicht mehr nach einem Produkt, sondern scannen den Barcode und holen uns die Infos dazu aus dem Netz.<br \/>\nDie Definition f\u00fcr Barrierefreiheit besagt, dass wir eine Aktion oder Information grunds\u00e4tzlich ohne fremde Hilfe durchf\u00fchren bzw. bekommen sollen. Ich lese da nicht raus, dass wir alles ohne fremde Hilfe schaffen sollen, aber das scheint f\u00fcr viele das Ziel zu sein.<br \/>\nIch kam auf das Thema, weil ich in einer Blinden-Mailingliste die Frage las, ob eine Navisoftware auch B\u00fcrgersteige anzeigen k\u00f6nne. Jemand anderes beschwerte sich \u00fcber die Ungenauigkeit der Navigations-Apps. Das zeigte mir, dass einige Blinde ganz falsche Erwartungen an die Technik haben. Einige Leute scheinen zu glauben, man k\u00f6nne mit GPS und \u00e4hnlichem praktisch zentimetergenau an den Bestimmungsort gelangen und auch noch gefahrfrei durch die Gegend gef\u00fchrt werden. Am Ende braucht man kein Training mehr am Stock, weil das iPhone oder sonst ein Gadget das alles f\u00fcr Einen \u00fcbernimmt.<br \/>\nDas ist reine Utopie, mir ist keine Technik bekannt, mit der das machbar w\u00e4re. Vorstellbar w\u00e4re eine Kombination verschiedener Technologien wie Abstandssensoren, Augmented Reality und so weiter, ich will hier nicht ins Detail gehen. Das ist sch\u00f6n und gut, bis der Akku leer ist.  Und was dann?<br \/>\nGenau, man fragt den n\u00e4chsten Passanten. Der wei\u00df nat\u00fcrlich nicht, wie er mit Blinden umgehen soll, weil er dank neuer Technologie noch weniger mit ihnen in Ber\u00fchrung kommt als vorher. Der Blinde ist also auf die gleichen F\u00e4higkeiten angewiesen wie vor 100 Jahren: eine saubere Stocktechnik, ein gutes Orientierungsverm\u00f6gen und vor allem die F\u00e4higkeit, andere Leute um Hilfe zu bitten. Ja, ich glaube, dass man das verlernen kann. Jeder Blinde kennt die Erfahrung, dass man Menschen um Hilfe bittet und sie einfach weiter gehen. Das ist total beschissen, aber so ist das Leben. Wenn man damit nicht zurecht kommt, hat man ein Riesenproblem, denn dann kann man nur noch zuhause rumhocken. Aber je weniger man fragt, desto weniger Lust hat man darauf, es zu versuchen. Das mag bl\u00f6d klingen, aber um Hilfe zu bitten ist der einfachste Weg, um mit anderen Menschen ins Gespr\u00e4ch zu kommen. Der andere Weg f\u00fchrt \u00fcber die Raucherecke, aber da will auch nicht jeder hin.<br \/>\nDie Technik wird nie v\u00f6llige Barrierefreiheit erm\u00f6glichen. Es geht also nicht darum, die menschliche Hilfe \u00fcberfl\u00fcssig zu machen, sondern einen vern\u00fcnftigen Mix aus Technik und menschlicher Hilfe zu finden.<br \/>\nDie Technik kann viele Aufgaben l\u00f6sen und kaum jemand m\u00f6chte auf diese Vorteile verzichten, auch ich nicht. Auf der anderen Seite f\u00fchrt die Technik aber auch zu  weniger Kontakten zwischen Menschen mit und ohne Behinderung. Blinde lassen  sich eher von ihrem Smartphone zu ihrem gesuchten Ort navigieren statt die  Passanten zu befragen. Manche Behinderte  erledigen ihre Verwaltungsangelegenheiten komplett \u00fcber das Internet, damit sie nicht aufs Amt gehen m\u00fcssen. Das macht viele Dinge einfacher, die Frage ist, ob es ihre Inklusion in die Gesellschaft verbessert, wenn sie irgendwann keinen Kontakt mehr mit Nicht-Behinderten haben. Die soziale Seite<\/p>\n","protected":false},"excerpt":{"rendered":"<p>Abgesehen davon, dass ich nach wie vor begeistert von den M\u00f6glichkeiten bin, die mir der Computer und andere Hilfsmittel bieten, stehe ich dem Ganzen nach&#8230;<\/p>\n<div class=\"more-link-wrapper\"><a class=\"more-link\" href=\"https:\/\/www.netz-barrierefrei.de\/wordpress\/wirtschaft-gesellschaft\/die-soziale-seite\/\">Weiterlesen<span class=\"screen-reader-text\">Die soziale Seite<\/span><\/a><\/div>\n","protected":false},"author":1,"featured_media":0,"parent":745,"menu_order":0,"comment_status":"closed","ping_status":"closed","template":"","meta":{"footnotes":""},"class_list":["post-757","page","type-page","status-publish","hentry","entry"],"_links":{"self":[{"href":"https:\/\/www.netz-barrierefrei.de\/wordpress\/wp-json\/wp\/v2\/pages\/757","targetHints":{"allow":["GET"]}}],"collection":[{"href":"https:\/\/www.netz-barrierefrei.de\/wordpress\/wp-json\/wp\/v2\/pages"}],"about":[{"href":"https:\/\/www.netz-barrierefrei.de\/wordpress\/wp-json\/wp\/v2\/types\/page"}],"author":[{"embeddable":true,"href":"https:\/\/www.netz-barrierefrei.de\/wordpress\/wp-json\/wp\/v2\/users\/1"}],"replies":[{"embeddable":true,"href":"https:\/\/www.netz-barrierefrei.de\/wordpress\/wp-json\/wp\/v2\/comments?post=757"}],"version-history":[{"count":1,"href":"https:\/\/www.netz-barrierefrei.de\/wordpress\/wp-json\/wp\/v2\/pages\/757\/revisions"}],"predecessor-version":[{"id":758,"href":"https:\/\/www.netz-barrierefrei.de\/wordpress\/wp-json\/wp\/v2\/pages\/757\/revisions\/758"}],"up":[{"embeddable":true,"href":"https:\/\/www.netz-barrierefrei.de\/wordpress\/wp-json\/wp\/v2\/pages\/745"}],"wp:attachment":[{"href":"https:\/\/www.netz-barrierefrei.de\/wordpress\/wp-json\/wp\/v2\/media?parent=757"}],"curies":[{"name":"wp","href":"https:\/\/api.w.org\/{rel}","templated":true}]}}