{"id":7691,"date":"2023-05-17T12:29:09","date_gmt":"2023-05-17T10:29:09","guid":{"rendered":"https:\/\/www.netz-barrierefrei.de\/wordpress\/?page_id=7691"},"modified":"2023-08-19T14:45:00","modified_gmt":"2023-08-19T12:45:00","slug":"7691-2","status":"publish","type":"page","link":"https:\/\/www.netz-barrierefrei.de\/wordpress\/7691-2\/","title":{"rendered":"CPACC &#8211; meine Einsch\u00e4tzung zum Certified Professional in Accessibility Core Competencies Zertifikat"},"content":{"rendered":"<p>In diesem Beitrag m\u00f6chte ich zeigen, warum ich das CPACC (Certified Professional in Accessibility Core Competencies) Zertifikat der International Association of Accessibility Professionals (IAAP) nicht f\u00fcr sinnvoll halte. <a href=\"https:\/\/www.netz-barrierefrei.de\/wordpress\/der-web-accessibility-specialist-meine-einschaetzung-zum-was-zertifikat-der-iaap\/\">Meine Einsch\u00e4tzung zum WAS-Zertifikat der IAAP<\/a>. <\/p>\n<ul>\n<li>Begrenzte praktische Erfahrung: Das CPACC-Zertifikat basiert haupts\u00e4chlich auf theoretischem Wissen \u00fcber Barrierefreiheit. Es bietet jedoch nicht ausreichend M\u00f6glichkeiten, praktische Erfahrungen zu sammeln und das erlernte Wissen in realen Projekten anzuwenden. F\u00fcr einige Arbeitgeber und Kunden ist praktische Erfahrung oft wichtiger als ein Zertifikat.<\/li>\n<li>Schnelle Weiterentwicklung der Technologie: Die digitale Welt entwickelt sich rasant weiter, und neue Technologien und Plattformen entstehen st\u00e4ndig. Ein Zertifikat, das auf einem bestimmten Wissensstand basiert, kann nicht Schritt halten mit den neuesten Entwicklungen und Anforderungen der Barrierefreiheit. Kontinuierliche Weiterbildung und aktuelles Fachwissen sind  wichtiger als ein einmaliges Zertifikat.<\/li>\n<li>Vielfalt der Barrierefreiheitsanforderungen: Die Anforderungen und Bed\u00fcrfnisse von Menschen mit Behinderungen im digitalen Raum sind vielf\u00e4ltig und k\u00f6nnen je nach Kontext, Kultur und individuellen Faktoren variieren. Ein einzelnes Zertifikat kann nicht alle spezifischen Anforderungen abdecken, die in verschiedenen Branchen und Zielgruppen auftreten. Daher ist es effektiver, eine breite Palette von Erfahrungen und Fachkenntnissen anzustreben, anstatt sich ausschlie\u00dflich auf ein Zertifikat zu konzentrieren.<\/li>\n<li>Alternativen zur Zertifizierung: Es gibt alternative Wege, um Fachwissen und F\u00e4higkeiten im Bereich der digitalen Barrierefreiheit zu erwerben, die m\u00f6glicherweise als gleichwertig oder sogar vorteilhafter angesehen werden. Dazu geh\u00f6ren praxisorientierte Schulungen, Praktika, Projektbeteiligungen und die Zusammenarbeit mit erfahrenen Fachleuten. Ein Zertifikat allein kann die praktische Kompetenz nicht widerspiegeln.<\/li>\n<\/ul>\n<p>Im Endeffekt belohnt die IAAP vor allem das Auswendiglernen des Stoffes, was ich nicht f\u00fcr nachhaltig halte. Auch der Preis von \u00fcber 400 US-Dollar ist nicht angemessen. Ich glaube nicht, dass das Zertifikat besonders nachhaltig ist. Muss man s\u00e4mtliche Behinderten-Modelle kennen oder wissen, wie viele Menschen an einer bestimmten Sehbehinderung erkrankt sind, um in der Barrierefreiheit zu arbeiten? Meines Erachtens nicht. F\u00fcr die Praxis ist das Meiste, was die IAAP verlangt nicht relevant. Wann braucht man schon mal Universal Design for Learning in der praktischen Arbeit au\u00dferhalb des Bildungskontextes? Der hohe Preis f\u00fcr die Zertifizierung l\u00e4sst darauf schlie\u00dfen, dass es vor allem ums Geldverdienen geht, was f\u00fcr einen Konzern legitim w\u00e4re, nicht aber f\u00fcr einen Fachverband, der sich r\u00fchmt, f\u00fcr Barrierefreiheit einzutreten.<br \/>\nAls Alternative empfehle ich <a href=\"https:\/\/www.netz-barrierefrei.de\/wordpress\/buch-einfuehrung-in-die-barrierefreiheit\/\">mein Buch Barrierefreiheit umsetzen<\/a>.<\/p>\n<ul>\n<li><a href=\"https:\/\/www.netz-barrierefrei.de\/wordpress\/wie-gross-ist-der-arbeitsmarkt-fuer-barrierefreiheits-spezialisten\/\">Der deutsche Jobmarkt f\u00fcr Barrierefreiheits-Spezialisten<\/a><\/li>\n<li><a href=\"https:\/\/www.netz-barrierefrei.de\/wordpress\/warum-der-bitv-test-einen-relaunch-braucht\/\">Kritik am BITV-Test und der DIAS GmbH<\/a><\/li>\n<li><a href=\"https:\/\/www.netz-barrierefrei.de\/wordpress\/die-un-experten-schattenseiten-der-barrierefreiheit\/\">Die Un-Experten &#8211; Betr\u00fcger in der Barrierefreiheits-Szene<\/a><\/li>\n<li><a href=\"https:\/\/www.netz-barrierefrei.de\/wordpress\/barrierefreiheit-wir-brauchen-weniger-experten-und-mehr-basis-wissen\/\">Warum wir weniger Experten f\u00fcr Barrierefreiheit brauchen<\/a><\/li>\n<li><a href=\"https:\/\/www.netz-barrierefrei.de\/wordpress\/was-macht-einen-experten-fuer-digitale-barrierefreiheit-aus\/\">Was macht einen Spezialisten f\u00fcr Barrierefreiheit aus?<\/a><\/li>\n<li><a href=\"https:\/\/total-diskriminiert.blogspot.com\/2021\/04\/why-i-left-iaap-international.html\">Why I left the IAAP International Association of accessibility Professionals<\/a><\/li>\n<li><a href=\"https:\/\/total-diskriminiert.blogspot.com\/2021\/07\/how-accessible-are-exams-of.html\">How accessible are the exams of the International Association of Accessibility Professionals (IAAP)?<\/a><\/li>\n<li><a href=\"https:\/\/netz-barrierefrei.de\/en\/cpacc.html\">My assessment of the CPACC Certified Professional in Accessibility Core Competencies from the IAAP<\/a><\/li>\n<\/ul>\n","protected":false},"excerpt":{"rendered":"<p>In diesem Beitrag m\u00f6chte ich zeigen, warum ich das CPACC (Certified Professional in Accessibility Core Competencies) Zertifikat der International Association of Accessibility Professionals (IAAP) nicht&#8230;<\/p>\n<div class=\"more-link-wrapper\"><a class=\"more-link\" href=\"https:\/\/www.netz-barrierefrei.de\/wordpress\/7691-2\/\">Weiterlesen<span class=\"screen-reader-text\">CPACC &#8211; meine Einsch\u00e4tzung zum Certified Professional in Accessibility Core Competencies Zertifikat<\/span><\/a><\/div>\n","protected":false},"author":1,"featured_media":0,"parent":0,"menu_order":0,"comment_status":"closed","ping_status":"closed","template":"","meta":{"footnotes":""},"class_list":["post-7691","page","type-page","status-publish","hentry","entry"],"_links":{"self":[{"href":"https:\/\/www.netz-barrierefrei.de\/wordpress\/wp-json\/wp\/v2\/pages\/7691","targetHints":{"allow":["GET"]}}],"collection":[{"href":"https:\/\/www.netz-barrierefrei.de\/wordpress\/wp-json\/wp\/v2\/pages"}],"about":[{"href":"https:\/\/www.netz-barrierefrei.de\/wordpress\/wp-json\/wp\/v2\/types\/page"}],"author":[{"embeddable":true,"href":"https:\/\/www.netz-barrierefrei.de\/wordpress\/wp-json\/wp\/v2\/users\/1"}],"replies":[{"embeddable":true,"href":"https:\/\/www.netz-barrierefrei.de\/wordpress\/wp-json\/wp\/v2\/comments?post=7691"}],"version-history":[{"count":7,"href":"https:\/\/www.netz-barrierefrei.de\/wordpress\/wp-json\/wp\/v2\/pages\/7691\/revisions"}],"predecessor-version":[{"id":8315,"href":"https:\/\/www.netz-barrierefrei.de\/wordpress\/wp-json\/wp\/v2\/pages\/7691\/revisions\/8315"}],"wp:attachment":[{"href":"https:\/\/www.netz-barrierefrei.de\/wordpress\/wp-json\/wp\/v2\/media?parent=7691"}],"curies":[{"name":"wp","href":"https:\/\/api.w.org\/{rel}","templated":true}]}}