{"id":778,"date":"2018-03-26T18:38:39","date_gmt":"2018-03-26T16:38:39","guid":{"rendered":"http:\/\/www.netz-barrierefrei.de\/wordpress\/?page_id=778"},"modified":"2018-03-26T18:38:39","modified_gmt":"2018-03-26T16:38:39","slug":"gesellschaft","status":"publish","type":"page","link":"https:\/\/www.netz-barrierefrei.de\/wordpress\/gesellschaft\/","title":{"rendered":"Gesellschaft"},"content":{"rendered":"<p>Die soziale Seite der Barrierefreiheit wird h\u00e4ufig untersch\u00e4tzt. Dabei spielt die Gesellschaft eine Schl\u00fcsselrolle f\u00fcr die Frage, ob Barrierefreiheit funktioniert. <\/p>\n","protected":false},"excerpt":{"rendered":"<p>Die soziale Seite der Barrierefreiheit wird h\u00e4ufig untersch\u00e4tzt. Dabei spielt die Gesellschaft eine Schl\u00fcsselrolle f\u00fcr die Frage, ob Barrierefreiheit funktioniert.<\/p>\n","protected":false},"author":1,"featured_media":0,"parent":0,"menu_order":0,"comment_status":"closed","ping_status":"closed","template":"","meta":{"footnotes":""},"class_list":["post-778","page","type-page","status-publish","hentry","entry"],"_links":{"self":[{"href":"https:\/\/www.netz-barrierefrei.de\/wordpress\/wp-json\/wp\/v2\/pages\/778","targetHints":{"allow":["GET"]}}],"collection":[{"href":"https:\/\/www.netz-barrierefrei.de\/wordpress\/wp-json\/wp\/v2\/pages"}],"about":[{"href":"https:\/\/www.netz-barrierefrei.de\/wordpress\/wp-json\/wp\/v2\/types\/page"}],"author":[{"embeddable":true,"href":"https:\/\/www.netz-barrierefrei.de\/wordpress\/wp-json\/wp\/v2\/users\/1"}],"replies":[{"embeddable":true,"href":"https:\/\/www.netz-barrierefrei.de\/wordpress\/wp-json\/wp\/v2\/comments?post=778"}],"version-history":[{"count":1,"href":"https:\/\/www.netz-barrierefrei.de\/wordpress\/wp-json\/wp\/v2\/pages\/778\/revisions"}],"predecessor-version":[{"id":779,"href":"https:\/\/www.netz-barrierefrei.de\/wordpress\/wp-json\/wp\/v2\/pages\/778\/revisions\/779"}],"wp:attachment":[{"href":"https:\/\/www.netz-barrierefrei.de\/wordpress\/wp-json\/wp\/v2\/media?parent=778"}],"curies":[{"name":"wp","href":"https:\/\/api.w.org\/{rel}","templated":true}]}}