{"id":7804,"date":"2023-06-08T13:38:57","date_gmt":"2023-06-08T11:38:57","guid":{"rendered":"https:\/\/www.netz-barrierefrei.de\/wordpress\/?page_id=7804"},"modified":"2023-06-08T15:21:18","modified_gmt":"2023-06-08T13:21:18","slug":"das-buch-ueber-blindheit","status":"publish","type":"page","link":"https:\/\/www.netz-barrierefrei.de\/wordpress\/das-buch-ueber-blindheit\/","title":{"rendered":"Das Buch \u00fcber Blindheit"},"content":{"rendered":"<p><img loading=\"lazy\" decoding=\"async\" src=\"https:\/\/www.netz-barrierefrei.de\/wordpress\/wp-content\/uploads\/blindheit-198x300.jpg\" alt=\"blindheit\" width=\"198\" height=\"300\" class=\"alignleft size-medium wp-image-7806\" srcset=\"https:\/\/www.netz-barrierefrei.de\/wordpress\/wp-content\/uploads\/blindheit-198x300.jpg 198w, https:\/\/www.netz-barrierefrei.de\/wordpress\/wp-content\/uploads\/blindheit.jpg 448w\" sizes=\"auto, (max-width: 198px) 100vw, 198px\" \/>Wie ist das Leben mit Blindheit? K\u00f6nnen Blinde kochen, haben sie einen Fernseher und wie schaffen sie es, sich orientieren zu k\u00f6nnen, ohne sehen zu k\u00f6nnen? Diese und weitere Fragen m\u00f6gen Sie sich oft gestellt haben, aber trauen Sie sich auch, einen Blinden zu fragen? Nicht schlimm: Ab sofort ist mein Buch &#8222;Was ist Blindheit&#8220; lieferbar. Sie finden dort einen fundus an Informationen.<br \/>\nAutor: Domingos de Oliveira<br \/>\nTitel: Was ist Blindheit?<br \/>\nISBN Taschenbuch: 3734789931<br \/>\nPreis: 9,99 Euro<br \/>\nISBN eBook: 9783739253992<br \/>\nPreis: 3,99 Euro<br \/>\nDas Buch ist Print on Demand, es wird also auf Bestellung gedruckt.<br \/>\nLeseprobe aus dem Buch: <a href=\"https:\/\/netz-barrierefrei.de\/seite\/blinde-umgang.html\">Wie soll ich mit Blinden umgehen?<\/a><\/p>\n<h2>Weitere Infos<\/h2>\n<ul>\n<li><a href=\"https:\/\/netz-barrierefrei.de\/seite\/blinde-webseiten.html\">Blogs und Webprojekte von und \u00fcber Blinde<\/a><\/li>\n<li><a href=\"https:\/\/netz-barrierefrei.de\/seite\/buecher.html\">B\u00fccher von Blinden und \u00fcber Blindheit<\/a><\/li>\n<li><a href=\"https:\/\/netz-barrierefrei.de\/seite\/experten.html\">Blinde Experten und Spezialisten<\/a><\/li>\n<\/ul>\n","protected":false},"excerpt":{"rendered":"<p>Wie ist das Leben mit Blindheit? K\u00f6nnen Blinde kochen, haben sie einen Fernseher und wie schaffen sie es, sich orientieren zu k\u00f6nnen, ohne sehen zu&#8230;<\/p>\n<div class=\"more-link-wrapper\"><a class=\"more-link\" href=\"https:\/\/www.netz-barrierefrei.de\/wordpress\/das-buch-ueber-blindheit\/\">Weiterlesen<span class=\"screen-reader-text\">Das Buch \u00fcber Blindheit<\/span><\/a><\/div>\n","protected":false},"author":1,"featured_media":0,"parent":0,"menu_order":0,"comment_status":"closed","ping_status":"closed","template":"","meta":{"footnotes":""},"class_list":["post-7804","page","type-page","status-publish","hentry","entry"],"_links":{"self":[{"href":"https:\/\/www.netz-barrierefrei.de\/wordpress\/wp-json\/wp\/v2\/pages\/7804","targetHints":{"allow":["GET"]}}],"collection":[{"href":"https:\/\/www.netz-barrierefrei.de\/wordpress\/wp-json\/wp\/v2\/pages"}],"about":[{"href":"https:\/\/www.netz-barrierefrei.de\/wordpress\/wp-json\/wp\/v2\/types\/page"}],"author":[{"embeddable":true,"href":"https:\/\/www.netz-barrierefrei.de\/wordpress\/wp-json\/wp\/v2\/users\/1"}],"replies":[{"embeddable":true,"href":"https:\/\/www.netz-barrierefrei.de\/wordpress\/wp-json\/wp\/v2\/comments?post=7804"}],"version-history":[{"count":7,"href":"https:\/\/www.netz-barrierefrei.de\/wordpress\/wp-json\/wp\/v2\/pages\/7804\/revisions"}],"predecessor-version":[{"id":7873,"href":"https:\/\/www.netz-barrierefrei.de\/wordpress\/wp-json\/wp\/v2\/pages\/7804\/revisions\/7873"}],"wp:attachment":[{"href":"https:\/\/www.netz-barrierefrei.de\/wordpress\/wp-json\/wp\/v2\/media?parent=7804"}],"curies":[{"name":"wp","href":"https:\/\/api.w.org\/{rel}","templated":true}]}}