{"id":798,"date":"2018-03-27T16:27:59","date_gmt":"2018-03-27T14:27:59","guid":{"rendered":"http:\/\/www.netz-barrierefrei.de\/wordpress\/?page_id=798"},"modified":"2023-08-03T18:50:27","modified_gmt":"2023-08-03T16:50:27","slug":"behinderte-sollten-aktuelle-hilfsmittel-einsetzen","status":"publish","type":"page","link":"https:\/\/www.netz-barrierefrei.de\/wordpress\/hilfstechnik-und-mensch-maschine-interaktion\/behinderte-sollten-aktuelle-hilfsmittel-einsetzen\/","title":{"rendered":"Die Rolle der Hilfsmittel bei der Barrierefreiheit"},"content":{"rendered":"<p>Die Diskussion um die Barrierefreiheit konzentriert  sich stark auf das barrierefreie Webdesign, l\u00e4sst aber zwei ebenfalls sehr wichtige Faktoren au\u00dfer acht: den Client und nat\u00fcrlich die eingesetzte Hilfstechnik. <\/p>\n<div id=\"ez-toc-container\" class=\"ez-toc-v2_0_83 counter-hierarchy ez-toc-counter ez-toc-white ez-toc-container-direction\">\n<div class=\"ez-toc-title-container\">\n<p class=\"ez-toc-title\" style=\"cursor:inherit\">Inhalt<\/p>\n<span class=\"ez-toc-title-toggle\"><a href=\"#\" class=\"ez-toc-pull-right ez-toc-btn ez-toc-btn-xs ez-toc-btn-default ez-toc-toggle\" aria-label=\"Toggle Table of Content\"><span class=\"ez-toc-js-icon-con\"><span class=\"\"><span class=\"eztoc-hide\" style=\"display:none;\">Toggle<\/span><span class=\"ez-toc-icon-toggle-span\"><svg style=\"fill: #999;color:#999\" xmlns=\"http:\/\/www.w3.org\/2000\/svg\" class=\"list-377408\" width=\"20px\" height=\"20px\" viewBox=\"0 0 24 24\" fill=\"none\"><path d=\"M6 6H4v2h2V6zm14 0H8v2h12V6zM4 11h2v2H4v-2zm16 0H8v2h12v-2zM4 16h2v2H4v-2zm16 0H8v2h12v-2z\" fill=\"currentColor\"><\/path><\/svg><svg style=\"fill: #999;color:#999\" class=\"arrow-unsorted-368013\" xmlns=\"http:\/\/www.w3.org\/2000\/svg\" width=\"10px\" height=\"10px\" viewBox=\"0 0 24 24\" version=\"1.2\" baseProfile=\"tiny\"><path d=\"M18.2 9.3l-6.2-6.3-6.2 6.3c-.2.2-.3.4-.3.7s.1.5.3.7c.2.2.4.3.7.3h11c.3 0 .5-.1.7-.3.2-.2.3-.5.3-.7s-.1-.5-.3-.7zM5.8 14.7l6.2 6.3 6.2-6.3c.2-.2.3-.5.3-.7s-.1-.5-.3-.7c-.2-.2-.4-.3-.7-.3h-11c-.3 0-.5.1-.7.3-.2.2-.3.5-.3.7s.1.5.3.7z\"\/><\/svg><\/span><\/span><\/span><\/a><\/span><\/div>\n<nav><ul class='ez-toc-list ez-toc-list-level-1 ' ><li class='ez-toc-page-1 ez-toc-heading-level-2'><a class=\"ez-toc-link ez-toc-heading-1\" href=\"https:\/\/www.netz-barrierefrei.de\/wordpress\/hilfstechnik-und-mensch-maschine-interaktion\/behinderte-sollten-aktuelle-hilfsmittel-einsetzen\/#Client\" >Client<\/a><\/li><li class='ez-toc-page-1 ez-toc-heading-level-2'><a class=\"ez-toc-link ez-toc-heading-2\" href=\"https:\/\/www.netz-barrierefrei.de\/wordpress\/hilfstechnik-und-mensch-maschine-interaktion\/behinderte-sollten-aktuelle-hilfsmittel-einsetzen\/#Die_Hilfstechnik\" >Die Hilfstechnik<\/a><\/li><li class='ez-toc-page-1 ez-toc-heading-level-2'><a class=\"ez-toc-link ez-toc-heading-3\" href=\"https:\/\/www.netz-barrierefrei.de\/wordpress\/hilfstechnik-und-mensch-maschine-interaktion\/behinderte-sollten-aktuelle-hilfsmittel-einsetzen\/#Technik-Konservatismus_unter_Blinden\" >Technik-Konservatismus unter Blinden<\/a><\/li><li class='ez-toc-page-1 ez-toc-heading-level-2'><a class=\"ez-toc-link ez-toc-heading-4\" href=\"https:\/\/www.netz-barrierefrei.de\/wordpress\/hilfstechnik-und-mensch-maschine-interaktion\/behinderte-sollten-aktuelle-hilfsmittel-einsetzen\/#Guenstige_Technik\" >G\u00fcnstige Technik<\/a><\/li><\/ul><\/nav><\/div>\n<h2><span class=\"ez-toc-section\" id=\"Client\"><\/span>Client<span class=\"ez-toc-section-end\"><\/span><\/h2>\n<p>Der Client ist die Schicht, die zwischen dem Benutzer und den Inhalten liegt. Im weiteren Sinne ist das also der Computer oder ein anderes Endger\u00e4t wie ein Smartphone, ein Tablet oder ein Terminal. Im engeren Sinne ist die Plattform weniger wichtig als die darauf betriebene Software, in der Regel spielt der eingesetzte Browser, das Programm oder die App die Schl\u00fcsselrolle. <\/p>\n<h2><span class=\"ez-toc-section\" id=\"Die_Hilfstechnik\"><\/span>Die Hilfstechnik<span class=\"ez-toc-section-end\"><\/span><\/h2>\n<p>Wenn der Client die n\u00f6tigen Accessibility-APIs unterst\u00fctztund der Inhalt die n\u00f6tigen Informationen liefert, bekommt die Hilfstechnik die Schl\u00fcsselrolle bei der Benutzbarkeit von Inhalten. Wenn die Hilfstechnik die von der API bereit gestellten Informationen nicht verarbeiten kann, ist es Essig mit der Barrierefreiheit. Deswegen meine Frage:<br \/>\nMuss man zum Beispiel Screenreader-Nutzer dazu bringen, einen aktuelleren Browser und einen aktuelleren Screenreader einzusetzen? Die Antwort auf beide Fragen lautet ja. Der einfache Grund ist, wenn man sie nicht zwingt, machen sie es nicht. Solange alles, was ich tun m\u00f6chte mit meiner Uralt-Konfiguration funktioniert sehe ich keinen Grund, warum ich irgendetwas anfassen sollte. <\/p>\n<h2><span class=\"ez-toc-section\" id=\"Technik-Konservatismus_unter_Blinden\"><\/span>Technik-Konservatismus unter Blinden<span class=\"ez-toc-section-end\"><\/span><\/h2>\n<p>In einem \u00e4lteren Artikel schrieb ich, dass die Barrierefreiheit oft nicht an den Webseiten, sondern an der eingesetzten Hilfstechnik scheitert. Ich hatte so 2009 herum noch ein Notebook in Gebrauch, auf dem Jaws 6.4 und der Internet explorer 6 liefen. F\u00fcr die Nicht-Experten, das war schon damals total veraltet, entscheidend war f\u00fcr mich aber, dass die Software lief. Der Laptop selbst war schon uralt und w\u00e4re mit einem Update nur schwer zurecht gekommen. Auf meinem aktuellen Laptop l\u00e4uft Jaws 9, was auch nicht mehr taufrisch ist. Parallel l\u00e4uft NVDA, die jeweils aktuelle Version. Auf einem anderen, wirklich uralten Laptop l\u00e4uft nur NVDA.<br \/>\nDa sich kein Blinder neue Versionen kommerzieller Windows-Screenreader leisten kann, haben viele Blinde veraltete Technik zuhause herumstehen. Das liegt nat\u00fcrlich auch daran, dass Windows XP schon so lange auf dem Markt ist, dass ein Generalupdate des Screenreaders bisher auch nicht unbedingt n\u00f6tig war. Win XP ist 2002 auf den Markt gekommen, alle seit dem auf den Markt gekommenen Screenreader unterst\u00fctzen XP. Im schlimmsten Fall kann der Screenreader also zehn Jahre alt sein. Und es gibt durchaus noch einige Leute, die \u00e4ltere Windows-Versionen einsetzen. Was das in puncto Sicherheit bedeutet, brauche ich wohl nicht auszuf\u00fchren.<br \/>\nEs mag vor f\u00fcnf oder zehn Jahren noch okay gewesen sein, sein System vielleicht einmal upzudaten oder einfach so lange zu benutzen, bis es kaputt war und man ohnehin ein neues kaufen musste. Den meisten Blinden scheint aber nicht klar zu sein, dass sie nicht an den Neuerungen des Webs teilhaben k\u00f6nnen &#8211; egal wie barrierefrei oder unfrei &#8211; wenn sie nicht aktuelle Browser und Screenreader einsetzen. <\/p>\n<h2><span class=\"ez-toc-section\" id=\"Guenstige_Technik\"><\/span>G\u00fcnstige Technik<span class=\"ez-toc-section-end\"><\/span><\/h2>\n<p>Der wichtigste Grund, nicht upzudaten, hat sich mit g\u00fcnstigen oder kostenlosen Screenreadern wie VoiceOver, Orca oder NVDA erledigt. Wenn mir jemand ernsthaft erz\u00e4hlt, jemand k\u00f6nnte ein Formular nicht bedienen, weil sein Screenreader \u00e4lter sei, dann w\u00fcrde ich ihm gerne sagen, dass niemand, der zumindest Windows XP nutzt heute noch einen \u00e4lteren Screenreader nutzen muss. Die Alternative lautet: Friss oder stirb, date up oder verzichte auf Neuerungen und Verbesserungen. Es gibt f\u00fcr Jaws 6.4 und den Internet Explorer 6 kein ARIA und kein HTML5basiertes Youtube, da kann man sich \u00e4rgern, solange man m\u00f6chte, das \u00e4ndert nichts daran. Nat\u00fcrlich k\u00f6nnen die Betroffenen so lange ihren alten Screenreader verwenden, wie sie m\u00f6chten. Es ist dann aber auch nicht mehr legitim, sich \u00fcber nicht funktionierende Webseiten zu beschweren. Die Richtlinien und Verordnungen verweisen darauf, dass auch \u00e4ltere Hilfstechnik unterst\u00fctzt werden sollte, das kann aber nicht bedeuten, zehn Jahre alte Hilfstechnik auf einer topaktuellen Seite zu unterst\u00fctzen. Schlie\u00dflich artet das ganze in eine Sysiphus-Arbeit aus, wie viele Versionen von jaws, Window Eyes, cobra und so weiter sollen unterst\u00fctzt werden und wer m\u00f6chte sich schon merken, welche Version welche Funktionen unterst\u00fctz? Erwartet man ernsthaft von einem Entwickler, dass er sich nicht nur mit Screenreadern auskennt, sondern auch die diversen Bugs der unterschiedlichen Produkte und ihrer einzelnen Versionen der letzten f\u00fcnf Jahre kennt?<br \/>\nDer Aufwand zur Umstellung scheint mir auch kein gutes Gegenargument zu sein. Ich arbeite seit ungef\u00e4hr 15 Jahren mit Word und seit ungef\u00e4hr 10 Jahren mit verschiedenen Jaws-Versionen und darf behaupten, ich kenne die meisten Funktionen oder Tastenk\u00fcrzel nicht auswendig, viele Funktionen kenne ich \u00fcberhaupt nicht. F\u00fcr die \u00fcbliche Bedienung eines Computers reichen eine Handvoll Tastenk\u00fcrzel und die Dokumentation des Programms.<br \/>\nWer Spa\u00df daran hat, kann NVDA so anpassen, dass es ungef\u00e4hr auf die gleichen Tastenk\u00fcrzel wie Jaws reagiert. Au\u00dferdem musste man sich ja ohnehin einmal in den Screenreader einarbeiten und man muss auch nicht sofort vollst\u00e4ndig umsteigen, sondern kann das schrittweise tun und zun\u00e4chst beide Programme parallel einsetzen.<br \/>\nIch glaube im \u00fcbrigen nicht, dass die Umstellungsm\u00fcdigkeit etwas mit Behinderung zu tun hat. In der Regel ist es Bequemlichkeit, schlie\u00dflich gibt es gen\u00fcgend Nicht-Behinderte, die ebenfalls mit Uralt-Konfigurationen unterwegs sind.<br \/>\nCarl Growes <a href=\"https:\/\/karlgroves.com\/can-assistive-technology-make-a-website-accessible\/\">hat ganz richtig angemerkt<\/a>, dass die Hilfstechnik die Webseite nicht barrierefrei macht. Aber eine veraltete Hilfstechnik kann sehr wohl verhindern, dass eine an sich barrierefreie Webseite komfortabel genutzt werden kann.<br \/>\nAuch Windows 8 k\u00f6nnte f\u00fcr Blinde sehr interessant werden, obwohl die Metro-Oberfl\u00e4che sehr visuell orientiert ist.<br \/>\nWenn eine vern\u00fcnftige Touch-Unterst\u00fctzung \u00e4hnlich wie bei iOS umgesetzt wurde bzw. wird, werden ganz neue Anwendungsszenarien f\u00fcr Blinde denkbar. Apps in iOS sind ganz nett, aber ein echtes Desktop-Programm ist manchmal unausweichlich. Drag und Drop zum Beispiel w\u00fcrde Blinden die Nutzung von Web 2.0-Anwendungen wesentlich erleichtern, Tabellen in Excel w\u00fcrden leichter erschlie\u00dfbar, es lie\u00dfen sich leichter Pr\u00e4sentationen erstellen und so weiter. Ein gro\u00dfes Display erlaubt das Erkunden und Steuern mit beiden H\u00e4nden, darin steckt gro\u00dfes Innovationspotential, nicht nur f\u00fcr Blinde.<br \/>\nWer also an den neuen technischen oder digitalen M\u00f6glichkeiten teilhaben m\u00f6chte, hat gar keine Alternative als seine Programme upzudaten. Es wird sicher nicht einfacher, wenn man l\u00e4nger wartet.<br \/>\n<a href=\"https:\/\/netz-barrierefrei.de\/en\/role-at.html\">The role of assistive Technology in Accessibility<\/a><\/p>\n","protected":false},"excerpt":{"rendered":"<p>Die Diskussion um die Barrierefreiheit konzentriert sich stark auf das barrierefreie Webdesign, l\u00e4sst aber zwei ebenfalls sehr wichtige Faktoren au\u00dfer acht: den Client und nat\u00fcrlich&#8230;<\/p>\n<div class=\"more-link-wrapper\"><a class=\"more-link\" href=\"https:\/\/www.netz-barrierefrei.de\/wordpress\/hilfstechnik-und-mensch-maschine-interaktion\/behinderte-sollten-aktuelle-hilfsmittel-einsetzen\/\">Weiterlesen<span class=\"screen-reader-text\">Die Rolle der Hilfsmittel bei der Barrierefreiheit<\/span><\/a><\/div>\n","protected":false},"author":1,"featured_media":0,"parent":700,"menu_order":0,"comment_status":"closed","ping_status":"closed","template":"","meta":{"footnotes":""},"class_list":["post-798","page","type-page","status-publish","hentry","entry"],"_links":{"self":[{"href":"https:\/\/www.netz-barrierefrei.de\/wordpress\/wp-json\/wp\/v2\/pages\/798","targetHints":{"allow":["GET"]}}],"collection":[{"href":"https:\/\/www.netz-barrierefrei.de\/wordpress\/wp-json\/wp\/v2\/pages"}],"about":[{"href":"https:\/\/www.netz-barrierefrei.de\/wordpress\/wp-json\/wp\/v2\/types\/page"}],"author":[{"embeddable":true,"href":"https:\/\/www.netz-barrierefrei.de\/wordpress\/wp-json\/wp\/v2\/users\/1"}],"replies":[{"embeddable":true,"href":"https:\/\/www.netz-barrierefrei.de\/wordpress\/wp-json\/wp\/v2\/comments?post=798"}],"version-history":[{"count":11,"href":"https:\/\/www.netz-barrierefrei.de\/wordpress\/wp-json\/wp\/v2\/pages\/798\/revisions"}],"predecessor-version":[{"id":8177,"href":"https:\/\/www.netz-barrierefrei.de\/wordpress\/wp-json\/wp\/v2\/pages\/798\/revisions\/8177"}],"up":[{"embeddable":true,"href":"https:\/\/www.netz-barrierefrei.de\/wordpress\/wp-json\/wp\/v2\/pages\/700"}],"wp:attachment":[{"href":"https:\/\/www.netz-barrierefrei.de\/wordpress\/wp-json\/wp\/v2\/media?parent=798"}],"curies":[{"name":"wp","href":"https:\/\/api.w.org\/{rel}","templated":true}]}}