{"id":828,"date":"2018-03-28T15:02:41","date_gmt":"2018-03-28T13:02:41","guid":{"rendered":"http:\/\/www.netz-barrierefrei.de\/wordpress\/?page_id=828"},"modified":"2021-10-28T09:30:07","modified_gmt":"2021-10-28T07:30:07","slug":"barrierefreiheit-strategisch-umsetzen","status":"publish","type":"page","link":"https:\/\/www.netz-barrierefrei.de\/wordpress\/barrierefreiheit-strategisch-umsetzen\/","title":{"rendered":"Barrierefreiheit strategisch umsetzen"},"content":{"rendered":"<p><img loading=\"lazy\" decoding=\"async\" src=\"https:\/\/www.netz-barrierefrei.de\/wordpress\/wp-content\/uploads\/barrierefreiheit-umsetzen-188x300.jpg\" alt=\"Cover des Buches Barrierefreiheit umsetzen\" width=\"188\" height=\"300\" class=\"alignleft size-medium wp-image-1118\" srcset=\"https:\/\/www.netz-barrierefrei.de\/wordpress\/wp-content\/uploads\/barrierefreiheit-umsetzen-188x300.jpg 188w, https:\/\/www.netz-barrierefrei.de\/wordpress\/wp-content\/uploads\/barrierefreiheit-umsetzen.jpg 314w\" sizes=\"auto, (max-width: 188px) 100vw, 188px\" \/>Barrierefreiheit ist ein komplexes und anspruchsvolles Thema. Deswegen ist es wichtig, strategisch vorzugehen und die Projekte gut zu planen. Um Ihnen den Einstieg in die Barrierefreiheit und das Durchf\u00fchren von barrierefreien Projekten zu erleichtern, habe ich das Buch &#8222;Barrierefreiheit umsetzen&#8220; geschrieben. Es ist eine allgemeine Einf\u00fchrung in die Barrierefreiheit, unabh\u00e4ngig von bestimmten Bereichen. Wenn Sie sich also mit Barrierefreiheit allgemein besch\u00e4ftigen wollen und nicht mit speziellen Themen wie dem barrierefreien Internet oder dem barrierefreien Bauen, sollten Sie einen Blick in dieses Buch werfen. <a href=\"https:\/\/www.netz-barrierefrei.de\/wordpress\/buch-einfuehrung-in-die-barrierefreiheit\/\">Buch: Barrierefreiheit strategisch umsetzen<\/a>.<\/p>\n<h2>Weitere Infos<\/h2>\n<p>In diesem Bereich finden Sie einige weitere Informationen wie Argumentationshilfen oder Informationen zum Projektvorgehen. <\/p>\n<ul>\n<li><a href=\"https:\/\/www.netz-barrierefrei.de\/wordpress\/wie-ueberzeuge-ich-kunden-kollegen-und-vorgesetzte-von-barrierefreiheit\/\">Mitarbeiter, Vorgesetzte und Andere von Barrierefreiheit \u00fcberzeugen<\/a><\/li>\n<li><a href=\"https:\/\/www.theramppeople.co.uk\/media\/wysiwyg\/accessible-business\/complete-guide-to-making-your-business-more-accessible-2.pdf\">Making your Business accessible &#8211; PDF<\/a><\/li>\n<li><a href=\"https:\/\/www.netz-barrierefrei.de\/wordpress\/barrierefreiheit-strategisch-umsetzen\/behinderte-in-gestaltungsprozesse-einbinden\/\">Mit behinderten Menschen gestalten<\/a><\/li>\n<li><a href=https:\/\/www.levelaccess.com\/the-digital-accessibility-maturity-model-introduction-to-damm\/\">The Digital Accessibility Maturity Model: Introduction to DAMM<\/a><\/li>\n<li><a href=\"https:\/\/www.w3.org\/WAI\/EO\/wiki\/ARRM_Project_-_Accessibility_Roles_and_Responsibilities_Mapping\">ARRM Project &#8211; Accessibility Roles and Responsibilities Mapping<\/a> &#8211; ein Framework, um Verantwortlichkeiten zur Barrierefreiheit zu organisieren<\/li>\n<li>Starting a Digital Accessibility Journey: A Quick Guide for Small Businesses<\/li>\n<li><a href=\"https:\/\/businessdisabilityforum.org.uk\/services\/networks-and-taskforces\/technology-taskforce\/\">Eine gute Quelle f\u00fcr Infos und Tools ist das Business Disability Forum<\/a><\/li>\n<li><a href=\"https:\/\/blogs.microsoft.com\/accessibility\/accessibility-evolution-model\/\">Microsofts Accessibility Evolution Model<\/a><\/li>\n<\/ul>\n","protected":false},"excerpt":{"rendered":"<p>Barrierefreiheit ist ein komplexes und anspruchsvolles Thema. Deswegen ist es wichtig, strategisch vorzugehen und die Projekte gut zu planen. Um Ihnen den Einstieg in die&#8230;<\/p>\n<div class=\"more-link-wrapper\"><a class=\"more-link\" href=\"https:\/\/www.netz-barrierefrei.de\/wordpress\/barrierefreiheit-strategisch-umsetzen\/\">Weiterlesen<span class=\"screen-reader-text\">Barrierefreiheit strategisch umsetzen<\/span><\/a><\/div>\n","protected":false},"author":1,"featured_media":0,"parent":0,"menu_order":0,"comment_status":"closed","ping_status":"closed","template":"","meta":{"footnotes":""},"class_list":["post-828","page","type-page","status-publish","hentry","entry"],"_links":{"self":[{"href":"https:\/\/www.netz-barrierefrei.de\/wordpress\/wp-json\/wp\/v2\/pages\/828","targetHints":{"allow":["GET"]}}],"collection":[{"href":"https:\/\/www.netz-barrierefrei.de\/wordpress\/wp-json\/wp\/v2\/pages"}],"about":[{"href":"https:\/\/www.netz-barrierefrei.de\/wordpress\/wp-json\/wp\/v2\/types\/page"}],"author":[{"embeddable":true,"href":"https:\/\/www.netz-barrierefrei.de\/wordpress\/wp-json\/wp\/v2\/users\/1"}],"replies":[{"embeddable":true,"href":"https:\/\/www.netz-barrierefrei.de\/wordpress\/wp-json\/wp\/v2\/comments?post=828"}],"version-history":[{"count":26,"href":"https:\/\/www.netz-barrierefrei.de\/wordpress\/wp-json\/wp\/v2\/pages\/828\/revisions"}],"predecessor-version":[{"id":9508,"href":"https:\/\/www.netz-barrierefrei.de\/wordpress\/wp-json\/wp\/v2\/pages\/828\/revisions\/9508"}],"wp:attachment":[{"href":"https:\/\/www.netz-barrierefrei.de\/wordpress\/wp-json\/wp\/v2\/media?parent=828"}],"curies":[{"name":"wp","href":"https:\/\/api.w.org\/{rel}","templated":true}]}}