{"id":849,"date":"2018-03-29T11:20:56","date_gmt":"2018-03-29T09:20:56","guid":{"rendered":"http:\/\/www.netz-barrierefrei.de\/wordpress\/?page_id=849"},"modified":"2018-03-29T11:20:56","modified_gmt":"2018-03-29T09:20:56","slug":"social-business","status":"publish","type":"page","link":"https:\/\/www.netz-barrierefrei.de\/wordpress\/wirtschaft-gesellschaft\/social-business\/","title":{"rendered":"Social Business"},"content":{"rendered":"<p>Vor einigen Jahren war die Welt noch wohl geordnet: Unternehmen verdienten Geld, soziale Organisationen k\u00fcmmerten sich um das Wohl benachteiligter Menschen. Nicht zuletzt durch die Wirtschaftskrise sind die Verh\u00e4ltnisse durcheinander geraten. Nonprofit-Organisationen arbeiten wie Unternehmen, Viele Unternehmer entdecken ihre soziale Verantwortung. Ein bekannter Ansatz, unternehmerisch Gutes  zu tun ist das Social Business.<br \/>\nPopul\u00e4r gemacht wurde die Idee des Social Business von Muhammad Yunus, dem &#8222;B\u00e4nker der Armen&#8220;. Yunus baute in seinem Heimatland Bangladesch die Grameen-Bank auf, eine Bank, die Geld an arme Menschen verleiht, damit sie sich eine Existenz aufbauen k\u00f6nnen. Seine Erfindung der Mikrokredite ist seit dem in vielen L\u00e4ndern \u00fcbernommen worden. Mit armen Menschen Gesch\u00e4fte zu machen ist nat\u00fcrlich noch nicht sozial. Soziale Unternehmen verfolgen einen guten Zweck als eigentliches Unternehmensziel. Gewinne sind dabei nur Mittel zum Zweck.<br \/>\nDas erinnert stark an einige gemeinn\u00fctzig orientierte Einrichtungen in Deutschland. Anders als ein Verein, eine Stiftung oder eine gemeinn\u00fctzige GmbH ist ein soziales Unternehmen aber wie ein Betrieb organisiert. Es bezahlt die \u00fcblichen Steuern, muss Gewinne erzielen, um sich zu finanzieren und arbeitet intern und extern wie ein Unternehmen. In Deutschland ist die Abgrenzung von Privatwirtschaft, sozialen Organisationen und Sozial-Unternehmen nicht so eindeutig, weil viele Sozialorganisationen heute \u00e4hnlich wie Unternehmen aufgestellt sind.<br \/>\nSozialunternehmen k\u00f6nnen Menschen mit Behinderung auf zweierlei Weise zugutekommen: als Arbeitgeber oder als L\u00f6ser behindertenspezifischer Probleme. <\/p>\n<div id=\"ez-toc-container\" class=\"ez-toc-v2_0_82_2 counter-hierarchy ez-toc-counter ez-toc-white ez-toc-container-direction\">\n<div class=\"ez-toc-title-container\">\n<p class=\"ez-toc-title\" style=\"cursor:inherit\">Inhalt<\/p>\n<span class=\"ez-toc-title-toggle\"><a href=\"#\" class=\"ez-toc-pull-right ez-toc-btn ez-toc-btn-xs ez-toc-btn-default ez-toc-toggle\" aria-label=\"Toggle Table of Content\"><span class=\"ez-toc-js-icon-con\"><span class=\"\"><span class=\"eztoc-hide\" style=\"display:none;\">Toggle<\/span><span class=\"ez-toc-icon-toggle-span\"><svg style=\"fill: #999;color:#999\" xmlns=\"http:\/\/www.w3.org\/2000\/svg\" class=\"list-377408\" width=\"20px\" height=\"20px\" viewBox=\"0 0 24 24\" fill=\"none\"><path d=\"M6 6H4v2h2V6zm14 0H8v2h12V6zM4 11h2v2H4v-2zm16 0H8v2h12v-2zM4 16h2v2H4v-2zm16 0H8v2h12v-2z\" fill=\"currentColor\"><\/path><\/svg><svg style=\"fill: #999;color:#999\" class=\"arrow-unsorted-368013\" xmlns=\"http:\/\/www.w3.org\/2000\/svg\" width=\"10px\" height=\"10px\" viewBox=\"0 0 24 24\" version=\"1.2\" baseProfile=\"tiny\"><path d=\"M18.2 9.3l-6.2-6.3-6.2 6.3c-.2.2-.3.4-.3.7s.1.5.3.7c.2.2.4.3.7.3h11c.3 0 .5-.1.7-.3.2-.2.3-.5.3-.7s-.1-.5-.3-.7zM5.8 14.7l6.2 6.3 6.2-6.3c.2-.2.3-.5.3-.7s-.1-.5-.3-.7c-.2-.2-.4-.3-.7-.3h-11c-.3 0-.5.1-.7.3-.2.2-.3.5-.3.7s.1.5.3.7z\"\/><\/svg><\/span><\/span><\/span><\/a><\/span><\/div>\n<nav><ul class='ez-toc-list ez-toc-list-level-1 ' ><li class='ez-toc-page-1 ez-toc-heading-level-2'><a class=\"ez-toc-link ez-toc-heading-1\" href=\"https:\/\/www.netz-barrierefrei.de\/wordpress\/wirtschaft-gesellschaft\/social-business\/#Arbeit_fuer_alle\" >Arbeit f\u00fcr alle<\/a><\/li><li class='ez-toc-page-1 ez-toc-heading-level-2'><a class=\"ez-toc-link ez-toc-heading-2\" href=\"https:\/\/www.netz-barrierefrei.de\/wordpress\/wirtschaft-gesellschaft\/social-business\/#Das_Sozialunternehmen_als_Problemloeser_Fuer_Gehoerlose_und_schwerhoerige_Menschen_ist_es_oft_schwierig_sich_einen_Gebaerdendolmetscher_zu_organisieren_Der_Dienst_VerbaVoice_wurde_gestartet_um_das_zu_aendern_VerbaVoice_ermoeglicht_das_Zwischenschalten_eines_Schrift-_oder_Gebaerdendolmetschers_per_Smartphone_Gehoerlose_koennen_diesen_Dienst_flexibel_zum_Beispiel_fuer_einen_Arztbesuch_oder_in_Kundengespraechen_einsetzen_Es_gibt_natuerlich_zahlreiche_Einrichtungen_die_sich_auf_Menschen_mit_Behinderung_spezialisiert_haben_Ihre_Angebote_sind_aber_weder_flexibel_noch_guenstig_sie_werden_normalerweise_von_den_Sozialtraegern_bezahlt_und_sind_fuer_Privatpersonen_oft_uninteressant_Gleichzeitig_legen_Menschen_mit_Behinderung_immer_mehr_Wert_auf_ihre_Selbstaendigkeit_und_Unabhaengigkeit_Im_Jahr_2008_ist_das_Persoenliche_Budget_in_Deutschland_gestartet_Mit_dem_Budget_koennen_die_Budgetnehmer_selbst_entscheiden_welche_Leistungen_sie_von_wem_beziehen_moechten_Der_Bedarf_an_guenstigen_und_flexiblen_behindertenspezifischen_Dienstleistungen_wird_in_den_naechsten_Jahren_zunehmen\" >Das Sozialunternehmen als Probleml\u00f6ser \nF\u00fcr Geh\u00f6rlose und schwerh\u00f6rige Menschen ist es oft schwierig, sich einen Geb\u00e4rdendolmetscher zu organisieren. Der Dienst VerbaVoice wurde gestartet, um das zu \u00e4ndern. VerbaVoice erm\u00f6glicht das Zwischenschalten eines Schrift- oder Geb\u00e4rdendolmetschers per Smartphone. Geh\u00f6rlose k\u00f6nnen diesen Dienst flexibel zum Beispiel f\u00fcr einen Arztbesuch oder in Kundengespr\u00e4chen einsetzen. \nEs gibt nat\u00fcrlich zahlreiche Einrichtungen, die sich auf Menschen mit Behinderung spezialisiert haben. Ihre Angebote sind aber weder flexibel noch g\u00fcnstig, sie werden normalerweise von den Sozialtr\u00e4gern bezahlt und sind f\u00fcr Privatpersonen oft uninteressant. \nGleichzeitig legen Menschen mit Behinderung immer mehr Wert auf ihre Selbst\u00e4ndigkeit und Unabh\u00e4ngigkeit. Im Jahr 2008 ist das Pers\u00f6nliche Budget in Deutschland gestartet. Mit dem Budget k\u00f6nnen die Budgetnehmer selbst entscheiden, welche Leistungen sie von wem beziehen m\u00f6chten. Der Bedarf an g\u00fcnstigen und flexiblen behindertenspezifischen Dienstleistungen wird in den n\u00e4chsten Jahren zunehmen.<\/a><\/li><li class='ez-toc-page-1 ez-toc-heading-level-2'><a class=\"ez-toc-link ez-toc-heading-3\" href=\"https:\/\/www.netz-barrierefrei.de\/wordpress\/wirtschaft-gesellschaft\/social-business\/#Wofuer_Social_Business\" >Wof\u00fcr Social Business?<\/a><\/li><\/ul><\/nav><\/div>\n<h2><span class=\"ez-toc-section\" id=\"Arbeit_fuer_alle\"><\/span>Arbeit f\u00fcr alle<span class=\"ez-toc-section-end\"><\/span><\/h2>\n<p>Ein soziales Unternehmen kann dabei helfen, Menschen mit Behinderung auf dem allgemeinen Arbeitsmarkt zu besch\u00e4ftigen. Ein Beispiel daf\u00fcr ist das Projekt &#8222;Dialog im Dunkeln&#8220;. In seinem Dunkelmuseum oder Caf\u00e9 k\u00f6nnen Besucher Blindheit am eigenen Leib erfahren. Caf\u00e9 und Museum sind vollst\u00e4ndig abgedunkelt, die Besucher werden von den blinden Angestellten begleitet und bedient.<br \/>\nDialog im Dunkeln ist ein Social Franchise. Das hei\u00dft, andere Organisationen k\u00f6nnen das Konzept f\u00fcr sich anpassen und \u00fcbernehmen. Bekannte Social-Franchise-Systeme sind auch die CAP-Superm\u00e4rkte oder die Samocca-Caf\u00e9s, in denen Menschen mit und ohne Behinderung gemeinsam arbeiten.<br \/>\nEin prominentes Beispiel ist auch Auticon. Das Unternehmen nutzt die besondere F\u00e4higkeit von Autisten, sich lange Zeit auf komplexe Aufgaben zu konzentrieren um mit ihrer Hilfe Software zu testen. <\/p>\n<h2><span class=\"ez-toc-section\" id=\"Das_Sozialunternehmen_als_Problemloeser_Fuer_Gehoerlose_und_schwerhoerige_Menschen_ist_es_oft_schwierig_sich_einen_Gebaerdendolmetscher_zu_organisieren_Der_Dienst_VerbaVoice_wurde_gestartet_um_das_zu_aendern_VerbaVoice_ermoeglicht_das_Zwischenschalten_eines_Schrift-_oder_Gebaerdendolmetschers_per_Smartphone_Gehoerlose_koennen_diesen_Dienst_flexibel_zum_Beispiel_fuer_einen_Arztbesuch_oder_in_Kundengespraechen_einsetzen_Es_gibt_natuerlich_zahlreiche_Einrichtungen_die_sich_auf_Menschen_mit_Behinderung_spezialisiert_haben_Ihre_Angebote_sind_aber_weder_flexibel_noch_guenstig_sie_werden_normalerweise_von_den_Sozialtraegern_bezahlt_und_sind_fuer_Privatpersonen_oft_uninteressant_Gleichzeitig_legen_Menschen_mit_Behinderung_immer_mehr_Wert_auf_ihre_Selbstaendigkeit_und_Unabhaengigkeit_Im_Jahr_2008_ist_das_Persoenliche_Budget_in_Deutschland_gestartet_Mit_dem_Budget_koennen_die_Budgetnehmer_selbst_entscheiden_welche_Leistungen_sie_von_wem_beziehen_moechten_Der_Bedarf_an_guenstigen_und_flexiblen_behindertenspezifischen_Dienstleistungen_wird_in_den_naechsten_Jahren_zunehmen\"><\/span>Das Sozialunternehmen als Probleml\u00f6ser<br \/>\nF\u00fcr Geh\u00f6rlose und schwerh\u00f6rige Menschen ist es oft schwierig, sich einen Geb\u00e4rdendolmetscher zu organisieren. Der Dienst VerbaVoice wurde gestartet, um das zu \u00e4ndern. VerbaVoice erm\u00f6glicht das Zwischenschalten eines Schrift- oder Geb\u00e4rdendolmetschers per Smartphone. Geh\u00f6rlose k\u00f6nnen diesen Dienst flexibel zum Beispiel f\u00fcr einen Arztbesuch oder in Kundengespr\u00e4chen einsetzen.<br \/>\nEs gibt nat\u00fcrlich zahlreiche Einrichtungen, die sich auf Menschen mit Behinderung spezialisiert haben. Ihre Angebote sind aber weder flexibel noch g\u00fcnstig, sie werden normalerweise von den Sozialtr\u00e4gern bezahlt und sind f\u00fcr Privatpersonen oft uninteressant.<br \/>\nGleichzeitig legen Menschen mit Behinderung immer mehr Wert auf ihre Selbst\u00e4ndigkeit und Unabh\u00e4ngigkeit. Im Jahr 2008 ist das Pers\u00f6nliche Budget in Deutschland gestartet. Mit dem Budget k\u00f6nnen die Budgetnehmer selbst entscheiden, welche Leistungen sie von wem beziehen m\u00f6chten. Der Bedarf an g\u00fcnstigen und flexiblen behindertenspezifischen Dienstleistungen wird in den n\u00e4chsten Jahren zunehmen.<br \/>\n<span class=\"ez-toc-section-end\"><\/span><\/h2>\n<h2><span class=\"ez-toc-section\" id=\"Wofuer_Social_Business\"><\/span>Wof\u00fcr Social Business? <span class=\"ez-toc-section-end\"><\/span><\/h2>\n<p>Die meisten gemeinn\u00fctzigen Organisationen finanzieren sich \u00fcber staatliche Mittel, Zahlungen gro\u00dfer Tr\u00e4ger oder Spenden. Staatliche Mittel erfordern viel B\u00fcrokratie und flie\u00dfen immer sp\u00e4rlicher. Auch die Spendenakquise  wird immer aufwendiger.<br \/>\nSoziale Unternehmen sind in der Regel flexibler als gemeinn\u00fctzige Organisationen. Eine gemeinn\u00fctzige Organisation muss immer darauf achten, dass ihre Leistungen vom Finanzamt als gemeinn\u00fctzig anerkannt wird, da ansonsten teilweise auch r\u00fcckwirkend Steuern nachgezahlt werden m\u00fcssen. Ein soziales Unternehmen kann hingegen neue Gesch\u00e4ftsfelder erschlie\u00dfen oder alte fallen lassen, wenn sie nicht mehr n\u00f6tig sind. Soziale Unternehmen sind aber auch gezwungen, ein nachhaltiges Gesch\u00e4ftsmodell aufzubauen. Das kann im Zweifel auch hei\u00dfen, sinnvolle, aber nicht kostendeckende Dienstleistungen nicht mehr anzubieten.<br \/>\nAnders als in vielen anderen L\u00e4ndern gibt es in Deutschland ein gut ausgebautes Sozialsystem und zahlreiche soziale Organisationen. Brauchen wir \u00fcberhaupt soziale Unternehmen?<br \/>\nF\u00fcr soziale Leistungen zu bezahlen oder damit Geld zu verdienen ist in Deutschland noch ungew\u00f6hnlich. Die Vorteile f\u00fcr Menschen mit Behinderung erschlie\u00dfen sich erst auf den zweiten Blick. F\u00fcr praktisch jede \u00f6ffentliche Leistung muss ein Antrag bei einer Beh\u00f6rde gestellt werden. Die Bearbeitung der Antr\u00e4ge kann lange dauern. Der Antrag wird irgendwann angenommen oder nach eben so langer Zeit abgelehnt. Ein selbstbestimmtes Leben ist unter solchen Bedingungen schwierig.<br \/>\nOb als Kunde oder als Arbeitnehmer, Social Business kann dazu beitragen, dass Menschen mit Behinderung wesentlich selbst\u00e4ndiger leben k\u00f6nnen. Deshalb ist es eine gute Erg\u00e4nzung \u00f6ffentlicher und gemeinn\u00fctziger Einrichtungen.<br \/>\nZum Weiterlesen<br \/>\nDer Dolmetsch-Dienst VerbaVoice<br \/>\nhttp:\/\/www.verbavoiceserver.de\/jobs.html<br \/>\nDialog im Dunkeln<br \/>\nhttp:\/\/www.dialog-im-dunkeln.de\/lang_deausstellunglang_delang_enexhibitionlang_en\/<br \/>\nDie Website der CAP-M\u00e4rkte<br \/>\nhttp:\/\/www.cap-markt.de\/<br \/>\nDie Samocca-Caf\u00e9s <\/p>\n<blockquote class=\"wp-embedded-content\" data-secret=\"CFo8PsAidW\"><p><a href=\"https:\/\/samocca.de\/\">Home<\/a><\/p><\/blockquote>\n<p><iframe loading=\"lazy\" class=\"wp-embedded-content\" sandbox=\"allow-scripts\" security=\"restricted\" style=\"position: absolute; visibility: hidden;\" title=\"&#8222;Home&#8220; &#8212; Samocca\" src=\"https:\/\/samocca.de\/embed\/#?secret=STVNvKljuj#?secret=CFo8PsAidW\" data-secret=\"CFo8PsAidW\" width=\"500\" height=\"282\" frameborder=\"0\" marginwidth=\"0\" marginheight=\"0\" scrolling=\"no\"><\/iframe><br \/>\nInformationen zum Pers\u00f6nlichen Budget<br \/>\nhttp:\/\/www.familienratgeber.de\/recht\/persoenliches_budget.php<br \/>\nDie Firma Auticon<br \/>\nhttp:\/\/www.auticon.de\/<\/p>\n","protected":false},"excerpt":{"rendered":"<p>Vor einigen Jahren war die Welt noch wohl geordnet: Unternehmen verdienten Geld, soziale Organisationen k\u00fcmmerten sich um das Wohl benachteiligter Menschen. Nicht zuletzt durch die&#8230;<\/p>\n<div class=\"more-link-wrapper\"><a class=\"more-link\" href=\"https:\/\/www.netz-barrierefrei.de\/wordpress\/wirtschaft-gesellschaft\/social-business\/\">Weiterlesen<span class=\"screen-reader-text\">Social Business<\/span><\/a><\/div>\n","protected":false},"author":1,"featured_media":0,"parent":745,"menu_order":0,"comment_status":"closed","ping_status":"closed","template":"","meta":{"footnotes":""},"class_list":["post-849","page","type-page","status-publish","hentry","entry"],"_links":{"self":[{"href":"https:\/\/www.netz-barrierefrei.de\/wordpress\/wp-json\/wp\/v2\/pages\/849","targetHints":{"allow":["GET"]}}],"collection":[{"href":"https:\/\/www.netz-barrierefrei.de\/wordpress\/wp-json\/wp\/v2\/pages"}],"about":[{"href":"https:\/\/www.netz-barrierefrei.de\/wordpress\/wp-json\/wp\/v2\/types\/page"}],"author":[{"embeddable":true,"href":"https:\/\/www.netz-barrierefrei.de\/wordpress\/wp-json\/wp\/v2\/users\/1"}],"replies":[{"embeddable":true,"href":"https:\/\/www.netz-barrierefrei.de\/wordpress\/wp-json\/wp\/v2\/comments?post=849"}],"version-history":[{"count":1,"href":"https:\/\/www.netz-barrierefrei.de\/wordpress\/wp-json\/wp\/v2\/pages\/849\/revisions"}],"predecessor-version":[{"id":850,"href":"https:\/\/www.netz-barrierefrei.de\/wordpress\/wp-json\/wp\/v2\/pages\/849\/revisions\/850"}],"up":[{"embeddable":true,"href":"https:\/\/www.netz-barrierefrei.de\/wordpress\/wp-json\/wp\/v2\/pages\/745"}],"wp:attachment":[{"href":"https:\/\/www.netz-barrierefrei.de\/wordpress\/wp-json\/wp\/v2\/media?parent=849"}],"curies":[{"name":"wp","href":"https:\/\/api.w.org\/{rel}","templated":true}]}}