{"id":853,"date":"2018-03-29T11:25:16","date_gmt":"2018-03-29T09:25:16","guid":{"rendered":"http:\/\/www.netz-barrierefrei.de\/wordpress\/?page_id=853"},"modified":"2018-03-29T11:25:16","modified_gmt":"2018-03-29T09:25:16","slug":"compliance","status":"publish","type":"page","link":"https:\/\/www.netz-barrierefrei.de\/wordpress\/wirtschaft-gesellschaft\/barrierefreiheit-und-corporate-social-responsibility-csr\/compliance\/","title":{"rendered":"Compliance"},"content":{"rendered":"<p>Compliance bedeutet die Einhaltung gesetzlicher Vorschriften und allgemeiner Standards. Im Kontext der Barrierefreiheit geh\u00f6rt in Deutschland auch die Einhaltung<br \/>\ndes Diskriminierungsschutzes dazu. Der Diskriminierungsschutz wird aktuell vor allem im Personalmanagement, insbesondere bei Bewerbungen ber\u00fccksichtigt.<br \/>\nDa die BITV in erster Linie f\u00fcr \u00f6ffentliche und \u00f6ffentlich-rechtliche Einrichtungen gilt, ist das Allgemeine Gleichstellungsgesetz ein Ansatz, um Unternehmen<br \/>\nund Organisationen zur Barrierefreiheit zu verpflichten. Die Recherche f\u00fchrte vorerst zu keinen Ergebnissen.<br \/>\nNachhaltigkeit und Barrierefreiheit<\/p>\n<p>Der Softwarekonzern SAP beschreibt in seinem Sustainability-Report die Verantwortung, die er im Rahmen der Menschenrechte bei der Barrierefreiheit erf\u00fcllt.<br \/>\nDie Software wird demnach soweit m\u00f6glich nach dem amerikanischen Barrierefreiheitsstandard Section 508 und der WCAG 2.0 entwickelt.<br \/>\nhttp:\/\/www.sapsustainabilityreport.com\/de\/operations-identified-forced-c&#8230;<\/p>\n<p>SAP scheint im deutschsprachigen Raum dabei die Ausnahme zu sein. Der Reisekonzern Thomas Cook beschreibt auf seiner englischsprachigen Pr\u00e4senz, dass er<br \/>\nein eLearning-Modul zur Betreuung von Kunden mit Behinderung entwickelt hat:<br \/>\nhttp:\/\/sustainability2010.thomascookgroup.com\/customers\/accessibility.html.<\/p>\n","protected":false},"excerpt":{"rendered":"<p>Compliance bedeutet die Einhaltung gesetzlicher Vorschriften und allgemeiner Standards. Im Kontext der Barrierefreiheit geh\u00f6rt in Deutschland auch die Einhaltung des Diskriminierungsschutzes dazu. Der Diskriminierungsschutz wird&#8230;<\/p>\n<div class=\"more-link-wrapper\"><a class=\"more-link\" href=\"https:\/\/www.netz-barrierefrei.de\/wordpress\/wirtschaft-gesellschaft\/barrierefreiheit-und-corporate-social-responsibility-csr\/compliance\/\">Weiterlesen<span class=\"screen-reader-text\">Compliance<\/span><\/a><\/div>\n","protected":false},"author":1,"featured_media":0,"parent":769,"menu_order":0,"comment_status":"closed","ping_status":"closed","template":"","meta":{"footnotes":""},"class_list":["post-853","page","type-page","status-publish","hentry","entry"],"_links":{"self":[{"href":"https:\/\/www.netz-barrierefrei.de\/wordpress\/wp-json\/wp\/v2\/pages\/853","targetHints":{"allow":["GET"]}}],"collection":[{"href":"https:\/\/www.netz-barrierefrei.de\/wordpress\/wp-json\/wp\/v2\/pages"}],"about":[{"href":"https:\/\/www.netz-barrierefrei.de\/wordpress\/wp-json\/wp\/v2\/types\/page"}],"author":[{"embeddable":true,"href":"https:\/\/www.netz-barrierefrei.de\/wordpress\/wp-json\/wp\/v2\/users\/1"}],"replies":[{"embeddable":true,"href":"https:\/\/www.netz-barrierefrei.de\/wordpress\/wp-json\/wp\/v2\/comments?post=853"}],"version-history":[{"count":1,"href":"https:\/\/www.netz-barrierefrei.de\/wordpress\/wp-json\/wp\/v2\/pages\/853\/revisions"}],"predecessor-version":[{"id":854,"href":"https:\/\/www.netz-barrierefrei.de\/wordpress\/wp-json\/wp\/v2\/pages\/853\/revisions\/854"}],"up":[{"embeddable":true,"href":"https:\/\/www.netz-barrierefrei.de\/wordpress\/wp-json\/wp\/v2\/pages\/769"}],"wp:attachment":[{"href":"https:\/\/www.netz-barrierefrei.de\/wordpress\/wp-json\/wp\/v2\/media?parent=853"}],"curies":[{"name":"wp","href":"https:\/\/api.w.org\/{rel}","templated":true}]}}