{"id":872,"date":"2018-04-07T17:20:21","date_gmt":"2018-04-07T15:20:21","guid":{"rendered":"http:\/\/www.netz-barrierefrei.de\/wordpress\/?page_id=872"},"modified":"2023-08-08T14:37:27","modified_gmt":"2023-08-08T12:37:27","slug":"autismus","status":"publish","type":"page","link":"https:\/\/www.netz-barrierefrei.de\/wordpress\/barrierefreies-internet\/formen-von-einschraenkungen\/autismus\/","title":{"rendered":"Barrierefreies Web f\u00fcr Autisten"},"content":{"rendered":"<p>Der Autismus umfasst eine ganze Reihe von Symptomen und Auspr\u00e4gungen, so dass sich nur wenige, allgemeing\u00fcltige Aussagen treffen lassen.<br \/>\nZwei Symptome scheinen Autisten generell gemeinsam zu haben:<\/p>\n<ul\n\n\n<li>Autisten brauchen Routine und Regelm\u00e4\u00dfigkeit.<\/li>\n<li>Autisten reagieren st\u00e4rker auf Sinnesreize als Nicht-Autisten. <\/li>\n<\/ul>\n<p>Versuchen wir das ganze einmal auf das Internet anzuwenden.<\/p>\n<div id=\"ez-toc-container\" class=\"ez-toc-v2_0_82_2 counter-hierarchy ez-toc-counter ez-toc-white ez-toc-container-direction\">\n<div class=\"ez-toc-title-container\">\n<p class=\"ez-toc-title\" style=\"cursor:inherit\">Inhalt<\/p>\n<span class=\"ez-toc-title-toggle\"><a href=\"#\" class=\"ez-toc-pull-right ez-toc-btn ez-toc-btn-xs ez-toc-btn-default ez-toc-toggle\" aria-label=\"Toggle Table of Content\"><span class=\"ez-toc-js-icon-con\"><span class=\"\"><span class=\"eztoc-hide\" style=\"display:none;\">Toggle<\/span><span class=\"ez-toc-icon-toggle-span\"><svg style=\"fill: #999;color:#999\" xmlns=\"http:\/\/www.w3.org\/2000\/svg\" class=\"list-377408\" width=\"20px\" height=\"20px\" viewBox=\"0 0 24 24\" fill=\"none\"><path d=\"M6 6H4v2h2V6zm14 0H8v2h12V6zM4 11h2v2H4v-2zm16 0H8v2h12v-2zM4 16h2v2H4v-2zm16 0H8v2h12v-2z\" fill=\"currentColor\"><\/path><\/svg><svg style=\"fill: #999;color:#999\" class=\"arrow-unsorted-368013\" xmlns=\"http:\/\/www.w3.org\/2000\/svg\" width=\"10px\" height=\"10px\" viewBox=\"0 0 24 24\" version=\"1.2\" baseProfile=\"tiny\"><path d=\"M18.2 9.3l-6.2-6.3-6.2 6.3c-.2.2-.3.4-.3.7s.1.5.3.7c.2.2.4.3.7.3h11c.3 0 .5-.1.7-.3.2-.2.3-.5.3-.7s-.1-.5-.3-.7zM5.8 14.7l6.2 6.3 6.2-6.3c.2-.2.3-.5.3-.7s-.1-.5-.3-.7c-.2-.2-.4-.3-.7-.3h-11c-.3 0-.5.1-.7.3-.2.2-.3.5-.3.7s.1.5.3.7z\"\/><\/svg><\/span><\/span><\/span><\/a><\/span><\/div>\n<nav><ul class='ez-toc-list ez-toc-list-level-1 ' ><li class='ez-toc-page-1 ez-toc-heading-level-2'><a class=\"ez-toc-link ez-toc-heading-1\" href=\"https:\/\/www.netz-barrierefrei.de\/wordpress\/barrierefreies-internet\/formen-von-einschraenkungen\/autismus\/#Soziale_Interaktion\" >Soziale Interaktion<\/a><\/li><li class='ez-toc-page-1 ez-toc-heading-level-2'><a class=\"ez-toc-link ez-toc-heading-2\" href=\"https:\/\/www.netz-barrierefrei.de\/wordpress\/barrierefreies-internet\/formen-von-einschraenkungen\/autismus\/#Sprache_und_Textgestaltung\" >Sprache und Textgestaltung<\/a><\/li><li class='ez-toc-page-1 ez-toc-heading-level-2'><a class=\"ez-toc-link ez-toc-heading-3\" href=\"https:\/\/www.netz-barrierefrei.de\/wordpress\/barrierefreies-internet\/formen-von-einschraenkungen\/autismus\/#Mehrfachbehinderungen\" >Mehrfachbehinderungen<\/a><\/li><li class='ez-toc-page-1 ez-toc-heading-level-2'><a class=\"ez-toc-link ez-toc-heading-4\" href=\"https:\/\/www.netz-barrierefrei.de\/wordpress\/barrierefreies-internet\/formen-von-einschraenkungen\/autismus\/#Barrierefreiheit_im_Do-it-Yourself\" >Barrierefreiheit im Do-it-Yourself<\/a><\/li><\/ul><\/nav><\/div>\n<h2><span class=\"ez-toc-section\" id=\"Soziale_Interaktion\"><\/span>Soziale Interaktion<span class=\"ez-toc-section-end\"><\/span><\/h2>\n<p>Die soziale Interaktion d\u00fcrfte Autisten im Internet leichter fallen als im Face-to-Face-Kontakt. Sie k\u00f6nnen sich viel Zeit zum Formulieren einer Mail oder eines Forenbeitrags nehmen. Au\u00dfer bei Chats oder Instant Messaging erwartet kaum jemand eine echte Echtzeitkommunikation &#8211; selbst bei Twitter nicht. Insofern ist schon die M\u00f6glichkeit, Kontakt per Mail oder Kontaktformular aufzunehmen eine deutliche Erleichterung. Es gibt durchaus noch gen\u00fcgend Einrichtungen ohne Website &#8211; ergo ohne auffindbare digitale Kontaktm\u00f6glichkeit &#8211; Arztpraxen, Therapeuten, Fris\u00f6re&#8230;<br \/>\nLeider steckt Deutschland noch im Jahrr 2000, was das Erledigen von Verwaltungsaufgaben \u00fcber das Internet angeht. Ein vern\u00fcnftig und barrierefrei gestaltetes eGoverment-Angebot w\u00e4re nicht nur f\u00fcr alle Behinderten-Gruppen eine gewaltige Erleichterung.<br \/>\nWebseiten sind relativ best\u00e4ndig, einige Seiten wurden wahrscheinlich seit  zehn Jahren nicht wesentlich umgebaut. Aber nicht nur f\u00fcr Autisten d\u00fcrfte es eine Erleichterung sein, wenn Webseiten schrittweise umgebaut werden und nicht in einem Tabula-Rasa-Relaunch. Ich bin selbst ein Bef\u00fcrworter einer schrittweisen Optimierung. Durch einen Relaunch wird sicher vieles anders und einiges besser, daf\u00fcr wird anderes schlechter. Ein frisches Design geht nicht unbedingt mit einer Verbesserung der Funktionalit\u00e4t einher.<br \/>\nDie Konsistenz von Webseiten sollte inzwischen selbstverst\u00e4ndlich sein. Wir ver\u00e4ndern innerhalb eines Webauftritts nicht den Aufbau einer Website, blenden mal eine Spalte aus, lassen hier das Banner weg und blenden kreuz und quer Bilder ein. Auch Bezeichnungen von Elementen sollten konsistent sein. Das hei\u00dft, wir benennen gleiche Dinge gleich und unterschiedliche Dinge unterschiedlich. Klingt banal, wird aber selten gemacht.<br \/>\nGehen wir davon aus, dass wir alle elemente vermeiden sollten, die starke Sinnesreize ausl\u00f6sen k\u00f6nnen. Dazu kann der Einsatz starker und greller Farben geh\u00f6ren, rosa, orange, gelb. Hier kann es schon problematisch werden, denn die Webseiten werden normalerweise den Hausfarben entsprechend entworfen und auf das Corporate Design verzichtet man nicht leichtfertig. Allerdings haben wir die M\u00f6glichkeit, Farben \u00fcber ein Benutzerstylesheet oder Browsereinstellungen zu \u00fcberschreiben, wie auch Sehbehinderte es tun. Das hei\u00dft, im Endeffekt verzichten wir darauf, viele Grafiken und insbesondere Bilder mit solchen grellen Farben zu verwenden. Ansonsten sollte die Webseite an individuelle Bed\u00fcrfnisse anpassbar sein.<br \/>\nEin schwerwiegendes Problem sind Werbebanner. Als Eyecatcher sind sie praktisch immer auff\u00e4llig gestaltet. Da die Banner regelm\u00e4\u00dfig ausgetausch werden, ist auch keine Kontinuit\u00e4t gegeben. Flackernde GIF- oder Flash-Animationen geh\u00f6ren nach wie vor zu den st\u00f6rensten Elementen auf einer Website. Die L\u00f6sung ist hier ganz einfach: Weg damit, wenn sie keinen Nutzen haben und nur als Schmuckelement eingesetzt werben. Und vor allem weg damit, wenn sie endlos weiterzappeln. Es ist kein Problem, eine Flash-Animation so einzustellen, das sie nach dem dritten Durchlauf aufh\u00f6rt, die Animation abzuspielen. Und wer sie nach drei Malen noch nicht beachtet hat, wird das auch beim 10. Durchlauf nicht tun.<br \/>\nEine schlechte Idee sind auch beim Seitenaufruf startende Video- oder Audiodateien. Bei YouTube ist das zu erwarten, alle anderen Seiten sollten das Video oder Audio nur dann starten, wenn der Nutzer es selber m\u00f6chte. <\/p>\n<h2><span class=\"ez-toc-section\" id=\"Sprache_und_Textgestaltung\"><\/span>Sprache und Textgestaltung<span class=\"ez-toc-section-end\"><\/span><\/h2>\n<p>Ich st\u00fctze mich im folgenden auf den Beitrag Design f\u00fcr Mental Behinderte aus dem MA-Blog.  F\u00fcr die sprachliche GestaltungvonTexten gilt, dass aus Satire und Metaphern verzichtet werden sollte. Sie werden ohnehin von den wenigsten Menschen in der intendierten Weise verstanden.<br \/>\nDie Texte sollten ebenfalls ablenkungsfrei gestaltet werden. Verzichten Sie auf spezielle Formatierungen wie Fettung, Kursivstellung oder Versalien. Gliedern Sie den Text ordentlich mit Zwischen\u00fcberschriften und nach einer logischen Struktur. Die Bilder sollten den Inhalt unterstreichen, innerhalb des Flie\u00dftextes sollten keine Links oder Schmuckelemente vorkommen. Sie lenken durch Unterstreichung oder Farbe vom Inhalt ab. Text sollte auch nicht durch Farb\u00e4nderung hervorgehoben werden. <\/p>\n<h2><span class=\"ez-toc-section\" id=\"Mehrfachbehinderungen\"><\/span>Mehrfachbehinderungen<span class=\"ez-toc-section-end\"><\/span><\/h2>\n<p>Die Spannbreite der F\u00e4higkeiten von Autisten scheinen sehr stark zu variieren. So kann Autismus mit motorischen St\u00f6rungen oder einer Lernbehinderung einher gehen.<br \/>\nMehrfachbehinderungen sind eine besondere Herausforderung f\u00fcr die Barrierefreiheit. Allerdings sind die Bed\u00fcrfnisse weitgehend gekl\u00e4rt. Menschen mit Lernschwierigkeiten ben\u00f6tigen Texte in Leichter Sprache und einen \u00fcberschaubaren, einfachen Seitenaufbau. Menschen mit motorischen Einschr\u00e4nkungen wollen Tastaturbedienbarkeit und gro\u00dfe Klickfl\u00e4chen. Es sind die harten Kriterien der Barrierefreiheit, wie sie schon seit Jahren bekannt sind.<\/p>\n<h2><span class=\"ez-toc-section\" id=\"Barrierefreiheit_im_Do-it-Yourself\"><\/span>Barrierefreiheit im Do-it-Yourself<span class=\"ez-toc-section-end\"><\/span><\/h2>\n<p>F\u00fcr viele Menschen mit Behinderungen k\u00f6nnen auch die Websites f\u00fcr mobile Endger\u00e4te interessant sein. Alternativ-Versionen f\u00fcr spezielle Zielgruppen sind zurecht verp\u00f6nt. Aber mobile Websites richten sich an alle. Sie haben den gro\u00dfen Vorteil, dass sie die Funktionen auf das Wesentliche reduzieren, auf Spielereien mit JavaScript und Flash weitgehend verzichet wird und auch Werbung nur marginal vorkommt.<br \/>\nZwar sind  Spezialversionen von Webseiten f\u00fcr Behinderte verp\u00f6nt, das hei\u00dft aber nicht, dass wir nicht unsere eigenen Versionen basteln k\u00f6nnen. F\u00fcr Menschen mit Lernbehinderung w\u00e4re zum Beispiel ein modifizierter Firefox denkbar. Die Version k\u00f6nnte Flash- und AdBlocker vorinstalliert haben. JavaScript ist zwar oftmals problematisch, aber viele Seiten funktionieren nicht mehr gen\u00fcgend und die Skripte schrittweise aufzuheben d\u00fcrfte selbst nicht-behinderten Nutzern h\u00e4ufig zu m\u00fchsam sein. Daneben gibt es Erweiterungen, welche den Content-Bereich hervorheben und den Rest ausblenden. Damit ist eine ablenkungsfreie Lekt\u00fcre m\u00f6glich. Wir k\u00f6nnen auch einfach auf die Druckvorschau des Browsers zugreifen, wenn ein vern\u00fcnftiges Druckstylesheet hinterlegt wurde. Damit ist eine st\u00f6rungsfreiere Lekt\u00fcre m\u00f6glich.<br \/>\n<a href=\"https:\/\/netz-barrierefrei.de\/en\/autism.html\">Digital Accessibility and Autism<\/a><\/p>\n","protected":false},"excerpt":{"rendered":"<p>Der Autismus umfasst eine ganze Reihe von Symptomen und Auspr\u00e4gungen, so dass sich nur wenige, allgemeing\u00fcltige Aussagen treffen lassen. Zwei Symptome scheinen Autisten generell gemeinsam&#8230;<\/p>\n<div class=\"more-link-wrapper\"><a class=\"more-link\" href=\"https:\/\/www.netz-barrierefrei.de\/wordpress\/barrierefreies-internet\/formen-von-einschraenkungen\/autismus\/\">Weiterlesen<span class=\"screen-reader-text\">Barrierefreies Web f\u00fcr Autisten<\/span><\/a><\/div>\n","protected":false},"author":1,"featured_media":0,"parent":558,"menu_order":0,"comment_status":"closed","ping_status":"closed","template":"","meta":{"footnotes":""},"class_list":["post-872","page","type-page","status-publish","hentry","entry"],"_links":{"self":[{"href":"https:\/\/www.netz-barrierefrei.de\/wordpress\/wp-json\/wp\/v2\/pages\/872","targetHints":{"allow":["GET"]}}],"collection":[{"href":"https:\/\/www.netz-barrierefrei.de\/wordpress\/wp-json\/wp\/v2\/pages"}],"about":[{"href":"https:\/\/www.netz-barrierefrei.de\/wordpress\/wp-json\/wp\/v2\/types\/page"}],"author":[{"embeddable":true,"href":"https:\/\/www.netz-barrierefrei.de\/wordpress\/wp-json\/wp\/v2\/users\/1"}],"replies":[{"embeddable":true,"href":"https:\/\/www.netz-barrierefrei.de\/wordpress\/wp-json\/wp\/v2\/comments?post=872"}],"version-history":[{"count":14,"href":"https:\/\/www.netz-barrierefrei.de\/wordpress\/wp-json\/wp\/v2\/pages\/872\/revisions"}],"predecessor-version":[{"id":8217,"href":"https:\/\/www.netz-barrierefrei.de\/wordpress\/wp-json\/wp\/v2\/pages\/872\/revisions\/8217"}],"up":[{"embeddable":true,"href":"https:\/\/www.netz-barrierefrei.de\/wordpress\/wp-json\/wp\/v2\/pages\/558"}],"wp:attachment":[{"href":"https:\/\/www.netz-barrierefrei.de\/wordpress\/wp-json\/wp\/v2\/media?parent=872"}],"curies":[{"name":"wp","href":"https:\/\/api.w.org\/{rel}","templated":true}]}}