{"id":8805,"date":"2024-01-14T16:21:53","date_gmt":"2024-01-14T14:21:53","guid":{"rendered":"https:\/\/www.netz-barrierefrei.de\/wordpress\/?page_id=8805"},"modified":"2024-01-30T08:56:53","modified_gmt":"2024-01-30T06:56:53","slug":"alle-reden-ueber-ki-wir-auch-ausgabe-1-2024","status":"publish","type":"page","link":"https:\/\/www.netz-barrierefrei.de\/wordpress\/newsletter-digitale-barrierefreiheit\/alle-reden-ueber-ki-wir-auch-ausgabe-1-2024\/","title":{"rendered":"Alle reden \u00fcber KI, wir auch &#8211; Ausgabe 1-2024"},"content":{"rendered":"<p>Der Newsletter zur digitalen Barrierefreiheit feiert seienen 5. Geburtstag: Seit 60 Ausgaben d\u00fcrfen wir Sie \u00fcber die Neuigkeiten zur digitalen Barrierefreiheit informieren und sind zum wichtigsten Informations-Angebot zu diesem Thema geworden &#8211; unter anderem deshalb, weil es sonst kaum relevante Informations-Quellen gibt. Mal schauen, ob wir auch den 10. Geburtstag feiern werden. <\/p>\n<p><a href=\"https:\/\/www.silta.ai\/newsletter\">Newsletter hier abonnieren<\/a><\/p>\n<div id=\"ez-toc-container\" class=\"ez-toc-v2_0_82_2 counter-hierarchy ez-toc-counter ez-toc-white ez-toc-container-direction\">\n<div class=\"ez-toc-title-container\">\n<p class=\"ez-toc-title\" style=\"cursor:inherit\">Inhalt<\/p>\n<span class=\"ez-toc-title-toggle\"><a href=\"#\" class=\"ez-toc-pull-right ez-toc-btn ez-toc-btn-xs ez-toc-btn-default ez-toc-toggle\" aria-label=\"Toggle Table of Content\"><span class=\"ez-toc-js-icon-con\"><span class=\"\"><span class=\"eztoc-hide\" style=\"display:none;\">Toggle<\/span><span class=\"ez-toc-icon-toggle-span\"><svg style=\"fill: #999;color:#999\" xmlns=\"http:\/\/www.w3.org\/2000\/svg\" class=\"list-377408\" width=\"20px\" height=\"20px\" viewBox=\"0 0 24 24\" fill=\"none\"><path d=\"M6 6H4v2h2V6zm14 0H8v2h12V6zM4 11h2v2H4v-2zm16 0H8v2h12v-2zM4 16h2v2H4v-2zm16 0H8v2h12v-2z\" fill=\"currentColor\"><\/path><\/svg><svg style=\"fill: #999;color:#999\" class=\"arrow-unsorted-368013\" xmlns=\"http:\/\/www.w3.org\/2000\/svg\" width=\"10px\" height=\"10px\" viewBox=\"0 0 24 24\" version=\"1.2\" baseProfile=\"tiny\"><path d=\"M18.2 9.3l-6.2-6.3-6.2 6.3c-.2.2-.3.4-.3.7s.1.5.3.7c.2.2.4.3.7.3h11c.3 0 .5-.1.7-.3.2-.2.3-.5.3-.7s-.1-.5-.3-.7zM5.8 14.7l6.2 6.3 6.2-6.3c.2-.2.3-.5.3-.7s-.1-.5-.3-.7c-.2-.2-.4-.3-.7-.3h-11c-.3 0-.5.1-.7.3-.2.2-.3.5-.3.7s.1.5.3.7z\"\/><\/svg><\/span><\/span><\/span><\/a><\/span><\/div>\n<nav><ul class='ez-toc-list ez-toc-list-level-1 ' ><li class='ez-toc-page-1 ez-toc-heading-level-2'><a class=\"ez-toc-link ez-toc-heading-1\" href=\"https:\/\/www.netz-barrierefrei.de\/wordpress\/newsletter-digitale-barrierefreiheit\/alle-reden-ueber-ki-wir-auch-ausgabe-1-2024\/#Gute_Nachricht_des_Monats\" >Gute Nachricht des Monats<\/a><\/li><li class='ez-toc-page-1 ez-toc-heading-level-2'><a class=\"ez-toc-link ez-toc-heading-2\" href=\"https:\/\/www.netz-barrierefrei.de\/wordpress\/newsletter-digitale-barrierefreiheit\/alle-reden-ueber-ki-wir-auch-ausgabe-1-2024\/#Interessante_Artikel\" >Interessante Artikel<\/a><\/li><li class='ez-toc-page-1 ez-toc-heading-level-2'><a class=\"ez-toc-link ez-toc-heading-3\" href=\"https:\/\/www.netz-barrierefrei.de\/wordpress\/newsletter-digitale-barrierefreiheit\/alle-reden-ueber-ki-wir-auch-ausgabe-1-2024\/#Schulungen_und_Leistungen\" >Schulungen und Leistungen<\/a><\/li><li class='ez-toc-page-1 ez-toc-heading-level-2'><a class=\"ez-toc-link ez-toc-heading-4\" href=\"https:\/\/www.netz-barrierefrei.de\/wordpress\/newsletter-digitale-barrierefreiheit\/alle-reden-ueber-ki-wir-auch-ausgabe-1-2024\/#Tipp_des_Monats\" >Tipp des Monats<\/a><\/li><li class='ez-toc-page-1 ez-toc-heading-level-2'><a class=\"ez-toc-link ez-toc-heading-5\" href=\"https:\/\/www.netz-barrierefrei.de\/wordpress\/newsletter-digitale-barrierefreiheit\/alle-reden-ueber-ki-wir-auch-ausgabe-1-2024\/#Technische_Artikel\" >Technische Artikel<\/a><\/li><\/ul><\/nav><\/div>\n<h2><span class=\"ez-toc-section\" id=\"Gute_Nachricht_des_Monats\"><\/span>Gute Nachricht des Monats<span class=\"ez-toc-section-end\"><\/span><\/h2>\n<p>Gleich zwei AI-basierte Anwendungen sind f\u00fcr Blinde dazugekommen: Die App BeMyEyes hat jetzt eine auf GPT basierende Funktionalit\u00e4t, die Szenen und Bilder ausf\u00fchrlich beschreiben kann. Die App SeeingAI von Microsoft steht jetzt auch f\u00fcr Nutzende von Android zur Verf\u00fcgung. Die dritte im Bunde ist Envision AI, die schon l\u00e4nger f\u00fcr Android und iOS zur Verf\u00fcgung steht und \u00e4hnlich wie SeeingAI funktioniert. <\/p>\n<h2><span class=\"ez-toc-section\" id=\"Interessante_Artikel\"><\/span>Interessante Artikel<span class=\"ez-toc-section-end\"><\/span><\/h2>\n<p>Assistive Technologien wie Screenreader k\u00f6nnen heute schon teilweise die Fehler von Anwendungen kompensieren. Ihre Rolle wird in Zukunft noch wichtiger werden als sie ohnehin schon ist.<\/p>\n<p><a href=\"https:\/\/www.netz-barrierefrei.de\/wordpress\/assistive-technologien-werden-wichtiger-fuer-digitale-barrierefreiheit\/\">Assistive Technologien werden immer wichtiger<\/a><\/p>\n<p>In einem aktuellen Beitrag geht es um wichtige Erfolgsfaktoren f\u00fcr Barrierefreiheit.<\/p>\n<p><a href=\"https:\/\/www.netz-barrierefrei.de\/wordpress\/digitale-barrierefreiheit-ein-paar-erfolgsfaktoren\/\">Erfolgsfaktoren f\u00fcr Barrierefreiheits-Projekte<\/a><\/p>\n<p>Es gibt ein paar Gruppen, die bislang bei der Barrierefreiheit kaum beachtet werden. Das sind etwa Menschen mit Lernst\u00f6rungen und neuro-diverse Pesronen. F\u00fcr sie spielen benutzerdefinierte Einstellungen eine Schl\u00fcsselrolle.<\/p>\n<p><a href=\"https:\/\/www.netz-barrierefrei.de\/wordpress\/8671-2\/\">Benutzer-definierte Einstellungen in der Barrierefreiheit<\/a><\/p>\n<p>Weiter gehts auf Englisch: Der Tipp, mit Checklisten zu arbeiten fehlt in keiner unserer Schulungen. Doch worauf sollte man achten, wenn man Checklisten erstellt? Darum geht es in einem aktuellen Blog-Beitrag. <\/p>\n<p><a href=\"https:\/\/www.accessarmada.com\/blog\/building-accessibility-checklists-that-are-actually-useful\/\">Building accessibility checklists that are actually useful<\/a><\/p>\n<p>Barrierefreiheit ist kein Projekt mit einem klaren Abschluss, sondern muss permanent betrieben werden, so ein Beitrag. <\/p>\n<p><a href=\"https:\/\/accessicart.com\/6-reasons-why-accessibility-is-maintained-not-attained\/\">6 Reasons Why Accessibility is Maintained, Not Attained<\/a><\/p>\n<p>ChatGPT kann f\u00fcr Expertinnen zur Barrierefreiheit ein hilfreiches Tool sein. Wer sich aber noch nicht auskennt, sollte sich nicht vollst\u00e4ndig darauf verlassen. <\/p>\n<p><a href=\"https:\/\/karlgroves.com\/chatgpt-is-not-ready-to-handle-web-accessibility-remediation\/\">ChatGPT is not ready to handle web accessibility remediation<\/a><\/p>\n<p>Ein aktueller Artikel besch\u00e4ftigt sich mit den Problemen von Frameworks f\u00fcr die Entwicklung von Smartphone-Apps.<\/p>\n<p><a href=\"https:\/\/appt.org\/en\/articles\/native-versus-cross-frameworks-accessible-apps\">Native versus cross-platform frameworks to develop accessible apps<\/a><\/p>\n<p>Jobs zur Barrierefreiheit werden in den n\u00e4chsten Jahren immer wichtiger, so ein aktueller Beitrag. <\/p>\n<p><a href=\"https:\/\/www.theladders.com\/career-advice\/leveling-the-playing-field-why-accessibility-jobs-are-so-important\">Leveling the Playing Field: Why Accessibility Jobs are so Important<\/a><\/p>\n<h2><span class=\"ez-toc-section\" id=\"Schulungen_und_Leistungen\"><\/span>Schulungen und Leistungen<span class=\"ez-toc-section-end\"><\/span><\/h2>\n<p>Es gibt neue Termine f\u00fcr die Schulungen zur Barrierefreiheit von PDF und Web von Silta. <a href=\"https:\/\/www.silta.ai\/schulungen\">Schauen Sie einmal in das Schuungs-Angebot<\/a>.<\/p>\n<p>Wussten Sie \u00fcbrigens, dass Silta viele Leistungen zur digitalen Barrierefreiheit anbietet, zum Beispiel Begleitung bei Projekten? Schauen Sie mal in das <a href=\"https:\/\/www.silta.ai\/leistungen\">Leistungs-Angebot<\/a>.<\/p>\n<h2><span class=\"ez-toc-section\" id=\"Tipp_des_Monats\"><\/span>Tipp des Monats<span class=\"ez-toc-section-end\"><\/span><\/h2>\n<p>Das Schreiben von Alternativtexten zum Beispiel f\u00fcr komplexe Informationsgrafiken ist nicht ganz einfach. Die Anwendung Bard &#8211; Googles Alternative zu ChatGPT &#8211; kann Ihnen hier Arbeit abnehmen. Laden Sie das Bild hoch und bitten Sie Bard darum, die Grafik zu beschreiben. Wie immer gilt, dass Sie den Text pr\u00fcfen und \u00fcberarbeiten sollten und den Datenschutz beachten sollten. <\/p>\n<h2><span class=\"ez-toc-section\" id=\"Technische_Artikel\"><\/span>Technische Artikel<span class=\"ez-toc-section-end\"><\/span><\/h2>\n<ul>\n<li><a href=\"https:\/\/cerovac.com\/a11y\/2023\/11\/comparison-of-accessibility-of-e-government-websites-in-europe\/\">Comparison of accessibility of e-government websites in Europe<\/a><\/li>\n<li><a href=\"https:\/\/makeitfable.com\/insights\/insights-mobile-accessibility\/\">Insights: Mobile accessibility<\/a><\/li>\n<li>Developing an accessible SwiftUI design system (blog post \u2013 moba11y.com)<&#038;li>\n<li><a href=\"https:\/\/cerovac.com\/a11y\/2023\/12\/potential-problems-with-accessibility-audits-and-what-to-do-about-them\/\">Potential problems with accessibility audits and what to do about them<\/a><\/li>\n<li><a href=\"https:\/\/www.microassist.com\/digital-accessibility\/accessibility-culture-human-resources\/\">Creating A Culture of Accessibility: What HR Needs to Know<\/a><\/li>\n<li><a href=\"https:\/\/www.deque.com\/blog\/design-systems-teams\/\">Design Systems Teams: Understand Your Users So They Can Serve Theirs<\/a><\/li>\n<li><a href=\"https:\/\/www.levelaccess.com\/resources\/fifth-annual-state-of-digital-accessibility-report-2023-2024\/\">The Fifth Annual State of Digital Accessibility Report<\/a><\/li>\n<li><a href=\"https:\/\/uxpsychology.substack.com\/p\/creating-inclusive-ai-a-strengths\">Creating Inclusive AI<\/a><\/li>\n<li><a href=\"https:\/\/dev.to\/steady5063\/using-accessibility-rules-with-swiftlint-47cb\">Using accessibility rules with SwiftLint<\/a><\/li>\n<li>Myths in digital Accessibility\n<\/ul>\n","protected":false},"excerpt":{"rendered":"<p>Der Newsletter zur digitalen Barrierefreiheit feiert seienen 5. Geburtstag: Seit 60 Ausgaben d\u00fcrfen wir Sie \u00fcber die Neuigkeiten zur digitalen Barrierefreiheit informieren und sind zum&#8230;<\/p>\n<div class=\"more-link-wrapper\"><a class=\"more-link\" href=\"https:\/\/www.netz-barrierefrei.de\/wordpress\/newsletter-digitale-barrierefreiheit\/alle-reden-ueber-ki-wir-auch-ausgabe-1-2024\/\">Weiterlesen<span class=\"screen-reader-text\">Alle reden \u00fcber KI, wir auch &#8211; Ausgabe 1-2024<\/span><\/a><\/div>\n","protected":false},"author":1,"featured_media":0,"parent":1450,"menu_order":0,"comment_status":"closed","ping_status":"closed","template":"","meta":{"footnotes":""},"class_list":["post-8805","page","type-page","status-publish","hentry","entry"],"_links":{"self":[{"href":"https:\/\/www.netz-barrierefrei.de\/wordpress\/wp-json\/wp\/v2\/pages\/8805","targetHints":{"allow":["GET"]}}],"collection":[{"href":"https:\/\/www.netz-barrierefrei.de\/wordpress\/wp-json\/wp\/v2\/pages"}],"about":[{"href":"https:\/\/www.netz-barrierefrei.de\/wordpress\/wp-json\/wp\/v2\/types\/page"}],"author":[{"embeddable":true,"href":"https:\/\/www.netz-barrierefrei.de\/wordpress\/wp-json\/wp\/v2\/users\/1"}],"replies":[{"embeddable":true,"href":"https:\/\/www.netz-barrierefrei.de\/wordpress\/wp-json\/wp\/v2\/comments?post=8805"}],"version-history":[{"count":6,"href":"https:\/\/www.netz-barrierefrei.de\/wordpress\/wp-json\/wp\/v2\/pages\/8805\/revisions"}],"predecessor-version":[{"id":9947,"href":"https:\/\/www.netz-barrierefrei.de\/wordpress\/wp-json\/wp\/v2\/pages\/8805\/revisions\/9947"}],"up":[{"embeddable":true,"href":"https:\/\/www.netz-barrierefrei.de\/wordpress\/wp-json\/wp\/v2\/pages\/1450"}],"wp:attachment":[{"href":"https:\/\/www.netz-barrierefrei.de\/wordpress\/wp-json\/wp\/v2\/media?parent=8805"}],"curies":[{"name":"wp","href":"https:\/\/api.w.org\/{rel}","templated":true}]}}