{"id":917,"date":"2018-04-17T18:18:41","date_gmt":"2018-04-17T16:18:41","guid":{"rendered":"http:\/\/www.netz-barrierefrei.de\/wordpress\/?page_id=917"},"modified":"2025-06-18T19:06:56","modified_gmt":"2025-06-18T17:06:56","slug":"screenreader-anleitung-nvda-fuer-sehende-und-entwickler","status":"publish","type":"page","link":"https:\/\/www.netz-barrierefrei.de\/wordpress\/hilfstechnik-und-mensch-maschine-interaktion\/screenreader-anleitung-nvda-fuer-sehende-und-entwickler\/","title":{"rendered":"NVDA-Anleitung &#8211; Screenreader f\u00fcr Sehende und Entwickler"},"content":{"rendered":"<p>F\u00fcr Sehende kann es ab und zu n\u00fctzlich sein, einen Screenreader einzusetzen, zum Beispiel um Programme oder Webanwendungen zu testen. Nat\u00fcrlich ist es sinnvoller, solche Anwendungen von Blinden testen zu lassen, aber auch die haben nicht immer Zeit.<br \/>\nDiese Anleitung bezieht sich auf den kostenlosen Desktop-Screenreader NVDA. Silta bietet Screenreader-Trainings f\u00fcr Sehende  <a href=\"https:\/\/www.silta.ai\/NVDA-in-der-Praxis\">Weitere Infos zum Screenreader-Training<\/a><\/p>\n<div id=\"ez-toc-container\" class=\"ez-toc-v2_0_82_2 counter-hierarchy ez-toc-counter ez-toc-white ez-toc-container-direction\">\n<div class=\"ez-toc-title-container\">\n<p class=\"ez-toc-title\" style=\"cursor:inherit\">Inhalt<\/p>\n<span class=\"ez-toc-title-toggle\"><a href=\"#\" class=\"ez-toc-pull-right ez-toc-btn ez-toc-btn-xs ez-toc-btn-default ez-toc-toggle\" aria-label=\"Toggle Table of Content\"><span class=\"ez-toc-js-icon-con\"><span class=\"\"><span class=\"eztoc-hide\" style=\"display:none;\">Toggle<\/span><span class=\"ez-toc-icon-toggle-span\"><svg style=\"fill: #999;color:#999\" xmlns=\"http:\/\/www.w3.org\/2000\/svg\" class=\"list-377408\" width=\"20px\" height=\"20px\" viewBox=\"0 0 24 24\" fill=\"none\"><path d=\"M6 6H4v2h2V6zm14 0H8v2h12V6zM4 11h2v2H4v-2zm16 0H8v2h12v-2zM4 16h2v2H4v-2zm16 0H8v2h12v-2z\" fill=\"currentColor\"><\/path><\/svg><svg style=\"fill: #999;color:#999\" class=\"arrow-unsorted-368013\" xmlns=\"http:\/\/www.w3.org\/2000\/svg\" width=\"10px\" height=\"10px\" viewBox=\"0 0 24 24\" version=\"1.2\" baseProfile=\"tiny\"><path d=\"M18.2 9.3l-6.2-6.3-6.2 6.3c-.2.2-.3.4-.3.7s.1.5.3.7c.2.2.4.3.7.3h11c.3 0 .5-.1.7-.3.2-.2.3-.5.3-.7s-.1-.5-.3-.7zM5.8 14.7l6.2 6.3 6.2-6.3c.2-.2.3-.5.3-.7s-.1-.5-.3-.7c-.2-.2-.4-.3-.7-.3h-11c-.3 0-.5.1-.7.3-.2.2-.3.5-.3.7s.1.5.3.7z\"\/><\/svg><\/span><\/span><\/span><\/a><\/span><\/div>\n<nav><ul class='ez-toc-list ez-toc-list-level-1 ' ><li class='ez-toc-page-1 ez-toc-heading-level-2'><a class=\"ez-toc-link ez-toc-heading-1\" href=\"https:\/\/www.netz-barrierefrei.de\/wordpress\/hilfstechnik-und-mensch-maschine-interaktion\/screenreader-anleitung-nvda-fuer-sehende-und-entwickler\/#Eine_Warnung_vorweg\" >Eine Warnung vorweg<\/a><\/li><li class='ez-toc-page-1 ez-toc-heading-level-2'><a class=\"ez-toc-link ez-toc-heading-2\" href=\"https:\/\/www.netz-barrierefrei.de\/wordpress\/hilfstechnik-und-mensch-maschine-interaktion\/screenreader-anleitung-nvda-fuer-sehende-und-entwickler\/#Erste_Schritte\" >Erste Schritte<\/a><\/li><li class='ez-toc-page-1 ez-toc-heading-level-2'><a class=\"ez-toc-link ez-toc-heading-3\" href=\"https:\/\/www.netz-barrierefrei.de\/wordpress\/hilfstechnik-und-mensch-maschine-interaktion\/screenreader-anleitung-nvda-fuer-sehende-und-entwickler\/#Navigationstasten\" >Navigationstasten<\/a><ul class='ez-toc-list-level-3' ><li class='ez-toc-heading-level-3'><a class=\"ez-toc-link ez-toc-heading-4\" href=\"https:\/\/www.netz-barrierefrei.de\/wordpress\/hilfstechnik-und-mensch-maschine-interaktion\/screenreader-anleitung-nvda-fuer-sehende-und-entwickler\/#Tabellen_pruefen\" >Tabellen pr\u00fcfen<\/a><\/li><li class='ez-toc-page-1 ez-toc-heading-level-3'><a class=\"ez-toc-link ez-toc-heading-5\" href=\"https:\/\/www.netz-barrierefrei.de\/wordpress\/hilfstechnik-und-mensch-maschine-interaktion\/screenreader-anleitung-nvda-fuer-sehende-und-entwickler\/#Formulare\" >Formulare<\/a><\/li><\/ul><\/li><li class='ez-toc-page-1 ez-toc-heading-level-2'><a class=\"ez-toc-link ez-toc-heading-6\" href=\"https:\/\/www.netz-barrierefrei.de\/wordpress\/hilfstechnik-und-mensch-maschine-interaktion\/screenreader-anleitung-nvda-fuer-sehende-und-entwickler\/#Nuetzliche_Tools\" >N\u00fctzliche Tools<\/a><\/li><li class='ez-toc-page-1 ez-toc-heading-level-2'><a class=\"ez-toc-link ez-toc-heading-7\" href=\"https:\/\/www.netz-barrierefrei.de\/wordpress\/hilfstechnik-und-mensch-maschine-interaktion\/screenreader-anleitung-nvda-fuer-sehende-und-entwickler\/#Protokoll\" >Protokoll<\/a><\/li><li class='ez-toc-page-1 ez-toc-heading-level-2'><a class=\"ez-toc-link ez-toc-heading-8\" href=\"https:\/\/www.netz-barrierefrei.de\/wordpress\/hilfstechnik-und-mensch-maschine-interaktion\/screenreader-anleitung-nvda-fuer-sehende-und-entwickler\/#Interaktion_mit_Desktop-Programmen\" >Interaktion mit Desktop-Programmen<\/a><\/li><li class='ez-toc-page-1 ez-toc-heading-level-2'><a class=\"ez-toc-link ez-toc-heading-9\" href=\"https:\/\/www.netz-barrierefrei.de\/wordpress\/hilfstechnik-und-mensch-maschine-interaktion\/screenreader-anleitung-nvda-fuer-sehende-und-entwickler\/#Objekt-Navigation\" >Objekt-Navigation<\/a><\/li><li class='ez-toc-page-1 ez-toc-heading-level-2'><a class=\"ez-toc-link ez-toc-heading-10\" href=\"https:\/\/www.netz-barrierefrei.de\/wordpress\/hilfstechnik-und-mensch-maschine-interaktion\/screenreader-anleitung-nvda-fuer-sehende-und-entwickler\/#Weitere_Screenreader-Anleitungen\" >Weitere Screenreader-Anleitungen<\/a><\/li><li class='ez-toc-page-1 ez-toc-heading-level-2'><a class=\"ez-toc-link ez-toc-heading-11\" href=\"https:\/\/www.netz-barrierefrei.de\/wordpress\/hilfstechnik-und-mensch-maschine-interaktion\/screenreader-anleitung-nvda-fuer-sehende-und-entwickler\/#Zum_Weiterlesen\" >Zum Weiterlesen<\/a><\/li><\/ul><\/nav><\/div>\n<h2><span class=\"ez-toc-section\" id=\"Eine_Warnung_vorweg\"><\/span>Eine Warnung vorweg<span class=\"ez-toc-section-end\"><\/span><\/h2>\n<p>Ein Screenreader ist eine komplexe Software, die auch frisch Erblindete nicht einfach anschmei\u00dfen und dann verstehen, was da ausgegeben wird. Zwangsl\u00e4ufig m\u00fcssen visuelle Informationen in eine Form gebracht werden, die von Blinden verstanden wird. Wenn Sie nicht verstehen im Sinne von die Ausgabe nicht interpretieren k\u00f6nnen, die Sie h\u00f6ren, dann liegt das eventuell an Ihrer mangelnden Erfahrung. Das ist der Grund, warum Personen ohne Erfahrung keinen Screenreader verwenden sollten. Oder zumindest bei der Interpretation der Ergebnisse vorsichtig sein sollten. <\/p>\n<h2><span class=\"ez-toc-section\" id=\"Erste_Schritte\"><\/span>Erste Schritte<span class=\"ez-toc-section-end\"><\/span><\/h2>\n<p>NVDA kann installiert oder ohne Installation (portable) verwendet werden. F\u00fcr den gelegentlichen Gebrauch reicht die portable Version aus. Beide Versionen findet man auf der Projektseite. Die portable Version ist auch zu empfehlen, wenn man keine Admin-Rechte hat, was bei Firmenrechnern \u00fcblich ist.<br \/>\nDas Programm finden Sie auf der Website nvaccess.org. Es wird wie eine \u00fcbliche Windows-Software installiert, w\u00e4hrend der Installation sollten sie eine portable Version erstellen lassen. Daf\u00fcr sollten Sie einen eigenen Ordner erstellen. Diesen k\u00f6nnen Sie auch kopieren und auf einem anderen Rechner wiederverwenden oder weitergeben. Um NVDA zu starten gehen Sie in den Ordner und starten Sie die Datei nvda.exe.<br \/>\nder Screenreader muss immer vor dem Browser oder einer anderen zu pr\u00fcfenden Anwendung gestartet werden.<br \/>\nNVDA hat keine grafische Benutzeroberfl\u00e4che, sondern nur das Konfigurationsmen\u00fc. Dieses erreicht man mit der Tastenkombination Einfg + N. Das Men\u00fc selbst ist mit der Maus bedienbar.<br \/>\nAb Windows 10 wird standardm\u00e4\u00dfig die Windows-eigene Stimme verwendet. Wenn Sie die Sprachausgabe st\u00f6rt, k\u00f6nnen Sie die Lautst\u00e4rke verringern oder die Sprachausgabe mit EINFG + S ausschalten.<br \/>\nUm zu h\u00f6ren, welche Information \u00fcber ein bestimmtes Element ausgegeben wird kann die Cursoransage aktiviert werden. Dazu gehen wir unter Einstellungen -&gt; Mauseinstellungen und aktivieren Objekttyp unter dem Mauszeiger ansagen. Das k\u00f6nnen Sie mit NVDA + M ein- und ausschalten, da es manchmal st\u00f6rend ist.<br \/>\nWichtig: Die Ansage unter dem Maus-Cursor ist nicht zuverl\u00e4ssig, relevant ist nur das, was mit dem Screenreader bei Kontakt mit dem virtuellen oder anderen  Cursorn angesagt wird.<br \/>\nIn HTML gibt es eine Funktion, um Eingabefeldern automatisch einen Fokus zuzuweisen. NVDA aktiviert dabei den sogenannten Formularmodus, dieser dient dazu, Formulare auszuf\u00fcllen. In den meisten F\u00e4llen st\u00f6rt das nur, deswegen schalten wir das ab. Dazu gehen wir unter Einstellungen -&gt; Lesemodus und klicken die beiden Optionen zur automatischen Fokuseinschaltung weg.<\/p>\n<h2><span class=\"ez-toc-section\" id=\"Navigationstasten\"><\/span>Navigationstasten<span class=\"ez-toc-section-end\"><\/span><\/h2>\n<p>Blinde bewegen sich mit den Navigationstasten durch eine Webseite. Dr\u00fcckt zum Beispiel einmal die Taste &#8222;H&#8220;, dann h\u00fcpft der Screenreader zur n\u00e4chsten \u00dcberschrift. Mit &#8222;n&#8220; erreicht ihr, dass alle anklickbaren Elemente wie Links \u00fcbersprungen werden, damit erreicht ihr, dass ihr den Textbereich der Seite schneller findet.<br \/>\nWichtige Tasten sind:<br \/>\nH = zur n\u00e4chsten \u00dcberschrift<br \/>\nG = zur n\u00e4chsten Grafik<br \/>\ni = n\u00e4chstes List Item<br \/>\nEINFG + F7 = Liste von Links und \u00dcberschriften<br \/>\nSTRG + POS1 = Screenreader-Fokus zum Anfang der Seite bewegen<\/p>\n<h3><span class=\"ez-toc-section\" id=\"Tabellen_pruefen\"><\/span>Tabellen pr\u00fcfen<span class=\"ez-toc-section-end\"><\/span><\/h3>\n<p>Mit T springen Sie zur ersten erkannten Tabelle. Mit gehaltener STRG + Alt-Taste und den Pfeiltasten bewegen Sie sich systematisch durch eine Tabelle. Zum Beispiel bewegen Sie sich mit STRG ALT + Pfeil nach rechts nach rechts, mit STRG ALT Pfeil runter nach unten und so weiter.<br \/>\nHier ist vor allem wichtig, dass die Elemente in der gleichen Reihenfolge angesagt werden, wie sie visuell angezeigt werden.<br \/>\nEine vorhandene Kurzbeschreibung wird vorgelesen, wenn Sie die Tabelle mit T anspringen oder wenn Sie die Tabelle \u00fcber den Flie\u00dftext erreichen.<\/p>\n<h3><span class=\"ez-toc-section\" id=\"Formulare\"><\/span>Formulare<span class=\"ez-toc-section-end\"><\/span><\/h3>\n<p>F\u00fcr die Interaktion mit Formularen und Anwendungen m\u00fcssen wir zwischen Fokus-Modus und Formularmodus wechseln. Im Formular-Modus k\u00f6nnen wir mit den Tasten Text schreiben oder Elemente ver\u00e4ndern. Der Formularmodus wird mit NVDA + Leertaste aktiviert\/deaktiviert, das wird durch ein Einrat-Ger\u00e4usch vermittelt.<br \/>\nBleiben wir zun\u00e4chst im Fokus-Modus: Dr\u00fccken wir F, k\u00f6nnen wir alle Elemente erreichen, die NVDA als Formular-Element erkennt. Prinzipiell gibt es f\u00fcr NVDA keinen Unterschied zwiscen Formular-Elementen, Bedien-Elemente in einer Anwendung wie einem Video-Player oder einer Textverarbeitung im Web.<br \/>\nHaben wir mit F oder Tab ein Formular erreicht, aktivieren wir mit NVDA + Leertaste den Formularmodus. Mit Tab und Shift + Tab bewegen wir uns durch die Elemente, mit den Pfeiltasten bewegen wir uns durch Radio-Buttons, mit der Leertaste aktivieren bzw. aktivieren wir Checkboxen, mit Alt-Pfeil Runter \u00f6ffnen wir Select-Boxen, mit Pfeil links-rechts bedienen wir Slider, mit Return verwenden wir das Formular.<br \/>\nWichtig ist, dass die visuellen Beschriftungen des Elements bzw. eine Funktionalit\u00e4t vorgelesen wird, deren Status wie aktiviert oder deaktiviert, eventuell eingegebener Text gelesen und ver\u00e4ndert werden kann sowie die Position eines Sliders auch bei Ver\u00e4nderung vorgelesen wird.<br \/>\nM\u00f6chten Sie ein Formular pr\u00fcfen, aktivieren Sie den Formular-Modus. Springen Sie zun\u00e4chst mit F in das n\u00e4chste Formularfeld. Mit Einfg + Leertaste aktivieren Sie den Formularmodus und k\u00f6nnen ganz normal Text mit der Tastatur schreiben. Mit Einfg + Leertaste verlassen Sie den Formularmodus wieder. Der Formular-Modus ist an einem Einrast-Ger\u00e4usch akkustisch erkennbar.<br \/>\nIm Formularmodus k\u00f6nnen Sie folgenderma\u00dfen vorgehen: Alle Elemente sollten mit Tab in einer logischen, das hei\u00dft, am visuellen Aufbau orientierten Reihenfolge angetabbt werden k\u00f6nnen. Es sollen Labels und eventuell am Formularelement befindliche Fehlermeldungen ausgegeben werden.<br \/>\n\u2022 Mit der Leertaste werden Checkboxen aktiviert\/deaktiviert<br \/>\n\u2022 mit ALT Pfeil-runter k\u00f6nnen Auswahlfelder oder Selectfelder ausgeklappt werden, mit Return wird eine Option ausgew\u00e4hlt und die Selectbox zugeklappt<br \/>\n\u2022 mit Pfeil rauf oder Pfeil runter werden Radio-Buttons ausgew\u00e4hlt<br \/>\n\u2022 mit Pfeil links\/Pfeil rechts werden Slider bedient<br \/>\nIst der Formular-Modus nicht aktiviert, k\u00f6nnen Sie folgende Tasten benutzen:<br \/>\n\u2022 Mit F springen Sie von Formularfeld zu Formularfeld<br \/>\n\u2022 Mit E springen Sie zum n\u00e4chsten Eingabefeld<br \/>\n\u2022 X = n\u00e4chste Checkbox<br \/>\n\u2022 r = n\u00e4chster Radio-Button<br \/>\n\u2022 C = n\u00e4chstes Select-Feld<br \/>\nMit EINFG + F7 k\u00f6nnen Sie sich alle Formularfelder auflisten lassen, w\u00e4hlen Sie dazu in dem Dialog den entsprechende Radiobutton. <\/p>\n<h2><span class=\"ez-toc-section\" id=\"Nuetzliche_Tools\"><\/span>N\u00fctzliche Tools<span class=\"ez-toc-section-end\"><\/span><\/h2>\n<p>F\u00fcr Entwickler und Neugierige gibt es Einige hilfreiche Tools wie den Sprachbetrachter. Der Sprachbetrachter gibt die Informationen als Text aus, die normalerweise als Sprache oder ausgegeben werden. Wir finden ihn unter Extras -&gt; Sprachbetrachter. Das Fenster legt sich \u00fcber den Bildschirm, kann aber wie bei Windows gewohnt in eine Ecke geschoben werden, wo es nicht weiter st\u00f6rt. Der Sprachbetrachter funktioniert auch, wenn die Sprachausgabe abgeschaltet ist, dazu gehen wir unter Einstellungen -&gt; Sprachausgabe und w\u00e4hlen im Ausklappfeld Keine Sprache oder dr\u00fccken NVDA + S. Sie k\u00f6nnen aber auch einfach den Lautsprecher leise drehen, wenn Sie die Sprachausgabe so nicht st\u00f6rt. <\/p>\n<h2><span class=\"ez-toc-section\" id=\"Protokoll\"><\/span>Protokoll<span class=\"ez-toc-section-end\"><\/span><\/h2>\n<p>Interessant k\u00f6nnte au\u00dferdem das Protokoll sein. Ich bin selber kein Entwickler, deswegen \u00fcberlasse ich Ihnen die Einsch\u00e4tzung. Zun\u00e4chst k\u00f6nnen wir den Protokollierungsmodus festlegen. Dazu gehen wir unter Einstellungen -&gt; Allgemeine Einstellungen und w\u00e4hlen dort die Protokollierungsstufe. Dort gibt es auch einen Debug-Modus, der k\u00f6nnte aber auch nur zum Debuggen von NVDA selbst gedacht sein. Nach getaner Arbeit k\u00f6nnt Sie sich  das Protokoll unter Einstellungen -&gt; Extras Protokoll anzeigen anschauen.<br \/>\nWenn Sie sich schon mit den Accessibility-Schnittstellen besch\u00e4ftigt habt, k\u00f6nnt ihr n\u00fctzliche Informationen zur aktuellen Anwendung mit Einfg + F1 aufrufen. Dort gibt es verschiedene Infos zur verwendeten API und noch einiges mehr.<br \/>\nMit Einfg + F7 k\u00f6nnen wir uns im Browserfenster s\u00e4mtliche \u00dcberschriften, Links oder Sprunganker anzeigen lassen.<br \/>\nMit Einfg \u2013 Pfeil nach unten wird alles vorgelesen, was hinter dem Cursor steht. Wenn ihr also am Anfang der Seite steht wird die Seite vollst\u00e4ndig vorgelesen samt Links, Navigationselementen, Fu\u00dfzeile und was es noch so gibt. Ich kenne allerdings niemanden, der sich das freiwillig anh\u00f6ren w\u00fcrde zumal es einige Minuten dauern kann, bis der Screenreader zum Ende der Seite gelangt. Das ist keine M\u00f6glichkeit, sich einen guten \u00dcberblick \u00fcber die Seite zu verschaffen, weil einfach zu viele Elemente vorhanden sind und sich das niemand merken kann. Wenn ihr mit dem Mauscursor \u00fcber ein Element wie zum Beispiel einen Button fahrt k\u00f6nnt ihr h\u00f6ren, welche Informationen NVDA aus diesem Element auslesen kann. Auch das wird im Sprachbetrachter angezeigt. Zuverl\u00e4ssig ist aber nur der virtuelle Cursor oder der PC-Fokus.<br \/>\nAchten Sie darauf, dass der Cursor nicht in der Adresszeile oder dem Suchfeld des Browsers sein darf, sondern im Browserfenster sein muss. Falls ihr ein Einrastger\u00e4usch geh\u00f6rt habt ist der Screenreader in den Formularmodus gewechselt, in dem Formulare ausgef\u00fcllt werden k\u00f6nnen. In diesem Fall dr\u00fcckt Einfg + Leertaste.<\/p>\n<h2><span class=\"ez-toc-section\" id=\"Interaktion_mit_Desktop-Programmen\"><\/span>Interaktion mit Desktop-Programmen<span class=\"ez-toc-section-end\"><\/span><\/h2>\n<p>Es gibt mehrere M\u00f6glichkeiten, mit Desktop-Programmen zu interagieren. Klassisch sind die alten Men\u00fcs, die man mit ALT \u00f6ffnet und per Pfeiltasten durchgehen kann. Das klappt auch mit den Ribbons der Office-Programme oder des Windows Explorers.<br \/>\nWeiterhin gibt es die mit Windows 10 eingef\u00fchrten Desktop-Apps. Sie verhalten sich ein wenig mehr wie Webseiten als wie Desktop-Programme. Hier kann man mit Tab die Elemente durchgehen. Damit erreicht man aber nur interaktive Elemente. Um Texte auslesen zu k\u00f6nnen ben\u00f6tigt man die Objektnavigation. <\/p>\n<h2><span class=\"ez-toc-section\" id=\"Objekt-Navigation\"><\/span>Objekt-Navigation<span class=\"ez-toc-section-end\"><\/span><\/h2>\n<p>Es gibt verschiedene Cursor-Arten. Zum Einen gibt es die oben dargestellte Navigation mit dem PC-Fokus. Daneben gibt es die Objekt-Navigation.<br \/>\nMit dem PC-Fokus lassen sich bestimmte Elemente nicht erreichen, etwa in Windows-Apps. Hier kann man sich zwar mit Tab bewegen, dabei werden aber zum Beispiel Texte \u00fcbersprungen. Diese Elemente k\u00f6nnen nur mit der Objekt-Navigation erreicht werden.<br \/>\nDie Objekt-Navigation sieht Elemente als hierarchisch an. Das Word-Fenster etwa ist die oberste Ebene, die Men\u00fcleiste eine Unter-Ebene, die Icons eine Unter-Ebene der Men\u00fcleisten und so weiter.<br \/>\nF\u00fcr die Objekt-Navigation wird der Nummernblock ben\u00f6tigt, dieser Sollte ausgeschaltet sein.<\/p>\n<ul>\n<li>Dr\u00fccken Sie EINFG + 4 und 6, um sich innerhalb einer Hierarchie zu bewegen.<\/li>\n<li>Dr\u00fccken Sie Einfg + 8 oder 2, um innerhalb der Hierarchie auf- und abzusteigen.<\/li>\n<li>Dr\u00fccken Sie Einfg + 5, um die Position des Objekt-Fokuss abzufragen.<\/li>\n<li>Dr\u00fccken Sie EINFG + Enter, um eine Aktion auf dem vom Objekt-Cursor fokussierten Element auszul\u00f6sen.<\/li>\n<\/ul>\n<h2><span class=\"ez-toc-section\" id=\"Weitere_Screenreader-Anleitungen\"><\/span>Weitere Screenreader-Anleitungen<span class=\"ez-toc-section-end\"><\/span><\/h2>\n<ul>\n<li><a href=\"https:\/\/www.netz-barrierefrei.de\/wordpress\/screenreader-microsoft-narrator-eine-anleitung-fuer-sehende\/\">Anleitung f\u00fcr Windows Narrator<\/a><\/li>\n<li><a href=\"https:\/\/www.netz-barrierefrei.de\/wordpress\/barrierefreies-internet\/barrierefreiheit-von-webseiten-testen\/webseiten-mit-android-talkback-auf-barrierefreiheit-testen\/\">Talkback auf Android f\u00fcr Sehende<\/a><\/li>\n<li><a href=\"https:\/\/www.netz-barrierefrei.de\/wordpress\/webseiten-und-apps-mit-voiceover-auf-ios-testen\/\">VoiceOver auf iOS f\u00fcr Sehende<\/a><\/li>\n<\/ul>\n<h2><span class=\"ez-toc-section\" id=\"Zum_Weiterlesen\"><\/span>Zum Weiterlesen<span class=\"ez-toc-section-end\"><\/span><\/h2>\n<ul>\n<li>Silta bietet Screenreader-Trainings f\u00fcr Sehende  <a href=\"https:\/\/www.silta.ai\/NVDA-in-der-Praxis\">Weitere Infos zum Screenreader-Training<\/a><\/li>\n<li><a href=\"https:\/\/netz-barrierefrei.de\/en\/nvda-testing.html\">Testing with NVDA Screen Reader as sighted<\/a><\/li>\n<li><a href=\"https:\/\/www.netz-barrierefrei.de\/wordpress\/hilfstechnik-und-mensch-maschine-interaktion\/wie-blinde-computer-nutzen\/sollten-webseiten-mit-screenreadern-getestet-werden\/\">Sollten Sehende Screenreader-Tests durchf\u00fchren<\/a><\/li>\n<li><a href=\"https:\/\/www.powermapper.com\/tests\/\">Power Mapper testet verschiedene Technologien mit Screenreadern<\/a><\/li>\n<\/ul>\n","protected":false},"excerpt":{"rendered":"<p>F\u00fcr Sehende kann es ab und zu n\u00fctzlich sein, einen Screenreader einzusetzen, zum Beispiel um Programme oder Webanwendungen zu testen. Nat\u00fcrlich ist es sinnvoller, solche&#8230;<\/p>\n<div class=\"more-link-wrapper\"><a class=\"more-link\" href=\"https:\/\/www.netz-barrierefrei.de\/wordpress\/hilfstechnik-und-mensch-maschine-interaktion\/screenreader-anleitung-nvda-fuer-sehende-und-entwickler\/\">Weiterlesen<span class=\"screen-reader-text\">NVDA-Anleitung &#8211; Screenreader f\u00fcr Sehende und Entwickler<\/span><\/a><\/div>\n","protected":false},"author":1,"featured_media":0,"parent":700,"menu_order":0,"comment_status":"closed","ping_status":"closed","template":"","meta":{"footnotes":""},"class_list":["post-917","page","type-page","status-publish","hentry","entry"],"_links":{"self":[{"href":"https:\/\/www.netz-barrierefrei.de\/wordpress\/wp-json\/wp\/v2\/pages\/917","targetHints":{"allow":["GET"]}}],"collection":[{"href":"https:\/\/www.netz-barrierefrei.de\/wordpress\/wp-json\/wp\/v2\/pages"}],"about":[{"href":"https:\/\/www.netz-barrierefrei.de\/wordpress\/wp-json\/wp\/v2\/types\/page"}],"author":[{"embeddable":true,"href":"https:\/\/www.netz-barrierefrei.de\/wordpress\/wp-json\/wp\/v2\/users\/1"}],"replies":[{"embeddable":true,"href":"https:\/\/www.netz-barrierefrei.de\/wordpress\/wp-json\/wp\/v2\/comments?post=917"}],"version-history":[{"count":36,"href":"https:\/\/www.netz-barrierefrei.de\/wordpress\/wp-json\/wp\/v2\/pages\/917\/revisions"}],"predecessor-version":[{"id":10085,"href":"https:\/\/www.netz-barrierefrei.de\/wordpress\/wp-json\/wp\/v2\/pages\/917\/revisions\/10085"}],"up":[{"embeddable":true,"href":"https:\/\/www.netz-barrierefrei.de\/wordpress\/wp-json\/wp\/v2\/pages\/700"}],"wp:attachment":[{"href":"https:\/\/www.netz-barrierefrei.de\/wordpress\/wp-json\/wp\/v2\/media?parent=917"}],"curies":[{"name":"wp","href":"https:\/\/api.w.org\/{rel}","templated":true}]}}