{"id":9312,"date":"2024-08-07T12:51:01","date_gmt":"2024-08-07T10:51:01","guid":{"rendered":"https:\/\/www.netz-barrierefrei.de\/wordpress\/?page_id=9312"},"modified":"2024-08-07T12:51:37","modified_gmt":"2024-08-07T10:51:37","slug":"aerger-fuer-die-globoli-der-barrierefreiheit-ausgabe-8-2024","status":"publish","type":"page","link":"https:\/\/www.netz-barrierefrei.de\/wordpress\/newsletter-digitale-barrierefreiheit\/aerger-fuer-die-globoli-der-barrierefreiheit-ausgabe-8-2024\/","title":{"rendered":"\u00c4rger f\u00fcr die Globoli der Barrierefreiheit &#8211; Ausgabe 8 &#8211; 2024"},"content":{"rendered":"<div id=\"ez-toc-container\" class=\"ez-toc-v2_0_82_2 counter-hierarchy ez-toc-counter ez-toc-white ez-toc-container-direction\">\n<div class=\"ez-toc-title-container\">\n<p class=\"ez-toc-title\" style=\"cursor:inherit\">Inhalt<\/p>\n<span class=\"ez-toc-title-toggle\"><a href=\"#\" class=\"ez-toc-pull-right ez-toc-btn ez-toc-btn-xs ez-toc-btn-default ez-toc-toggle\" aria-label=\"Toggle Table of Content\"><span class=\"ez-toc-js-icon-con\"><span class=\"\"><span class=\"eztoc-hide\" style=\"display:none;\">Toggle<\/span><span class=\"ez-toc-icon-toggle-span\"><svg style=\"fill: #999;color:#999\" xmlns=\"http:\/\/www.w3.org\/2000\/svg\" class=\"list-377408\" width=\"20px\" height=\"20px\" viewBox=\"0 0 24 24\" fill=\"none\"><path d=\"M6 6H4v2h2V6zm14 0H8v2h12V6zM4 11h2v2H4v-2zm16 0H8v2h12v-2zM4 16h2v2H4v-2zm16 0H8v2h12v-2z\" fill=\"currentColor\"><\/path><\/svg><svg style=\"fill: #999;color:#999\" class=\"arrow-unsorted-368013\" xmlns=\"http:\/\/www.w3.org\/2000\/svg\" width=\"10px\" height=\"10px\" viewBox=\"0 0 24 24\" version=\"1.2\" baseProfile=\"tiny\"><path d=\"M18.2 9.3l-6.2-6.3-6.2 6.3c-.2.2-.3.4-.3.7s.1.5.3.7c.2.2.4.3.7.3h11c.3 0 .5-.1.7-.3.2-.2.3-.5.3-.7s-.1-.5-.3-.7zM5.8 14.7l6.2 6.3 6.2-6.3c.2-.2.3-.5.3-.7s-.1-.5-.3-.7c-.2-.2-.4-.3-.7-.3h-11c-.3 0-.5.1-.7.3-.2.2-.3.5-.3.7s.1.5.3.7z\"\/><\/svg><\/span><\/span><\/span><\/a><\/span><\/div>\n<nav><ul class='ez-toc-list ez-toc-list-level-1 ' ><li class='ez-toc-page-1 ez-toc-heading-level-2'><a class=\"ez-toc-link ez-toc-heading-1\" href=\"https:\/\/www.netz-barrierefrei.de\/wordpress\/newsletter-digitale-barrierefreiheit\/aerger-fuer-die-globoli-der-barrierefreiheit-ausgabe-8-2024\/#Interessante_Beitraege\" >Interessante Beitr\u00e4ge<\/a><\/li><li class='ez-toc-page-1 ez-toc-heading-level-2'><a class=\"ez-toc-link ez-toc-heading-2\" href=\"https:\/\/www.netz-barrierefrei.de\/wordpress\/newsletter-digitale-barrierefreiheit\/aerger-fuer-die-globoli-der-barrierefreiheit-ausgabe-8-2024\/#Gute_Nachrichten_des_Monats\" >Gute Nachrichten des Monats<\/a><\/li><li class='ez-toc-page-1 ez-toc-heading-level-2'><a class=\"ez-toc-link ez-toc-heading-3\" href=\"https:\/\/www.netz-barrierefrei.de\/wordpress\/newsletter-digitale-barrierefreiheit\/aerger-fuer-die-globoli-der-barrierefreiheit-ausgabe-8-2024\/#Weitere_Artikel\" >Weitere Artikel<\/a><\/li><\/ul><\/nav><\/div>\n<h2><span class=\"ez-toc-section\" id=\"Interessante_Beitraege\"><\/span>Interessante Beitr\u00e4ge<span class=\"ez-toc-section-end\"><\/span><\/h2>\n<p>Der Atlas digitale Barrierefreiheit macht gerade Furore. Dabei wurden &#8211; angeblich &#8211; alle deutschen Kommunen von Menschen mit Behinderung auf Barrierefreiheit gepr\u00fcft. Leider ist die Aussagekraft dieser Untersuchung gering, wie dieser Beitrag zeigen.<\/p>\n<p><a href=\"https:\/\/www.netz-barrierefrei.de\/wordpress\/der-atlas-digitale-barrierefreiheit-der-unterschied-zwischen-gut-gemeint-und-gut-gemacht\/\">Atlas digitale Barrierefreiheit<\/a><\/p>\n<p>Tests auf digitale Barrierefreiheit k\u00f6nnen g\u00fcnstiger und zugleich aussagekr\u00e4ftiger sein, so ein aktueller Beitrag.<\/p>\n<p><a href=\"https:\/\/www.netz-barrierefrei.de\/en\/component.html\">Komponenten statt Webseiten testen<\/a><\/p>\n<p>Ist der aktuelle Ansatz zur digitalen Barrierefreiheit mit alles oder nichts zu streng? Dieser Beitrag vertritt diese Einsch\u00e4tzung.<\/p>\n<p><a href=\"https:\/\/www.netz-barrierefrei.de\/en\/little-access.html\">Ein bisschen Barrierefreiheit ist m\u00f6glich<\/a><\/p>\n<p>Die Overlay-Anbieter stehen verst\u00e4rkt unter Beschuss. Sie erinnern sich vielleicht: Overlay-Anbieter versprechen, dass sie Websites mit wenigen Klicks automatisch barrierefrei machen. Es sind die Hom\u00f6opathen der digitalen Barrierefreiheit. Mit denen haben sie gemeinsam, dass ihre Produkte nicht funktionieren und sie es nicht m\u00f6gen, wenn sie jemand kritisiert.<\/p>\n<ul>\n<li><a href=\"https:\/\/www.lflegal.com\/2024\/07\/accessibe-class-action\/\">Overlay Company Sued for Breach of Contract, Breach of the Covenant of Good Faith and Fair Dealing <\/a><\/li>\n<li><a href=\"https:\/\/www.prnewswire.com\/news-releases\/lawsuit-accuses-nasdaq-listed-audioeye-ceo-and-its-executive-chairman-of-stock-manipulation-302182921.html\">Lawsuit Accuses NASDAQ-listed Overlay company<\/a><\/li>\n<\/ul>\n<p>Diese Seite fasst Anleitungen zum Design f\u00fcr Neuro-Diversit\u00e4t zusammen.<\/p>\n<p><a href=\"https:\/\/www.digitala11y.com\/designing-for-neurodiversity-resources-roundup\/?\">Designing For Neurodiversity Resources Roundup<\/a><\/p>\n<p>F\u00fcr WordPress gibt es eine Reihe von Page Buildern, also Bauk\u00e4sten. Dieses Google Sheet fasst zusammen, inwieweit sie barrierefreie Websites erstellen k\u00f6nnen.<\/p>\n<p><a href=\"https:\/\/docs.google.com\/spreadsheets\/d\/1DpbYamKHX_AV6sDdKE21bZykvhLrQw2NRX30voIagjA\/edit?gid=0#gid=0\">Accessibility WordPress Page Builder<\/a><\/p>\n<p>Die WCAG ist bekannterma\u00dfen auf Web-Inhalte optimiert. Es gibt eine &#8211; wenig bekannte &#8211; Anleitung, um sie auch auf Nicht-Web-Inhalte anzuwenden. Diese Anleitung wird aktuell \u00fcberarbeitet und liegt als voraussichtlich finaler Entwurf vor. Da sie ohnehin rein informativ ist, spricht nichts dagegen, sie bereits jetzt zu verwenden.<\/p>\n<p><a href=\"https:\/\/www.w3.org\/TR\/wcag2ict-22\/\">Guidance on Applying WCAG 2 to Non-Web Information and Communications Technologies (WCAG2ICT)<\/a><\/p>\n<p>Adobe hat offenbar seine automatischen cloud-basierten Tagging-Funktionen f\u00fcr PDF verbessert. Eine Einsch\u00e4tzung gibt es in diesem Artikel.<\/p>\n<p><a href=\"https:\/\/abilitynet.org.uk\/news-blogs\/evaluating-adobes-new-cloud-based-auto-tagging-feature-pdf-accessibility\">Evaluating Adobe\u2019s new cloud-based auto-tagging feature for PDF accessibility <\/a><\/p>\n<h2><span class=\"ez-toc-section\" id=\"Gute_Nachrichten_des_Monats\"><\/span>Gute Nachrichten des Monats<span class=\"ez-toc-section-end\"><\/span><\/h2>\n<p>Die indische Bundesregierung m\u00f6chte ihre Applikationen und Websites barrierefreier machen.<\/p>\n<p><a href=\"https:\/\/inc42.com\/buzz\/government-mulls-major-accessibility-upgrades-for-its-websites-digital-apps-and-services\/\">Govt Mulls Major Accessibility Upgrades For Its Websites, Digital Apps And Services<\/a><\/p>\n<p>Die Stadt Boston \u00e4ndert die Art der Daten-Erhebung. Statt nach Behinderung wird nach dem Bedarf nach speziellen Anpassungen (Accomodations) gefragt.<br \/>\n<a href=\"https:\/\/www.wgbh.org\/news\/local\/2024-07-11\/boston-is-changing-how-it-collects-data-on-disability\n\">Boston is changing how it collects data on disability<\/a><\/p>\n<p>mattel bringt eine blinde Barbie-Puppe heraus.<\/p>\n<p>BARBIE IST BLIND: WARUM DAS EINE GOOD NEWS IST <\/p>\n<h2><span class=\"ez-toc-section\" id=\"Weitere_Artikel\"><\/span>Weitere Artikel<span class=\"ez-toc-section-end\"><\/span><\/h2>\n<li><a href=\"https:\/\/www.a11y-collective.com\/blog\/accessible-mega-menu\/\">Practical HTML, CSS, ARIA, &#038; Javascript Tips for Accessible Mega Menus <\/a><\/li>\n<li>\n<li><a href=\"https:\/\/www.deque.com\/blog\/how-the-european-accessibility-act-eaa-will-impact-product-accessibility\/\">How the European Accessibility Act (EAA) will impact product accessibility<\/a><\/li>\n<\/li>\n<li><a href=\"https:\/\/www.digitaltrustindex.eu\/\">DIGITAL TRUST INDEX 2024  &#8211; The State of Digital Accessibility in Europe<\/a><\/li>\n<li>Guidance: How to select, commission and use disability-smart images<\/li>\n<li><a href=\"https:\/\/html5accessibility.com\/stuff\/2024\/07\/09\/peaky-wcag-level-aa-bang-for-your-app-a11y-buck\/\">Peaky WCAG (Level AA) BANG for your APP A11Y BUCK<\/a><\/li>\n<li><a href=\"https:\/\/www.deque.com\/blog\/transform-digital-accessibility-from-a-reactive-break-fix-to-a-proactive-shift-left\/\">How to transform your approach to digital accessibility from a reactive break-fix cycle to a <\/a><\/li>\n<li><a href=\"https:\/\/browngold.com\/blog\/orozco-v-garland-establishes-pathway-for-challenging-inaccessible-technology\/\">Orozco v. Garland Establishes a New Pathway for Challenging Inaccessible Technology Beyond the <\/a><\/li>\n<li><a href=\"https:\/\/github.blog\/engineering\/exploring-the-challenges-in-creating-an-accessible-sortable-list-drag-and-drop\/\">Exploring the challenges in creating an accessible sortable list (drag-and-drop)<\/a><\/li>\n<li>Artificial Intelligence &#038; Automated Hiring Practices<\/li>\n<li>Custom Accessibility Actions<\/li>\n<li><a href=\"https:\/\/www.w3.org\/WAI\/people-use-web\/\">How People with Disabilities Use the Web <\/a><\/li>\n<\/ul>\n","protected":false},"excerpt":{"rendered":"<p>Interessante Beitr\u00e4ge Der Atlas digitale Barrierefreiheit macht gerade Furore. Dabei wurden &#8211; angeblich &#8211; alle deutschen Kommunen von Menschen mit Behinderung auf Barrierefreiheit gepr\u00fcft. Leider&#8230;<\/p>\n<div class=\"more-link-wrapper\"><a class=\"more-link\" href=\"https:\/\/www.netz-barrierefrei.de\/wordpress\/newsletter-digitale-barrierefreiheit\/aerger-fuer-die-globoli-der-barrierefreiheit-ausgabe-8-2024\/\">Weiterlesen<span class=\"screen-reader-text\">\u00c4rger f\u00fcr die Globoli der Barrierefreiheit &#8211; Ausgabe 8 &#8211; 2024<\/span><\/a><\/div>\n","protected":false},"author":1,"featured_media":0,"parent":1450,"menu_order":0,"comment_status":"closed","ping_status":"closed","template":"","meta":{"footnotes":""},"class_list":["post-9312","page","type-page","status-publish","hentry","entry"],"_links":{"self":[{"href":"https:\/\/www.netz-barrierefrei.de\/wordpress\/wp-json\/wp\/v2\/pages\/9312","targetHints":{"allow":["GET"]}}],"collection":[{"href":"https:\/\/www.netz-barrierefrei.de\/wordpress\/wp-json\/wp\/v2\/pages"}],"about":[{"href":"https:\/\/www.netz-barrierefrei.de\/wordpress\/wp-json\/wp\/v2\/types\/page"}],"author":[{"embeddable":true,"href":"https:\/\/www.netz-barrierefrei.de\/wordpress\/wp-json\/wp\/v2\/users\/1"}],"replies":[{"embeddable":true,"href":"https:\/\/www.netz-barrierefrei.de\/wordpress\/wp-json\/wp\/v2\/comments?post=9312"}],"version-history":[{"count":8,"href":"https:\/\/www.netz-barrierefrei.de\/wordpress\/wp-json\/wp\/v2\/pages\/9312\/revisions"}],"predecessor-version":[{"id":10072,"href":"https:\/\/www.netz-barrierefrei.de\/wordpress\/wp-json\/wp\/v2\/pages\/9312\/revisions\/10072"}],"up":[{"embeddable":true,"href":"https:\/\/www.netz-barrierefrei.de\/wordpress\/wp-json\/wp\/v2\/pages\/1450"}],"wp:attachment":[{"href":"https:\/\/www.netz-barrierefrei.de\/wordpress\/wp-json\/wp\/v2\/media?parent=9312"}],"curies":[{"name":"wp","href":"https:\/\/api.w.org\/{rel}","templated":true}]}}