{"id":953,"date":"2018-04-20T16:15:45","date_gmt":"2018-04-20T14:15:45","guid":{"rendered":"http:\/\/www.netz-barrierefrei.de\/wordpress\/?page_id=953"},"modified":"2019-09-04T10:11:24","modified_gmt":"2019-09-04T08:11:24","slug":"sollten-webseiten-mit-screenreadern-getestet-werden","status":"publish","type":"page","link":"https:\/\/www.netz-barrierefrei.de\/wordpress\/hilfstechnik-und-mensch-maschine-interaktion\/wie-blinde-computer-nutzen\/sollten-webseiten-mit-screenreadern-getestet-werden\/","title":{"rendered":"Sollten Webseiten mit Screenreadern getestet werden?"},"content":{"rendered":"<p>Diese Frage wird in einem englischsprachigen Weblog gestellt. Darauf gibt es eine recht eindeutige Antwort. Nein, es sei denn, die Website wird prim\u00e4r von Blinden und Screenreader-Nutzern aufgesucht.<br \/>\nBis heute verwechseln viele Webdesigner und Frontend-Entwickler Barrierefreiheit mit blindenfreundlich. Das ist teilweise berechtigt: Menschen mit motorischen Einschr\u00e4nkungen verwenden oft die Tastatur statt der Maus, so dass sie \u00e4hnlich wie Blinde durch eine Website tabben. Andererseits: wenn jemand aus motorischen Gr\u00fcnden keine Maus benutzen kann, wird er wohl auch Schwierigkeiten haben, eine Tastatur zu bedienen.<br \/>\nDas wird vor allem dann relevant, wenn man wie bei Access-Keys \u00fcblich zwei oder drei Tasten gleichzeitig dr\u00fccken muss, um eine Aktion auszul\u00f6sen oder einen seiteninternen Bereich anzuspringen. \u00dcbrigens k\u00e4me wohl kein webdesigner auf die Idee, einem sehenden Nutzer so eine Akrobatik aufs Auge zu dr\u00fccken.<br \/>\nBei dem Thema Barrierefreiheit bleiben vor allem Menschen mit Lernschwierigkeiten und geringen Internet-Erfahrungen komplett au\u00dfen vor. Sie werden von der Vielzahl an Elementen gest\u00f6rt, sie wissen oft nicht, was anklickbar ist und was nicht und h\u00e4ufig genug ist die Navigation von Marketing- statt von Usability-Aspekten gepr\u00e4gt.<br \/>\nAn dieser Stelle laufen Usability- und Accessibility eindeutig zusammen. Allerdings haben sich Usability-Tests &#8211; mehr oder weniger &#8211; fest etabliert, w\u00e4hrend man Zug\u00e4nglichkeitstests mit Nutzern bisher kaum findet.<br \/>\nIch frage mich allerdings auch, was einen Webdesigner oder Frontend-Entwickler zum Zug\u00e4nglichkeits-Guru qualifiziert. Die Lekt\u00fcre der BIT-V und der WCAG ist zwar langatmig, aber sicher nicht ausreichend. Und hier kommen wir zum Ausgangspunkt zur\u00fcck: Nicht jede Website sollte mit einem Screenreader getestet werden, aber der Webworker sollte zumindest einmal intensiver mit einem Screenreader (und anderen Zug\u00e4nglichkeitstechniken) gearbeitet haben.<br \/>\nWir m\u00fcssen es zugeben: die WCAG ist sch\u00f6n und gut, aber f\u00fcr den arglosen Leser total unverst\u00e4ndlich. Er versteht nicht, warum \u00dcberschriften als HTML-Headline umgesetzt werden sollen, warum Formularlemente Labels brauchen und warum jeder Winkel der Seite mit der Tastatur erreichbar sein soll. Und wenn der Webworker nicht praktische Erfahrungen mit Hilfstechniken sammelt (und frisch h\u00e4lt), wird er vermutlich sein Pflichtprogramm abspulen, aber ohne Phantasie und Interesse. Denn er wei\u00df, dass er etwas Bestimmtes tun muss, er kann aber nicht nachvollziehen, warum er es tun soll. So kommen Webseiten mit einem Dutzend Sprungankern am Anfang der Seite zustande, deshalb werden unsinnige Access-Keys generiert und deshalb sehen viele &#8211; vorgeblich &#8211; barrierefreie Websites so aus, als ob sie auf einem 14-Zoll-Schwarzwei\u00df-Monitor kreiert wurden. <\/p>\n","protected":false},"excerpt":{"rendered":"<p>Diese Frage wird in einem englischsprachigen Weblog gestellt. Darauf gibt es eine recht eindeutige Antwort. Nein, es sei denn, die Website wird prim\u00e4r von Blinden&#8230;<\/p>\n<div class=\"more-link-wrapper\"><a class=\"more-link\" href=\"https:\/\/www.netz-barrierefrei.de\/wordpress\/hilfstechnik-und-mensch-maschine-interaktion\/wie-blinde-computer-nutzen\/sollten-webseiten-mit-screenreadern-getestet-werden\/\">Weiterlesen<span class=\"screen-reader-text\">Sollten Webseiten mit Screenreadern getestet werden?<\/span><\/a><\/div>\n","protected":false},"author":1,"featured_media":0,"parent":734,"menu_order":0,"comment_status":"closed","ping_status":"closed","template":"","meta":{"footnotes":""},"class_list":["post-953","page","type-page","status-publish","hentry","entry"],"_links":{"self":[{"href":"https:\/\/www.netz-barrierefrei.de\/wordpress\/wp-json\/wp\/v2\/pages\/953","targetHints":{"allow":["GET"]}}],"collection":[{"href":"https:\/\/www.netz-barrierefrei.de\/wordpress\/wp-json\/wp\/v2\/pages"}],"about":[{"href":"https:\/\/www.netz-barrierefrei.de\/wordpress\/wp-json\/wp\/v2\/types\/page"}],"author":[{"embeddable":true,"href":"https:\/\/www.netz-barrierefrei.de\/wordpress\/wp-json\/wp\/v2\/users\/1"}],"replies":[{"embeddable":true,"href":"https:\/\/www.netz-barrierefrei.de\/wordpress\/wp-json\/wp\/v2\/comments?post=953"}],"version-history":[{"count":1,"href":"https:\/\/www.netz-barrierefrei.de\/wordpress\/wp-json\/wp\/v2\/pages\/953\/revisions"}],"predecessor-version":[{"id":954,"href":"https:\/\/www.netz-barrierefrei.de\/wordpress\/wp-json\/wp\/v2\/pages\/953\/revisions\/954"}],"up":[{"embeddable":true,"href":"https:\/\/www.netz-barrierefrei.de\/wordpress\/wp-json\/wp\/v2\/pages\/734"}],"wp:attachment":[{"href":"https:\/\/www.netz-barrierefrei.de\/wordpress\/wp-json\/wp\/v2\/media?parent=953"}],"curies":[{"name":"wp","href":"https:\/\/api.w.org\/{rel}","templated":true}]}}