{"id":9607,"date":"2024-11-15T14:35:04","date_gmt":"2024-11-15T12:35:04","guid":{"rendered":"https:\/\/www.netz-barrierefrei.de\/wordpress\/?page_id=9607"},"modified":"2024-12-09T20:19:32","modified_gmt":"2024-12-09T18:19:32","slug":"zertifikate-zur-digitalen-barrierefreiheit","status":"publish","type":"page","link":"https:\/\/www.netz-barrierefrei.de\/wordpress\/zertifikate-zur-digitalen-barrierefreiheit\/","title":{"rendered":"Zertifikate zur digitalen Barrierefreiheit"},"content":{"rendered":"<p><iframe loading=\"lazy\" src=\"https:\/\/digitale-barrierefreiheit.podigee.io\/277-zertifikate-zur-digitalen-barrierefreiheit\/embed?context=external&#038;theme=default\" style=\"border: 0\" frameBorder=\"0\" height=\"100\" width=\"100%\"><\/iframe><\/p>\n<p>Eine der h\u00e4ufigsten Kundinnen-Anfragen ist, ob wir die Barrierefreiheit von Webseiten zertifizieren k\u00f6nnen. Die kurze Antwort &#8211; k\u00f6nnen wir nicht, da es entsprechende Zertifikate nicht gibt. Und das wir eine Zertifizierung f\u00fcr so sinnvoll wie ei Pflaster gegen Krebshalten. Die lange Antwort folgt hier. <\/p>\n<p>Die Feststellung, dass eine Applikation konform mit der WCAG oder hierzulande mit der EN 301549 ist (die Konformit\u00e4ts-Erkl\u00e4rung), das ist die Zertifizierung, mehr gibt es nicht. Und mehr braucht es nicht. <\/p>\n<p>Da es die perfekt barrierefreie Website nicht gibt, ist es eigentlich auch nicht m\u00f6glich, ein Zertifikat f\u00fcr vollst\u00e4ndige Konformit\u00e4t zu erstellen.<\/p>\n<div id=\"ez-toc-container\" class=\"ez-toc-v2_0_83 counter-hierarchy ez-toc-counter ez-toc-white ez-toc-container-direction\">\n<div class=\"ez-toc-title-container\">\n<p class=\"ez-toc-title\" style=\"cursor:inherit\">Inhalt<\/p>\n<span class=\"ez-toc-title-toggle\"><a href=\"#\" class=\"ez-toc-pull-right ez-toc-btn ez-toc-btn-xs ez-toc-btn-default ez-toc-toggle\" aria-label=\"Toggle Table of Content\"><span class=\"ez-toc-js-icon-con\"><span class=\"\"><span class=\"eztoc-hide\" style=\"display:none;\">Toggle<\/span><span class=\"ez-toc-icon-toggle-span\"><svg style=\"fill: #999;color:#999\" xmlns=\"http:\/\/www.w3.org\/2000\/svg\" class=\"list-377408\" width=\"20px\" height=\"20px\" viewBox=\"0 0 24 24\" fill=\"none\"><path d=\"M6 6H4v2h2V6zm14 0H8v2h12V6zM4 11h2v2H4v-2zm16 0H8v2h12v-2zM4 16h2v2H4v-2zm16 0H8v2h12v-2z\" fill=\"currentColor\"><\/path><\/svg><svg style=\"fill: #999;color:#999\" class=\"arrow-unsorted-368013\" xmlns=\"http:\/\/www.w3.org\/2000\/svg\" width=\"10px\" height=\"10px\" viewBox=\"0 0 24 24\" version=\"1.2\" baseProfile=\"tiny\"><path d=\"M18.2 9.3l-6.2-6.3-6.2 6.3c-.2.2-.3.4-.3.7s.1.5.3.7c.2.2.4.3.7.3h11c.3 0 .5-.1.7-.3.2-.2.3-.5.3-.7s-.1-.5-.3-.7zM5.8 14.7l6.2 6.3 6.2-6.3c.2-.2.3-.5.3-.7s-.1-.5-.3-.7c-.2-.2-.4-.3-.7-.3h-11c-.3 0-.5.1-.7.3-.2.2-.3.5-.3.7s.1.5.3.7z\"\/><\/svg><\/span><\/span><\/span><\/a><\/span><\/div>\n<nav><ul class='ez-toc-list ez-toc-list-level-1 ' ><li class='ez-toc-page-1 ez-toc-heading-level-2'><a class=\"ez-toc-link ez-toc-heading-1\" href=\"https:\/\/www.netz-barrierefrei.de\/wordpress\/zertifikate-zur-digitalen-barrierefreiheit\/#Digitale_Produkte_sind_lebendig_%E2%80%93_Zertifizierungen_sind_Totholz\" >Digitale Produkte sind lebendig &#8211; Zertifizierungen sind Totholz<\/a><\/li><li class='ez-toc-page-1 ez-toc-heading-level-2'><a class=\"ez-toc-link ez-toc-heading-2\" href=\"https:\/\/www.netz-barrierefrei.de\/wordpress\/zertifikate-zur-digitalen-barrierefreiheit\/#DIAS-BITV-Test_ist_keine_Zertifizierung\" >DIAS-BITV-Test ist keine Zertifizierung<\/a><\/li><li class='ez-toc-page-1 ez-toc-heading-level-2'><a class=\"ez-toc-link ez-toc-heading-3\" href=\"https:\/\/www.netz-barrierefrei.de\/wordpress\/zertifikate-zur-digitalen-barrierefreiheit\/#VPAT_und_ACR_sind_fuer_Webseiten_ungeeignet\" >VPAT und ACR sind f\u00fcr Webseiten ungeeignet<\/a><\/li><li class='ez-toc-page-1 ez-toc-heading-level-2'><a class=\"ez-toc-link ez-toc-heading-4\" href=\"https:\/\/www.netz-barrierefrei.de\/wordpress\/zertifikate-zur-digitalen-barrierefreiheit\/#Aber_mein_Chef_will_ein_Zertifikat\" >Aber mein Chef will ein Zertifikat<\/a><\/li><li class='ez-toc-page-1 ez-toc-heading-level-2'><a class=\"ez-toc-link ez-toc-heading-5\" href=\"https:\/\/www.netz-barrierefrei.de\/wordpress\/zertifikate-zur-digitalen-barrierefreiheit\/#Wie_kann_ich_als_Dienstleister_meine_BarrierefreiheitKonformitaet_nachweisen\" >Wie kann ich als Dienstleister meine Barrierefreiheit\/Konformit\u00e4t nachweisen?<\/a><\/li><li class='ez-toc-page-1 ez-toc-heading-level-2'><a class=\"ez-toc-link ez-toc-heading-6\" href=\"https:\/\/www.netz-barrierefrei.de\/wordpress\/zertifikate-zur-digitalen-barrierefreiheit\/#Totholz_um_Kritik_zu_ersticken\" >Totholz, um Kritik zu ersticken?<\/a><\/li><li class='ez-toc-page-1 ez-toc-heading-level-2'><a class=\"ez-toc-link ez-toc-heading-7\" href=\"https:\/\/www.netz-barrierefrei.de\/wordpress\/zertifikate-zur-digitalen-barrierefreiheit\/#Was_soll_ein_Zertifikat_bringen\" >Was soll ein Zertifikat bringen?<\/a><\/li><li class='ez-toc-page-1 ez-toc-heading-level-2'><a class=\"ez-toc-link ez-toc-heading-8\" href=\"https:\/\/www.netz-barrierefrei.de\/wordpress\/zertifikate-zur-digitalen-barrierefreiheit\/#Fazit_Investieren_Sie_das_Geld_sinnvoll\" >Fazit: Investieren Sie das Geld sinnvoll<\/a><\/li><li class='ez-toc-page-1 ez-toc-heading-level-2'><a class=\"ez-toc-link ez-toc-heading-9\" href=\"https:\/\/www.netz-barrierefrei.de\/wordpress\/zertifikate-zur-digitalen-barrierefreiheit\/#Weiterlesen\" >Weiterlesen<\/a><\/li><\/ul><\/nav><\/div>\n<h2><span class=\"ez-toc-section\" id=\"Digitale_Produkte_sind_lebendig_%E2%80%93_Zertifizierungen_sind_Totholz\"><\/span>Digitale Produkte sind lebendig &#8211; Zertifizierungen sind Totholz<span class=\"ez-toc-section-end\"><\/span><\/h2>\n<p>Wie sinnvoll kann es \u00fcberhaupt sein, eine digitale Anwendung zu zertifizieren? Selbst Beh\u00f6rden bauen heutzutage ihre Oberfl\u00e4che h\u00e4ufig um. Inhalte werden eingebunden und entfernt, Module ausgetauscht und auch Inhalte \u00e4ndern sich st\u00e4ndig. Genausogut k\u00f6nnten Sie einen frisch gepflanzten Baum zertifizieren. Ein Jahr, einen Monat, eine Woche danach kann die Zertifizierung obsolet sein, weil sich etwas entscheidend ge\u00e4ndert hat. <\/p>\n<h2><span class=\"ez-toc-section\" id=\"DIAS-BITV-Test_ist_keine_Zertifizierung\"><\/span>DIAS-BITV-Test ist keine Zertifizierung<span class=\"ez-toc-section-end\"><\/span><\/h2>\n<p>Der DIAS-BITV-Test ist keine Zertifizierung. Er ist eine Interpretation der WCAG\/EN 301549 und hat keine \u00f6ffentliche Legitimit\u00e4t, da er von Privat-Unternehmen entwickelt und gepflegt wird.<\/p>\n<p>Sie sprechen ja auch selbst nicht davon, dass es sich um ein Zertifikat handeln w\u00fcrde. Es ist wie oben gesagt eine Moment-Aufnahme zum Zeitpunkt des Tests, die zum Zeitpunkt der Ver\u00f6ffentlichung des Pr\u00fcf-Berichts schon \u00fcberholt sein kann. <\/p>\n<h2><span class=\"ez-toc-section\" id=\"VPAT_und_ACR_sind_fuer_Webseiten_ungeeignet\"><\/span>VPAT und ACR sind f\u00fcr Webseiten ungeeignet<span class=\"ez-toc-section-end\"><\/span><\/h2>\n<p>International scheint sich das VPAT Voluntary Product Accessibility Template als Standard durchzusetzen. Es ist ebenfalls kein Zertifikat, sondern ein strukturierter Bericht \u00fcber Die Barrierefreiheit eines Produkts oder einer Software. Das Resultat ist der (Accessibility Conformance Report ACR, der oft ver\u00f6ffentlicht oder auf Anfrage ausgegeben wird. M.E. ist es f\u00fcr eine content-lastige Website zu m\u00e4chtig, es zielt eher auf komplexe Anwendungen wie Google Docs oder Jira ab. Au\u00dferdem ist es hierzulande praktisch unbekannt, obwohl es eine spezielle Version f\u00fcr die EN 301549 gibt. Meines Wissens gibt es kein deutsches Unternehmen, dass die Erstellung eines VPATs als Dienstleistung anbietet. Das VPAT kann anders als der DIAS-BITV-Test lizenz- und kostenfrei eingesetzt werden, sofern man deren Regeln befolgt.<\/p>\n<p>Ein VPAT sagt ebenso wie ein DIAS-BITV-Test \u00fcbrigens nicht, dass eine Anwendung barrierefrei ist, sondern ist ein strukturierter Pr\u00fcf-Bericht. Er zeigt, dass sich der Anbieter mit Barrierefreiheit zumindest besch\u00e4ftigt hat. Da man ein VPAT auch selbst erstellen kann, sollte man immer kritisch bleiben. Allerdings habe ich noch kein VPAT\/ACR f\u00fcr ein deutsches Produkt gesehen. <\/p>\n<h2><span class=\"ez-toc-section\" id=\"Aber_mein_Chef_will_ein_Zertifikat\"><\/span>Aber mein Chef will ein Zertifikat<span class=\"ez-toc-section-end\"><\/span><\/h2>\n<p>Erkl\u00e4ren Sie ihm &#8211; oder seltener ihr &#8211; das die Erkl\u00e4rung zur Barrierefreiheit\/Konformit\u00e4ts-Erkl\u00e4rung ein Zertifikat ist oder zumindest eine \u00e4hnliche Funktion erf\u00fcllt. Dahinter steckt ja in aller Regel ein Pr\u00fcf-Bericht einer qualifizierten Person oder Organisation. Der Pr\u00fcfbericht enth\u00e4lt viele wichtige Informationen wie den Zeitpunkt der Pr\u00fcfung, die gefundenen Fehler, ggf. einen Zeitplan, bis wann die Fehler behoben werden und vieles mehr. Diese Erkl\u00e4rung, der Feedback-Mechanismus und eine Qualit\u00e4tssicherung ist viel relevanter als ein Zertifikat. <\/p>\n<h2><span class=\"ez-toc-section\" id=\"Wie_kann_ich_als_Dienstleister_meine_BarrierefreiheitKonformitaet_nachweisen\"><\/span>Wie kann ich als Dienstleister meine Barrierefreiheit\/Konformit\u00e4t nachweisen?<span class=\"ez-toc-section-end\"><\/span><\/h2>\n<p>Sie bieten ein digitales Produkt an und wollen nachweisen, dass Sie barrierefrei\/konform sind? Dann haben Sie die oben genannten M\u00f6glichkeiten. Da es kein allgemein akzeptiertes Zertifikat gibt, k\u00f6nnen Sie einen Test durchf\u00fchren oder durchf\u00fchren lassen und das Ergebnis in einem Pr\u00fcf-Bericht dokumentieren.<\/p>\n<p>Jeder Profi wei\u00df, dass Selbst-Tests nicht einfach zum Abhaken da sind, sondern kritisch erfolgen m\u00fcssen. Wenn Sie dazu selbst nicht in der Lage sind, sollten Sie eine dritte Partei damit beauftragen. Ein falscher oder unehrlicher Pr\u00fcf-Bericht wird Ihnen sehr bald auf die F\u00fc\u00dfe fallen.<\/p>\n<p>Und nat\u00fcrlich gilt, dass der Test IMMER aktuell sein muss. Das hei\u00dft, wenn das Projekt aktualisiert wird, muss zumindest die neue Komponente auch entsprechend gepr\u00fcft werden. Das sollte eigentlich selbstverst\u00e4ndlich sein, ist aber bei vielen Projekt-Verantwortlichen noch nicht angekommen. Das zeigt, welchen Stellenwert digitale Barrierefreiheit hat, irgendwo unter minor Features.<\/p>\n<h2><span class=\"ez-toc-section\" id=\"Totholz_um_Kritik_zu_ersticken\"><\/span>Totholz, um Kritik zu ersticken?<span class=\"ez-toc-section-end\"><\/span><\/h2>\n<p>Ein Zertifikat sch\u00fctzt Sie nicht vor Klagen, es spielt keine Rolle, von wem es erstellt wurde. Die ausstellende Stelle wird sich immer absichern: Vermutlich wird ein Zeitpunkt des Tests enthalten sein. Wenn sich zwei Monate sp\u00e4ter jemand beschwert, dann kann die ausstellende Stelle immer darauf verweisen, dass der Test ja schon l\u00e4nger her ist und sich bestimmt etwas ge\u00e4ndert hat. Was ja auch wahrscheinlich zutrifft. <\/p>\n<p>Andersherum wird ein Zertifikat h\u00e4ufig dazu verwendet, sich gegen Klagen abzusichern und Kritik im Keim zu ersticken. Eine behinderte Person beschwert sich \u00fcber Barrieren? Senden Sie ihr das Zertifikat, dann ist klar, dass diese Beschwerde nicht berechtigt ist. Das tun Sie nicht? Was genau soll dann der Zweck eines solchen Zertifikats sein? Auch die \u00dcberwachungsstellen pr\u00fcfen stets selbst und ignorieren Zertifikate.<\/p>\n<h2><span class=\"ez-toc-section\" id=\"Was_soll_ein_Zertifikat_bringen\"><\/span>Was soll ein Zertifikat bringen?<span class=\"ez-toc-section-end\"><\/span><\/h2>\n<p>Wen m\u00f6chten Sie mit einem Zertifikat beeindrucken? Ist sicherlich nett, es an eine echte oder virtuelle Pinnwand zu h\u00e4ngen, f\u00fcr Gesch\u00e4fts-Berichte oder anderen formalen Unsinn. Liest ja eh keiner, weder die Berichte noch die Zertifikate, weil sie so spannend sind wie die Zeitung von letzter Woche.<\/p>\n<p>Nat\u00fcrlich werden Sie immer jemanden finden, der Ihnen so ein Zertifikat verkauft, auch mit den entsprechenden Tests. Auch W\u00fcnschelruten werden ver- und gekauft.<\/p>\n<p>Sicherlich sind nicht alle Verfahren vollkommen unseri\u00f6s. Wie oben beschieben ist die Halbwertszeit eines solchen Zertifikats vielleicht ein Jahr. Auch wenn Angebote j\u00e4hrlich getestet werden sollen m\u00f6chten Sie sicherlich nicht jedes Jahr das Theater mit den Zertifikaten mitmachen.<\/p>\n<h2><span class=\"ez-toc-section\" id=\"Fazit_Investieren_Sie_das_Geld_sinnvoll\"><\/span>Fazit: Investieren Sie das Geld sinnvoll<span class=\"ez-toc-section-end\"><\/span><\/h2>\n<p>In Deutschland gibt es eine fanatische Liebe zu komplexen formalen Prozessen und gewichtigen Papieren, auf denen bedeutungsvolle Dinge wie &#8222;Zertifiziert nach DIN\/ISO &#8230;&#8220; steht. Ob diese irgendwen au\u00dferhalb der Bublle interessieren &#8211; who cares? <\/p>\n<p>Verschwenden Sie Ihr Geld nicht mit solchen formalen Best\u00e4tigungen, denn Sie sind f\u00fcr Sie selbst nicht n\u00fctzlich und die von Barrieren betroffene Person interessiert das schon gar nicht. Wenn Sie zu viel Geld \u00fcbrig haben, stecken Sie es in einen Feedback-Mechanismus zur Barrierefreiheit. <\/p>\n<h2><span class=\"ez-toc-section\" id=\"Weiterlesen\"><\/span>Weiterlesen<span class=\"ez-toc-section-end\"><\/span><\/h2>\n<ul>\n<li><a href=\"https:\/\/www.netz-barrierefrei.de\/wordpress\/priorisierung-von-barrierefreiheits-problemen\/\">Priorisierung von Barrierefreiheits-Problemen<\/a><\/li>\n<li><a href=\"https:\/\/netz-barrierefrei.de\/en\/certificate.html\">There&#8217;s no valid certificate for digital Accessibility and you don&#8217;T need one<\/a><\/li>\n<\/ul>\n","protected":false},"excerpt":{"rendered":"<p>Eine der h\u00e4ufigsten Kundinnen-Anfragen ist, ob wir die Barrierefreiheit von Webseiten zertifizieren k\u00f6nnen. Die kurze Antwort &#8211; k\u00f6nnen wir nicht, da es entsprechende Zertifikate nicht&#8230;<\/p>\n<div class=\"more-link-wrapper\"><a class=\"more-link\" href=\"https:\/\/www.netz-barrierefrei.de\/wordpress\/zertifikate-zur-digitalen-barrierefreiheit\/\">Weiterlesen<span class=\"screen-reader-text\">Zertifikate zur digitalen Barrierefreiheit<\/span><\/a><\/div>\n","protected":false},"author":1,"featured_media":0,"parent":0,"menu_order":0,"comment_status":"closed","ping_status":"closed","template":"","meta":{"footnotes":""},"class_list":["post-9607","page","type-page","status-publish","hentry","entry"],"_links":{"self":[{"href":"https:\/\/www.netz-barrierefrei.de\/wordpress\/wp-json\/wp\/v2\/pages\/9607","targetHints":{"allow":["GET"]}}],"collection":[{"href":"https:\/\/www.netz-barrierefrei.de\/wordpress\/wp-json\/wp\/v2\/pages"}],"about":[{"href":"https:\/\/www.netz-barrierefrei.de\/wordpress\/wp-json\/wp\/v2\/types\/page"}],"author":[{"embeddable":true,"href":"https:\/\/www.netz-barrierefrei.de\/wordpress\/wp-json\/wp\/v2\/users\/1"}],"replies":[{"embeddable":true,"href":"https:\/\/www.netz-barrierefrei.de\/wordpress\/wp-json\/wp\/v2\/comments?post=9607"}],"version-history":[{"count":8,"href":"https:\/\/www.netz-barrierefrei.de\/wordpress\/wp-json\/wp\/v2\/pages\/9607\/revisions"}],"predecessor-version":[{"id":9707,"href":"https:\/\/www.netz-barrierefrei.de\/wordpress\/wp-json\/wp\/v2\/pages\/9607\/revisions\/9707"}],"wp:attachment":[{"href":"https:\/\/www.netz-barrierefrei.de\/wordpress\/wp-json\/wp\/v2\/media?parent=9607"}],"curies":[{"name":"wp","href":"https:\/\/api.w.org\/{rel}","templated":true}]}}