{"id":9903,"date":"2025-03-01T19:30:04","date_gmt":"2025-03-01T17:30:04","guid":{"rendered":"https:\/\/www.netz-barrierefrei.de\/wordpress\/?page_id=9903"},"modified":"2025-03-17T10:03:25","modified_gmt":"2025-03-17T08:03:25","slug":"alle-klarheiten-beseitigt-newsletter-03-2025","status":"publish","type":"page","link":"https:\/\/www.netz-barrierefrei.de\/wordpress\/newsletter-digitale-barrierefreiheit\/alle-klarheiten-beseitigt-newsletter-03-2025\/","title":{"rendered":"Alle Klarheiten beseitigt  Ausgabe 03-2025"},"content":{"rendered":"<p>Wenige Monate vor dem Start des Barrierefreiheitsst\u00e4rkungs-Gesetzes (BFSG) fehlen sowohl den BF-Consultants als auch den betroffenen Kunden wichtige Informationen zur Umsetzung. Die Expertin staunt und die Fachfrau wundert sich. Die einen Kunden setzen die WCAG um, die anderen die EN 301549, alle Kunden Fragen nach einer Vorlage f\u00fcr die Konformit\u00e4ts-Erkl\u00e4rung, viele weitere Fragen sind offen. Und es ist klar, dass sie bis Juni nicht beantwortet sein werden.  Der beste Tipp ist, erst einmal das umzusetzen, was klar aus dem Gesetz hervorgeht. Bis die Markt\u00fcberwachung sich etabliert hat und sich erste Best Practices herausbilden, werden vermutlich noch viele Monate vergehen. Die BF-Consultants sind mit der Situation ebenso unzufrieden wie die Kunden. Allerdings sind die meisten BF-Consultants keine Anw\u00e4ltinnen und die meisten Anw\u00e4ltinnen kennen sich mit Barrierefreiheit nicht aus. Insofern k\u00f6nnen wir nur unser Bestes tun, um die Verordnungen zu interpretieren, bis jemand sagt, dass es anders gemacht werden muss.<\/p>\n<div id=\"ez-toc-container\" class=\"ez-toc-v2_0_82_2 counter-hierarchy ez-toc-counter ez-toc-white ez-toc-container-direction\">\n<div class=\"ez-toc-title-container\">\n<p class=\"ez-toc-title\" style=\"cursor:inherit\">Inhalt<\/p>\n<span class=\"ez-toc-title-toggle\"><a href=\"#\" class=\"ez-toc-pull-right ez-toc-btn ez-toc-btn-xs ez-toc-btn-default ez-toc-toggle\" aria-label=\"Toggle Table of Content\"><span class=\"ez-toc-js-icon-con\"><span class=\"\"><span class=\"eztoc-hide\" style=\"display:none;\">Toggle<\/span><span class=\"ez-toc-icon-toggle-span\"><svg style=\"fill: #999;color:#999\" xmlns=\"http:\/\/www.w3.org\/2000\/svg\" class=\"list-377408\" width=\"20px\" height=\"20px\" viewBox=\"0 0 24 24\" fill=\"none\"><path d=\"M6 6H4v2h2V6zm14 0H8v2h12V6zM4 11h2v2H4v-2zm16 0H8v2h12v-2zM4 16h2v2H4v-2zm16 0H8v2h12v-2z\" fill=\"currentColor\"><\/path><\/svg><svg style=\"fill: #999;color:#999\" class=\"arrow-unsorted-368013\" xmlns=\"http:\/\/www.w3.org\/2000\/svg\" width=\"10px\" height=\"10px\" viewBox=\"0 0 24 24\" version=\"1.2\" baseProfile=\"tiny\"><path d=\"M18.2 9.3l-6.2-6.3-6.2 6.3c-.2.2-.3.4-.3.7s.1.5.3.7c.2.2.4.3.7.3h11c.3 0 .5-.1.7-.3.2-.2.3-.5.3-.7s-.1-.5-.3-.7zM5.8 14.7l6.2 6.3 6.2-6.3c.2-.2.3-.5.3-.7s-.1-.5-.3-.7c-.2-.2-.4-.3-.7-.3h-11c-.3 0-.5.1-.7.3-.2.2-.3.5-.3.7s.1.5.3.7z\"\/><\/svg><\/span><\/span><\/span><\/a><\/span><\/div>\n<nav><ul class='ez-toc-list ez-toc-list-level-1 ' ><li class='ez-toc-page-1 ez-toc-heading-level-2'><a class=\"ez-toc-link ez-toc-heading-1\" href=\"https:\/\/www.netz-barrierefrei.de\/wordpress\/newsletter-digitale-barrierefreiheit\/alle-klarheiten-beseitigt-newsletter-03-2025\/#Gute_Nachrichten_des_Monats\" >Gute Nachrichten des Monats<\/a><\/li><li class='ez-toc-page-1 ez-toc-heading-level-2'><a class=\"ez-toc-link ez-toc-heading-2\" href=\"https:\/\/www.netz-barrierefrei.de\/wordpress\/newsletter-digitale-barrierefreiheit\/alle-klarheiten-beseitigt-newsletter-03-2025\/#Interessante_Beitraege\" >Interessante Beitr\u00e4ge<\/a><\/li><li class='ez-toc-page-1 ez-toc-heading-level-2'><a class=\"ez-toc-link ez-toc-heading-3\" href=\"https:\/\/www.netz-barrierefrei.de\/wordpress\/newsletter-digitale-barrierefreiheit\/alle-klarheiten-beseitigt-newsletter-03-2025\/#Weitere_Beitraege\" >Weitere Beitr\u00e4ge<\/a><\/li><\/ul><\/nav><\/div>\n<h2><span class=\"ez-toc-section\" id=\"Gute_Nachrichten_des_Monats\"><\/span>Gute Nachrichten des Monats<span class=\"ez-toc-section-end\"><\/span><\/h2>\n<p>Ein US-amerikanisches Basketball-Team bietet seinen blinden und sehbehinderten Fans ein haptisches Erlebnis des Spiels.<\/p>\n<p><a href=\"https:\/\/www.nba.com\/blazers\/news\/portland-trail-blazers-become-first-professional-sports-team-to-feature-onecourts-haptic-display-at-all-home-games-powered-by-ticketmaster\">Portland Trail Blazers Become First Professional Sports Team to Feature OneCourt\u2019s Haptic Display <\/a><\/p>\n<p>Die WHO startet die erste Arbeitsgruppe zum Thema Behinderung und assistive Technologien.<\/p>\n<p><a href=\"https:\/\/www.who.int\/europe\/news-room\/18-11-2024-who-europe-launches-first-ever-technical-advisory-group-on-disability-and-health\">WHO\/Europe launches first-ever technical advisory group on disability and health<\/a><\/p>\n<p>H\u00f6rger\u00e4te werden vom Nischen- zum Massenprodukt. Viele Technologien sind in Alltagsger\u00e4te wie Ger\u00e4usch-Unterdr\u00fcckung gewandert. KI wird ebenfalls eine gro\u00dfe Rolle spielen. So befl\u00fcgeln sich der H\u00f6rger\u00e4te- und der Kopfh\u00f6rer-Markt gegenseitig.<\/p>\n<p>AI, Hearing, And Accessibility, A Market Shift You Can\u2019t Ignore<\/p>\n<p>Der Abgeordnete Dennis Sonne hielt eine Rede in Leichter Sprache im Landtag von NRW: Die vielleicht erste Leichte-Sprache-rede in einem deutschen Parlament.<\/p>\n<p><a href=\"https:\/\/kobinet-nachrichten.org\/2025\/02\/07\/dennis-sonne-hielt-rede-in-leichter-sprache-im-landtag-von-nordrhein-westfalen\/\">Dennis Sonne hielt Rede in Leichter Sprache im Landtag von Nordrhein-Westfalen<\/a><\/p>\n<p>Airbus stellt ein Konzept vor, bei der Personen in ihrem eigenen Rollstuhl im Flugzeug reisen k\u00f6nnen.<\/p>\n<p><a href=\"https:\/\/kobinet-nachrichten.org\/2025\/02\/08\/airbus-stellt-neues-konzept-fuer-rollstuhlplaetze-in-flugzeugen-vor\/\">Airbus stellt neues Konzept f\u00fcr Rollstuhlpl\u00e4tze in Flugzeugen vor<\/a><\/p>\n<p>Mac-User werden sich freuen, dass mit MS Office 365 nun ohne Umweg getaggte PDF exportiert werden k\u00f6nnen. Ob die Funktion schon in Deutschland verf\u00fcgbar ist und auch f\u00fcr Word gilt, ist uns mangels Mac leider nicht bekannt.<\/p>\n<p><a href=\"https:\/\/uit.stanford.edu\/accessibility\/guides\/microsoft-powerpoint\">Accessible PowerPoint Presentations<\/a><\/p>\n<p>Ein Projekt soll Personen mit Sprach-Problemen die Sprachsteuerung erleichtern.<\/p>\n<p><a href=\"https:\/\/speechaccessibilityproject.beckman.illinois.edu\/article\/2025\/01\/31\/speech-accessibility-project-data-leads-to-recognition-improvements-on-microsoft-azure\">Speech Accessibility Project data leads to recognition improvements on Microsoft Azure<\/a><\/p>\n<h2><span class=\"ez-toc-section\" id=\"Interessante_Beitraege\"><\/span>Interessante Beitr\u00e4ge<span class=\"ez-toc-section-end\"><\/span><\/h2>\n<p>Welche Rolle k\u00f6nnte K\u00fcnstliche Intelligenz f\u00fcr Blinde und ihre Selbst\u00e4ndigkeit spielen. Darum geht es in einem Interview mit dem blinden Steve Weidel. Steve m\u00f6chte ein Unternehmen gr\u00fcnden, das sich mit diesem Thema besch\u00e4ftigt.<\/p>\n<p><a href=\"https:\/\/www.netz-barrierefrei.de\/wordpress\/newsletter-digitale-barrierefreiheit\/interview-mit-steve-weidel\/\">K\u00fcnstliche Intelligenz f\u00fcr Barrierefreiheit \u2013 Interview mit Steve Weidel<\/a><\/p>\n<p>Ein Beitrag besch\u00e4ftigt sich damit, wie Inhalte vor Screenreadern versteckt werden k\u00f6nnen.<\/p>\n<p><a href=\"https:\/\/www.netz-barrierefrei.de\/wordpress\/inhalte-vor-screenreadern-verstecken-wann-warum-und-wie\/\">Inhalte vor Screenreadern verstecken \u2013 wann, warum und wie<\/a><\/p>\n<p>Statt f\u00fcr den Durchschnitts-Menschen, den es nicht gibt, sollte besser f\u00fcr vulnerable Gruppen gestaltet werden, so dieser Beitrag.<\/p>\n<p><a href=\"https:\/\/www.netz-barrierefrei.de\/wordpress\/barrierefreies-internet\/formen-von-einschraenkungen\/wer-fuer-den-durchschnitts-menschen-gestaltet-gestaltet-fuer-niemanden\/\">F\u00fcr die Vulnerablen gestalten hei\u00dft f\u00fcr alle gestalten<\/a><\/p>\n<p>Die Markt-\u00dcberwachung f\u00fcr das Barrierefreiheitsst\u00e4rkungs-Gesetz wird zentral f\u00fcr alle L\u00e4nder in Magdeburg sein. Was bisher zu der aktuellen Situation und den k\u00fcnftigen Aufgaben bekannt ist, wird in diesem Beitrag zusammengefasst.<\/p>\n<p><a href=\"https:\/\/haerting.de\/wissen\/wer-kontrolliert-die-barrierefreiheit\/\">Wer kontrolliert die Barrierefreiheit? <\/a><\/p>\n<p>In einem aktuellen Beitrag wird gezeigt, was das BFSG f\u00fcr die Finanzbranche bedeutet.<\/p>\n<p><a href=\"https:\/\/www.der-bank-blog.de\/was-das-barrierefreiheitsstaerkungsgesetz-fuer-die-finanzbranche-bedeutet\/regulierung-aufsicht\/37716343\/\">Was das Barrierefreiheitsst\u00e4rkungsgesetz f\u00fcr die Finanzbranche bedeutet <\/a><\/p>\n<p>In diesem Beitrag werden verschiedene Methoden des automatischen Barrierefreiheit-Testing verglichen.<\/p>\n<p><a href=\"https:\/\/www.informatik-aktuell.de\/entwicklung\/methoden\/automatisierte-barrierefreiheitstests.html\">Automatisierte Barrierefreiheitstests: Drei Ans\u00e4tze und zus\u00e4tzliche \u00dcberlegungen<\/a><\/p>\n<p>In diesem Beitrag wird klargestellt, dass auch Rahmen- und Unterst\u00fctzungsdienste im Rahmen des BFSG barrierefrei sein m\u00fcssen.<\/p>\n<p>EU-Vorgaben f\u00fcr die Barrierefreiheit von Websites<\/p>\n<p>Die weiteren Beitr\u00e4ge sind auf Englisch: Aktuell liegt ein neuer Entwurf f\u00fcr die EN 301549 sowie eine Demo eines Filter-Tools f\u00fcr Anforderungen auf Gitlab.<\/p>\n<p><a href=\"https:\/\/labs.etsi.org\/rep\/HF\/en301549\/-\/issues\/219\">Latest EN 301 549 editorial draft<\/a><\/p>\n<p>Accessibility Champions sind Personen in Organisationen, die das Thema systematisch vorantreiben. Ein Leitfaden soll dabei helfen, solche Personen und Netzwerke aufzubauen.<\/p>\n<p><a href=\"https:\/\/abilitynet.org.uk\/resources\/digital-accessibility\/how-to-build-accessibility-champions-network-guide\">GUIDE: Building an Accessibility Champions Network <\/a><\/p>\n<p>Welche WCAG-Kriterien k\u00f6nnen auf native Apps angewendet werden? darauf geht dieser Beitrag ein.<\/p>\n<p><a href=\"https:\/\/html5accessibility.com\/stuff\/2024\/07\/09\/peaky-wcag-level-aa-bang-for-your-app-a11y-buck\/\">Peaky WCAG (Level AA) BANG for your APP A11Y BUCK<\/a><\/p>\n<p>Asana und Assistive Labs stellen einen hybriden Ansatz f\u00fcr manuelle und automatische Barrierefreiheits-Tests vor.<\/p>\n<p><a href=\"https:\/\/assistivlabs.com\/articles\/asana-end-to-end-accessibility-testing\">End-to-end testing leveled up the way Asana engineers think about accessibility<\/a><\/p>\n<p>Wie kann Software f\u00fcr Personen mit Aufmerksamkeits-Problemen gestaltet werden? Darum geht es in einem aktuellen Beitrag.<\/p>\n<p>Software accessibility for users with Attention Deficit Disorder (ADHD)<\/p>\n<p>Ist Personalisierung die Zukunft, wie Domingos einst behauptet hat? eine aktuelle Untersuchung weist darauf hin. Sie zeigt, dass pers\u00f6nliche Anpassungen bei Banking-Apps die Nutzungs-Qualit\u00e4t erh\u00f6hen oder die Nutzung \u00fcberhaupt erst erm\u00f6glichen kann.<\/p>\n<p><a href=\"https:\/\/thefinancialbrand.com\/news\/customer-experience-banking\/personalization-and-accessibility-are-banking-apps-doing-enough-186026\">Personalization and Accessibility: Are Banking Apps Doing Enough?<\/a><\/p>\n<p>DocRaptor ist eine Bibliothek, um aus HTML automatisch getaggte PDF zu erstellen.<\/p>\n<p><a href=\"https:\/\/docraptor.com\/\">HTML to PDF API<\/a><\/p>\n<p>AI Chatbots k\u00f6nnten ein Mittel gegen Einsamkeit sein oder sie versch\u00e4rfen.<\/p>\n<p><a href=\"https:\/\/www.freethink.com\/robots-ai\/ai-chatbots-loneliness\">AI chatbots may ease the world\u2019s loneliness (if they don\u2019t make it worse)<\/a><\/p>\n<p>Ein aktueller Beitrag zeigt Gedanken zur aktuellen Entwicklung von KI f\u00fcr Barrierefreiheit und Inklusion.<\/p>\n<p><a href=\"https:\/\/at-newswire.com\/the-current-state-of-ai-and-the-future-of-accessibility\/\">The Current State of AI And What It Means For The Future of Accessibility<\/a><\/p>\n<h2><span class=\"ez-toc-section\" id=\"Weitere_Beitraege\"><\/span>Weitere Beitr\u00e4ge<span class=\"ez-toc-section-end\"><\/span><\/h2>\n<ul>\n<li><a href=\"https:\/\/www.edf-feph.org\/publications\/a-disability-inclusive-artificial-intelligence-act-a-guide-to-monitor-implementation-in-your-country\/\">A disability-inclusive Artificial Intelligence Act: A guide to monitor implementation in your <\/a><\/li>\n<li>Focus styles and programmatic focus<\/li>\n<li><a href=\"https:\/\/www.thebookonaccessibility.com\/\">The Book on Accessibility<\/a><\/li>\n<li><a href=\"https:\/\/www.afb.org\/research-and-initiatives\/ai-series\/empowering-or-excluding\">Empowering or Excluding: New Research and Principles for Inclusive AI <\/a><\/li>\n<li><a href=\"https:\/\/www.nature.com\/articles\/s41467-024-53873-3?error=cookies_not_supported&amp;code=c0a1e1a3-7b81-44a0-bda2-95c545f2bd1d\">Using large language models to accelerate communication for eye gaze typing users with ALS<\/a><\/li>\n<li><a href=\"https:\/\/www.accessibility.org.au\/w3c-publishes-collaboration-tools-accessibility-user-requirements-ctaur-note\/?mc_cid=093df186c5\">W3C Publishes Collaboration Tools Accessibility User Requirements (CTAUR) Note.<\/a><\/li>\n<\/ul>\n","protected":false},"excerpt":{"rendered":"<p>Wenige Monate vor dem Start des Barrierefreiheitsst\u00e4rkungs-Gesetzes (BFSG) fehlen sowohl den BF-Consultants als auch den betroffenen Kunden wichtige Informationen zur Umsetzung. Die Expertin staunt und&#8230;<\/p>\n<div class=\"more-link-wrapper\"><a class=\"more-link\" href=\"https:\/\/www.netz-barrierefrei.de\/wordpress\/newsletter-digitale-barrierefreiheit\/alle-klarheiten-beseitigt-newsletter-03-2025\/\">Weiterlesen<span class=\"screen-reader-text\">Alle Klarheiten beseitigt  Ausgabe 03-2025<\/span><\/a><\/div>\n","protected":false},"author":1,"featured_media":0,"parent":1450,"menu_order":0,"comment_status":"closed","ping_status":"closed","template":"","meta":{"footnotes":""},"class_list":["post-9903","page","type-page","status-publish","hentry","entry"],"_links":{"self":[{"href":"https:\/\/www.netz-barrierefrei.de\/wordpress\/wp-json\/wp\/v2\/pages\/9903","targetHints":{"allow":["GET"]}}],"collection":[{"href":"https:\/\/www.netz-barrierefrei.de\/wordpress\/wp-json\/wp\/v2\/pages"}],"about":[{"href":"https:\/\/www.netz-barrierefrei.de\/wordpress\/wp-json\/wp\/v2\/types\/page"}],"author":[{"embeddable":true,"href":"https:\/\/www.netz-barrierefrei.de\/wordpress\/wp-json\/wp\/v2\/users\/1"}],"replies":[{"embeddable":true,"href":"https:\/\/www.netz-barrierefrei.de\/wordpress\/wp-json\/wp\/v2\/comments?post=9903"}],"version-history":[{"count":12,"href":"https:\/\/www.netz-barrierefrei.de\/wordpress\/wp-json\/wp\/v2\/pages\/9903\/revisions"}],"predecessor-version":[{"id":10740,"href":"https:\/\/www.netz-barrierefrei.de\/wordpress\/wp-json\/wp\/v2\/pages\/9903\/revisions\/10740"}],"up":[{"embeddable":true,"href":"https:\/\/www.netz-barrierefrei.de\/wordpress\/wp-json\/wp\/v2\/pages\/1450"}],"wp:attachment":[{"href":"https:\/\/www.netz-barrierefrei.de\/wordpress\/wp-json\/wp\/v2\/media?parent=9903"}],"curies":[{"name":"wp","href":"https:\/\/api.w.org\/{rel}","templated":true}]}}